{"id":1307,"date":"2019-08-16T09:17:14","date_gmt":"2019-08-16T09:17:14","guid":{"rendered":"https:\/\/biagiotti.qodeinteractive.com\/elementor\/?page_id=1307"},"modified":"2024-12-03T18:09:26","modified_gmt":"2024-12-04T00:09:26","slug":"politicas-de-venta","status":"publish","type":"page","link":"https:\/\/iselamendez.mx\/farmacia\/politicas-de-venta\/","title":{"rendered":"Pol\u00edticas de Venta"},"content":{"rendered":"\t\t<div data-elementor-type=\"wp-page\" data-elementor-id=\"1307\" class=\"elementor elementor-1307\" data-elementor-post-type=\"page\">\n\t\t\t\t\t\t<section class=\"elementor-section elementor-top-section elementor-element elementor-element-84067ca elementor-section-full_width elementor-section-height-default elementor-section-height-default\" data-id=\"84067ca\" data-element_type=\"section\" data-e-type=\"section\">\n\t\t\t\t\t\t<div class=\"elementor-container elementor-column-gap-default\">\n\t\t\t\t\t<div class=\"elementor-column elementor-col-100 elementor-top-column elementor-element elementor-element-50154b2\" data-id=\"50154b2\" data-element_type=\"column\" data-e-type=\"column\">\n\t\t\t<div class=\"elementor-widget-wrap\">\n\t\t\t\t\t\t\t<\/div>\n\t\t<\/div>\n\t\t\t\t\t<\/div>\n\t\t<\/section>\n\t\t\t\t<section class=\"elementor-section elementor-top-section elementor-element elementor-element-c93b11c elementor-section-boxed elementor-section-height-default elementor-section-height-default\" data-id=\"c93b11c\" data-element_type=\"section\" data-e-type=\"section\" data-settings=\"{&quot;background_background&quot;:&quot;classic&quot;}\">\n\t\t\t\t\t\t<div class=\"elementor-container elementor-column-gap-default\">\n\t\t\t\t\t<div class=\"elementor-column elementor-col-33 elementor-top-column elementor-element elementor-element-444d301\" data-id=\"444d301\" data-element_type=\"column\" data-e-type=\"column\">\n\t\t\t<div class=\"elementor-widget-wrap\">\n\t\t\t\t\t\t\t<\/div>\n\t\t<\/div>\n\t\t\t\t<div class=\"elementor-column elementor-col-33 elementor-top-column elementor-element elementor-element-a04cd25\" data-id=\"a04cd25\" data-element_type=\"column\" data-e-type=\"column\" data-settings=\"{&quot;background_background&quot;:&quot;classic&quot;}\">\n\t\t\t<div class=\"elementor-widget-wrap\">\n\t\t\t\t\t\t\t<\/div>\n\t\t<\/div>\n\t\t\t\t<div class=\"elementor-column elementor-col-33 elementor-top-column elementor-element elementor-element-3798bfa\" data-id=\"3798bfa\" data-element_type=\"column\" data-e-type=\"column\">\n\t\t\t<div class=\"elementor-widget-wrap\">\n\t\t\t\t\t\t\t<\/div>\n\t\t<\/div>\n\t\t\t\t\t<\/div>\n\t\t<\/section>\n\t\t\t\t<section class=\"elementor-section elementor-top-section elementor-element elementor-element-f9d2c81 elementor-section-boxed elementor-section-height-default elementor-section-height-default\" data-id=\"f9d2c81\" data-element_type=\"section\" data-e-type=\"section\">\n\t\t\t\t\t\t<div class=\"elementor-container elementor-column-gap-default\">\n\t\t\t\t\t<div class=\"elementor-column elementor-col-100 elementor-top-column elementor-element elementor-element-45adf08\" data-id=\"45adf08\" data-element_type=\"column\" data-e-type=\"column\">\n\t\t\t<div class=\"elementor-widget-wrap elementor-element-populated\">\n\t\t\t\t\t\t<div class=\"elementor-element elementor-element-19623f4 elementor-widget elementor-widget-text-editor\" data-id=\"19623f4\" data-element_type=\"widget\" data-e-type=\"widget\" data-widget_type=\"text-editor.default\">\n\t\t\t\t<div class=\"elementor-widget-container\">\n\t\t\t\t\t\t\t\t\t<p>Farmacia en L\u00ednea Isela M\u00e9ndez es una empresa que tiene como objetivo, misi\u00f3n y visi\u00f3n un gran sentido de honestidad y profesionalismo, lo que nos permite ofrecerle una gran variedad de productos dermo-cosm\u00e9ticos importados, 100% originales a los precios m\u00e1s bajos y con garant\u00eda de satisfacci\u00f3n. A continuaci\u00f3n presentamos a usted nuestras pol\u00edticas de compra:<\/p><ol><li><p>Productos<\/p><\/li><\/ol><p>Todos los productos son nuevos e importados, vienen en su empaque original, no han sido abiertos ni probados, son 100% originales y tienen garant\u00eda de satisfacci\u00f3n. Las caracter\u00edsticas de los productos pueden variar debido a cambios en la presentaci\u00f3n.<\/p><ol start=\"2\"><li><p>Precios<\/p><\/li><\/ol><p>Nuestros precios son de lista y pueden variar debido a la fluctuaci\u00f3n del d\u00f3lar, dichos cambios ser\u00e1n notificados con toda oportunidad a nuestros clientes a trav\u00e9s del sitio web. No manejamos precios de ninguna otra \u00edndole.<\/p><ol start=\"3\"><li><p>M\u00ednimos de compra<\/p><\/li><\/ol><p>No manejamos m\u00ednimo de compra, le podemos enviar desde una sola pieza.<\/p><ol start=\"4\"><li><p>Descuentos, obsequios y regalos.<\/p><\/li><\/ol><p>Existir\u00e1n durante el periodo anual natural diversos descuentos. Estos son aprovechables y aplicables de acuerdo a la vigencia de la misma. No son acumulables ni canjeable por otras promociones. De igual forma los productos promocionales o de regalo esta sujetos a existencia y pueden variar de la imagen mostrada en la promoci\u00f3n. Esto por temas de existencia y acuerdos con las marcas que propocionan dichos obsequios. Si desea saber que regalo se tienen disponible para la promoci\u00f3n lo puede consultar en nuestro numero de <strong>whatsapp<\/strong> <a href=\"https:\/\/wa.link\/9947f3\">55 1830 7780.<\/a><\/p><ol start=\"5\"><li><p>Formas de Pago<\/p><\/li><li><p>a) Dep\u00f3sito en efectivo.<\/p><\/li><li><p>b) Transferencia bancaria.<\/p><\/li><li><p>c) Pago electr\u00f3nico v\u00eda PayPal.<\/p><\/li><li><p>Notificaciones<\/p><\/li><\/ol><p>Para poder dar seguimiento a su pedido, solicitamos a usted la notificaci\u00f3n de su pago v\u00eda telef\u00f3nica y\/o envi\u00e1ndonos la ficha de dep\u00f3sito escaneada por correo electr\u00f3nico a <a href=\"mailto:tiendaenlinea@iselamendez.mx\">tiendaenlinea@iselamendez.mx<\/a><\/p><ol start=\"7\"><li><p>Disponibilidad de mercanc\u00edas.<\/p><\/li><\/ol><p>Los productos ofrecidos en nuestro sitio web se encuentran sujetos a disponibilidad.<\/p><ol start=\"8\"><li><p>Env\u00edos.<\/p><\/li><\/ol><p>Los env\u00edos son a cargo del cliente y ser\u00e1n realizados mediante la paqueter\u00eda disponible al momento de la compra, el costo del env\u00edo es proporcional al monto de su compra. Su mercanc\u00eda ser\u00e1 enviada siempre y cuando este saldado el total de su pedido, los pagos que sean efectuados antes de la 3pm ser\u00e1n enviados el mismo d\u00eda. Favor de revisar su paquete antes de firmar de recibido, no aceptarlo si \u00e9ste se encuentra alterado, abierto, roto, etc.,\u00a0<\/p>\t\t\t\t\t\t\t\t<\/div>\n\t\t\t\t<\/div>\n\t\t\t\t\t<\/div>\n\t\t<\/div>\n\t\t\t\t\t<\/div>\n\t\t<\/section>\n\t\t\t\t<section class=\"elementor-section elementor-top-section elementor-element elementor-element-7e35e6b elementor-section-full_width elementor-section-height-default elementor-section-height-default\" data-id=\"7e35e6b\" data-element_type=\"section\" data-e-type=\"section\" data-settings=\"{&quot;background_background&quot;:&quot;classic&quot;}\">\n\t\t\t\t\t\t<div class=\"elementor-container elementor-column-gap-no\">\n\t\t\t\t\t<div class=\"elementor-column elementor-col-20 elementor-top-column elementor-element elementor-element-be032ab\" data-id=\"be032ab\" data-element_type=\"column\" data-e-type=\"column\">\n\t\t\t<div class=\"elementor-widget-wrap\">\n\t\t\t\t\t\t\t<\/div>\n\t\t<\/div>\n\t\t\t\t<div class=\"elementor-column elementor-col-20 elementor-top-column elementor-element elementor-element-c8530c1\" data-id=\"c8530c1\" data-element_type=\"column\" data-e-type=\"column\">\n\t\t\t<div class=\"elementor-widget-wrap\">\n\t\t\t\t\t\t\t<\/div>\n\t\t<\/div>\n\t\t\t\t<div class=\"elementor-column elementor-col-20 elementor-top-column elementor-element elementor-element-0601dee\" data-id=\"0601dee\" data-element_type=\"column\" data-e-type=\"column\">\n\t\t\t<div class=\"elementor-widget-wrap\">\n\t\t\t\t\t\t\t<\/div>\n\t\t<\/div>\n\t\t\t\t<div class=\"elementor-column elementor-col-20 elementor-top-column elementor-element elementor-element-66c75b5\" data-id=\"66c75b5\" data-element_type=\"column\" data-e-type=\"column\">\n\t\t\t<div class=\"elementor-widget-wrap\">\n\t\t\t\t\t\t\t<\/div>\n\t\t<\/div>\n\t\t\t\t<div class=\"elementor-column elementor-col-20 elementor-top-column elementor-element elementor-element-b3be41a\" data-id=\"b3be41a\" data-element_type=\"column\" data-e-type=\"column\">\n\t\t\t<div class=\"elementor-widget-wrap\">\n\t\t\t\t\t\t\t<\/div>\n\t\t<\/div>\n\t\t\t\t\t<\/div>\n\t\t<\/section>\n\t\t\t\t<section class=\"elementor-section elementor-top-section elementor-element elementor-element-7a66d9d elementor-section-full_width elementor-section-height-default elementor-section-height-default\" data-id=\"7a66d9d\" data-element_type=\"section\" data-e-type=\"section\" data-settings=\"{&quot;background_background&quot;:&quot;classic&quot;}\">\n\t\t\t\t\t\t<div class=\"elementor-container elementor-column-gap-no\">\n\t\t\t\t\t<div class=\"elementor-column elementor-col-100 elementor-top-column elementor-element elementor-element-8fbd2b3\" data-id=\"8fbd2b3\" data-element_type=\"column\" data-e-type=\"column\">\n\t\t\t<div class=\"elementor-widget-wrap\">\n\t\t\t\t\t\t\t<\/div>\n\t\t<\/div>\n\t\t\t\t\t<\/div>\n\t\t<\/section>\n\t\t\t\t<\/div>\n\t\t","protected":false},"excerpt":{"rendered":"<p>Farmacia en Linea Isela Mendez Politicas de Venta Farmacia en L\u00ednea Isela M\u00e9ndez es una empresa que tiene como objetivo, misi\u00f3n y visi\u00f3n un gran sentido de honestidad y profesionalismo, lo que nos permite ofrecerle una gran variedad de productos [&hellip;]<\/p>\n","protected":false},"author":2,"featured_media":0,"parent":0,"menu_order":0,"comment_status":"closed","ping_status":"open","template":"full-width.php","meta":{"footnotes":""},"class_list":["post-1307","page","type-page","status-publish","hentry"],"aioseo_notices":[],"_links":{"self":[{"href":"https:\/\/iselamendez.mx\/farmacia\/wp-json\/wp\/v2\/pages\/1307","targetHints":{"allow":["GET"]}}],"collection":[{"href":"https:\/\/iselamendez.mx\/farmacia\/wp-json\/wp\/v2\/pages"}],"about":[{"href":"https:\/\/iselamendez.mx\/farmacia\/wp-json\/wp\/v2\/types\/page"}],"author":[{"embeddable":true,"href":"https:\/\/iselamendez.mx\/farmacia\/wp-json\/wp\/v2\/users\/2"}],"replies":[{"embeddable":true,"href":"https:\/\/iselamendez.mx\/farmacia\/wp-json\/wp\/v2\/comments?post=1307"}],"version-history":[{"count":3,"href":"https:\/\/iselamendez.mx\/farmacia\/wp-json\/wp\/v2\/pages\/1307\/revisions"}],"predecessor-version":[{"id":45212,"href":"https:\/\/iselamendez.mx\/farmacia\/wp-json\/wp\/v2\/pages\/1307\/revisions\/45212"}],"wp:attachment":[{"href":"https:\/\/iselamendez.mx\/farmacia\/wp-json\/wp\/v2\/media?parent=1307"}],"curies":[{"name":"wp","href":"https:\/\/api.w.org\/{rel}","templated":true}]}}