{"id":47227,"date":"2025-01-07T12:11:24","date_gmt":"2025-01-07T18:11:24","guid":{"rendered":"https:\/\/iselamendez.mx\/farmacia\/?page_id=47227"},"modified":"2025-01-07T12:17:49","modified_gmt":"2025-01-07T18:17:49","slug":"politicas-de-envios","status":"publish","type":"page","link":"https:\/\/iselamendez.mx\/farmacia\/politicas-de-envios\/","title":{"rendered":"Pol\u00edticas de tarifas de env\u00edo por paqueter\u00eda y tiempos de entrega"},"content":{"rendered":"\t\t<div data-elementor-type=\"wp-page\" data-elementor-id=\"47227\" class=\"elementor elementor-47227\" data-elementor-post-type=\"page\">\n\t\t\t\t\t\t<section class=\"elementor-section elementor-top-section elementor-element elementor-element-3b44b3dc elementor-section-full_width elementor-section-height-default elementor-section-height-default\" data-id=\"3b44b3dc\" data-element_type=\"section\" data-e-type=\"section\">\n\t\t\t\t\t\t<div class=\"elementor-container elementor-column-gap-default\">\n\t\t\t\t\t<div class=\"elementor-column elementor-col-100 elementor-top-column elementor-element elementor-element-6b82da11\" data-id=\"6b82da11\" data-element_type=\"column\" data-e-type=\"column\">\n\t\t\t<div class=\"elementor-widget-wrap\">\n\t\t\t\t\t\t\t<\/div>\n\t\t<\/div>\n\t\t\t\t\t<\/div>\n\t\t<\/section>\n\t\t\t\t<section class=\"elementor-section elementor-top-section elementor-element elementor-element-559e5517 elementor-section-boxed elementor-section-height-default elementor-section-height-default\" data-id=\"559e5517\" data-element_type=\"section\" data-e-type=\"section\" data-settings=\"{&quot;background_background&quot;:&quot;classic&quot;}\">\n\t\t\t\t\t\t<div class=\"elementor-container elementor-column-gap-default\">\n\t\t\t\t\t<div class=\"elementor-column elementor-col-33 elementor-top-column elementor-element elementor-element-73944a9a\" data-id=\"73944a9a\" data-element_type=\"column\" data-e-type=\"column\">\n\t\t\t<div class=\"elementor-widget-wrap\">\n\t\t\t\t\t\t\t<\/div>\n\t\t<\/div>\n\t\t\t\t<div class=\"elementor-column elementor-col-33 elementor-top-column elementor-element elementor-element-46924f62\" data-id=\"46924f62\" data-element_type=\"column\" data-e-type=\"column\" data-settings=\"{&quot;background_background&quot;:&quot;classic&quot;}\">\n\t\t\t<div class=\"elementor-widget-wrap\">\n\t\t\t\t\t\t\t<\/div>\n\t\t<\/div>\n\t\t\t\t<div class=\"elementor-column elementor-col-33 elementor-top-column elementor-element elementor-element-2f1dbe45\" data-id=\"2f1dbe45\" data-element_type=\"column\" data-e-type=\"column\">\n\t\t\t<div class=\"elementor-widget-wrap\">\n\t\t\t\t\t\t\t<\/div>\n\t\t<\/div>\n\t\t\t\t\t<\/div>\n\t\t<\/section>\n\t\t\t\t<section class=\"elementor-section elementor-top-section elementor-element elementor-element-3a56542 elementor-section-boxed elementor-section-height-default elementor-section-height-default\" data-id=\"3a56542\" data-element_type=\"section\" data-e-type=\"section\">\n\t\t\t\t\t\t<div class=\"elementor-container elementor-column-gap-default\">\n\t\t\t\t\t<div class=\"elementor-column elementor-col-100 elementor-top-column elementor-element elementor-element-698a55df\" data-id=\"698a55df\" data-element_type=\"column\" data-e-type=\"column\">\n\t\t\t<div class=\"elementor-widget-wrap elementor-element-populated\">\n\t\t\t\t\t\t<div class=\"elementor-element elementor-element-7dd088ae elementor-widget elementor-widget-text-editor\" data-id=\"7dd088ae\" data-element_type=\"widget\" data-e-type=\"widget\" data-widget_type=\"text-editor.default\">\n\t\t\t\t<div class=\"elementor-widget-container\">\n\t\t\t\t\t\t\t\t\t<p>Farmacia en L\u00ednea Isela M\u00e9ndez es una empresa que tiene como objetivo, misi\u00f3n y visi\u00f3n un gran sentido de honestidad y profesionalismo, lo que nos permite ofrecerle una gran variedad de productos dermo-cosm\u00e9ticos importados, 100% originales a los precios m\u00e1s bajos y con garant\u00eda de satisfacci\u00f3n. A continuaci\u00f3n presentamos a usted nuestras pol\u00edticas tarifas de env\u00edo por paqueter\u00eda y tiempos de entrega:<\/p>\t\t\t\t\t\t\t\t<\/div>\n\t\t\t\t<\/div>\n\t\t\t\t\t<\/div>\n\t\t<\/div>\n\t\t\t\t\t<\/div>\n\t\t<\/section>\n\t\t\t\t<section class=\"elementor-section elementor-top-section elementor-element elementor-element-24506ff elementor-section-boxed elementor-section-height-default elementor-section-height-default\" data-id=\"24506ff\" data-element_type=\"section\" data-e-type=\"section\">\n\t\t\t\t\t\t<div class=\"elementor-container elementor-column-gap-default\">\n\t\t\t\t\t<div class=\"elementor-column elementor-col-100 elementor-top-column elementor-element elementor-element-ab41762\" data-id=\"ab41762\" data-element_type=\"column\" data-e-type=\"column\">\n\t\t\t<div class=\"elementor-widget-wrap elementor-element-populated\">\n\t\t\t\t\t\t<div class=\"elementor-element elementor-element-092cff0 elementor-widget__width-inherit elementor-widget elementor-widget-text-editor\" data-id=\"092cff0\" data-element_type=\"widget\" data-e-type=\"widget\" data-widget_type=\"text-editor.default\">\n\t\t\t\t<div class=\"elementor-widget-container\">\n\t\t\t\t\t\t\t\t\t<h4>Pol\u00edticas de tarifas de env\u00edo por paqueter\u00eda y tiempos de entrega.<\/h4><p><strong>Costo de env\u00edo local $150<\/strong> <br \/>Tiempo de entrega, mismo d\u00eda si su pago es validado antes de las 2pm dentro de la CDMX y municipios detallados<\/p><p><strong>Costo de env\u00edo local express $200<\/strong><br \/>Tiempo de entrega , en menos de 2 horas dentro de la CDMX<\/p><p><strong>Costo de env\u00edo nacional $150<\/strong><br \/>Tiempo de entrega de 1-3 d\u00edas h\u00e1biles<\/p><p><strong>Costo de env\u00edo nacional express $500<\/strong><br \/>Tiempo de entrega 1 d\u00eda h\u00e1bil<\/p><h4>Condiciones:<\/h4><p>*Pedido validado requiere confirmar de parte de Boutique en L\u00ednea Isela M\u00e9ndez que el pago esta en firme en cualquier de nuestras plataformas o instituciones bancarias.<br \/>*Los datos de env\u00edo ser\u00e1n los indicados en el pedido. Si hay cambios de direcci\u00f3n de entrega se considera env\u00edo d\u00eda siguiente.<br \/>*Por cuestiones clim\u00e1ticas o situaciones ajenas a la ruta de entrega es probable que el tiempo de entrega se modifique.<br \/>*Entregas ya confirmadas que el cliente no pueda recibir e implique un segundo intento , tendr\u00e1 un costo de recuperaci\u00f3n de ruta. <br \/>*Se solicitar\u00e1 instrucciones y disponibilidad del cliente para su recepci\u00f3n. Si no se logra contacto con el cliente por Whatsapp o v\u00eda telef\u00f3nica no se proceder\u00e1 a la entrega.<\/p>\t\t\t\t\t\t\t\t<\/div>\n\t\t\t\t<\/div>\n\t\t\t\t\t<\/div>\n\t\t<\/div>\n\t\t\t\t\t<\/div>\n\t\t<\/section>\n\t\t\t\t<section class=\"elementor-section elementor-top-section elementor-element elementor-element-55cd73ba elementor-section-full_width elementor-section-height-default elementor-section-height-default\" data-id=\"55cd73ba\" data-element_type=\"section\" data-e-type=\"section\" data-settings=\"{&quot;background_background&quot;:&quot;classic&quot;}\">\n\t\t\t\t\t\t<div class=\"elementor-container elementor-column-gap-no\">\n\t\t\t\t\t<div class=\"elementor-column elementor-col-20 elementor-top-column elementor-element elementor-element-234cda45\" data-id=\"234cda45\" data-element_type=\"column\" data-e-type=\"column\">\n\t\t\t<div class=\"elementor-widget-wrap\">\n\t\t\t\t\t\t\t<\/div>\n\t\t<\/div>\n\t\t\t\t<div class=\"elementor-column elementor-col-20 elementor-top-column elementor-element elementor-element-35093f77\" data-id=\"35093f77\" data-element_type=\"column\" data-e-type=\"column\">\n\t\t\t<div class=\"elementor-widget-wrap\">\n\t\t\t\t\t\t\t<\/div>\n\t\t<\/div>\n\t\t\t\t<div class=\"elementor-column elementor-col-20 elementor-top-column elementor-element elementor-element-49952558\" data-id=\"49952558\" data-element_type=\"column\" data-e-type=\"column\">\n\t\t\t<div class=\"elementor-widget-wrap\">\n\t\t\t\t\t\t\t<\/div>\n\t\t<\/div>\n\t\t\t\t<div class=\"elementor-column elementor-col-20 elementor-top-column elementor-element elementor-element-1ae29181\" data-id=\"1ae29181\" data-element_type=\"column\" data-e-type=\"column\">\n\t\t\t<div class=\"elementor-widget-wrap\">\n\t\t\t\t\t\t\t<\/div>\n\t\t<\/div>\n\t\t\t\t<div class=\"elementor-column elementor-col-20 elementor-top-column elementor-element elementor-element-593bb5ce\" data-id=\"593bb5ce\" data-element_type=\"column\" data-e-type=\"column\">\n\t\t\t<div class=\"elementor-widget-wrap\">\n\t\t\t\t\t\t\t<\/div>\n\t\t<\/div>\n\t\t\t\t\t<\/div>\n\t\t<\/section>\n\t\t\t\t<\/div>\n\t\t","protected":false},"excerpt":{"rendered":"<p>Farmacia en Linea Isela Mendez Politicas de Envios Farmacia en L\u00ednea Isela M\u00e9ndez es una empresa que tiene como objetivo, misi\u00f3n y visi\u00f3n un gran sentido de honestidad y profesionalismo, lo que nos permite ofrecerle una gran variedad de productos [&hellip;]<\/p>\n","protected":false},"author":1304,"featured_media":0,"parent":0,"menu_order":0,"comment_status":"closed","ping_status":"closed","template":"","meta":{"footnotes":""},"class_list":["post-47227","page","type-page","status-publish","hentry"],"aioseo_notices":[],"_links":{"self":[{"href":"https:\/\/iselamendez.mx\/farmacia\/wp-json\/wp\/v2\/pages\/47227","targetHints":{"allow":["GET"]}}],"collection":[{"href":"https:\/\/iselamendez.mx\/farmacia\/wp-json\/wp\/v2\/pages"}],"about":[{"href":"https:\/\/iselamendez.mx\/farmacia\/wp-json\/wp\/v2\/types\/page"}],"author":[{"embeddable":true,"href":"https:\/\/iselamendez.mx\/farmacia\/wp-json\/wp\/v2\/users\/1304"}],"replies":[{"embeddable":true,"href":"https:\/\/iselamendez.mx\/farmacia\/wp-json\/wp\/v2\/comments?post=47227"}],"version-history":[{"count":4,"href":"https:\/\/iselamendez.mx\/farmacia\/wp-json\/wp\/v2\/pages\/47227\/revisions"}],"predecessor-version":[{"id":47232,"href":"https:\/\/iselamendez.mx\/farmacia\/wp-json\/wp\/v2\/pages\/47227\/revisions\/47232"}],"wp:attachment":[{"href":"https:\/\/iselamendez.mx\/farmacia\/wp-json\/wp\/v2\/media?parent=47227"}],"curies":[{"name":"wp","href":"https:\/\/api.w.org\/{rel}","templated":true}]}}