{"id":7034,"date":"2020-09-23T15:07:32","date_gmt":"2020-09-23T20:07:32","guid":{"rendered":"https:\/\/iselamendez.mx\/farmacia\/?page_id=7034"},"modified":"2025-07-01T14:47:40","modified_gmt":"2025-07-01T20:47:40","slug":"politicas-de-devolucion-y-rembolsos","status":"publish","type":"page","link":"https:\/\/iselamendez.mx\/farmacia\/politicas-de-devolucion-y-rembolsos\/","title":{"rendered":"Pol\u00edticas de Devoluci\u00f3n y rembolsos."},"content":{"rendered":"\t\t<div data-elementor-type=\"wp-page\" data-elementor-id=\"7034\" class=\"elementor elementor-7034\" data-elementor-post-type=\"page\">\n\t\t\t\t\t\t<section class=\"elementor-section elementor-top-section elementor-element elementor-element-2babc4a0 elementor-section-boxed elementor-section-height-default elementor-section-height-default\" data-id=\"2babc4a0\" data-element_type=\"section\" data-e-type=\"section\">\n\t\t\t\t\t\t<div class=\"elementor-container elementor-column-gap-default\">\n\t\t\t\t\t<div class=\"elementor-column elementor-col-100 elementor-top-column elementor-element elementor-element-15671be4\" data-id=\"15671be4\" data-element_type=\"column\" data-e-type=\"column\">\n\t\t\t<div class=\"elementor-widget-wrap elementor-element-populated\">\n\t\t\t\t\t\t<div class=\"elementor-element elementor-element-1cde1dbc elementor-widget elementor-widget-text-editor\" data-id=\"1cde1dbc\" data-element_type=\"widget\" data-e-type=\"widget\" data-widget_type=\"text-editor.default\">\n\t\t\t\t<div class=\"elementor-widget-container\">\n\t\t\t\t\t\t\t\t\t<p>\u00daltima actualizaci\u00f3n: 23 de Junio de 2025<\/p><p>Gracias por comprar en: Boutique en L\u00ednea Isela M\u00e9ndez.<\/p><p>Si, por cualquier motivo, no est\u00e1 completamente satisfecho con una compra, lo invitamos a revisar nuestra pol\u00edtica de reembolsos y devoluciones.\u00a0\u00a0.<\/p><p>Los siguientes t\u00e9rminos se aplican a cualquier producto que haya comprado con nosotros siempre y cuando comprueben con el ticket de compra. Pedido en l\u00ednea o alg\u00fan documento probatorio.<\/p>\t\t\t\t\t\t\t\t<\/div>\n\t\t\t\t<\/div>\n\t\t\t\t\t<\/div>\n\t\t<\/div>\n\t\t\t\t\t<\/div>\n\t\t<\/section>\n\t\t\t\t<section class=\"elementor-section elementor-top-section elementor-element elementor-element-da372e8 elementor-section-boxed elementor-section-height-default elementor-section-height-default\" data-id=\"da372e8\" data-element_type=\"section\" data-e-type=\"section\">\n\t\t\t\t\t\t<div class=\"elementor-container elementor-column-gap-default\">\n\t\t\t\t\t<div class=\"elementor-column elementor-col-100 elementor-top-column elementor-element elementor-element-54f78ff\" data-id=\"54f78ff\" data-element_type=\"column\" data-e-type=\"column\">\n\t\t\t<div class=\"elementor-widget-wrap elementor-element-populated\">\n\t\t\t\t\t\t<div class=\"elementor-element elementor-element-fa19d0e elementor-widget elementor-widget-text-editor\" data-id=\"fa19d0e\" data-element_type=\"widget\" data-e-type=\"widget\" data-widget_type=\"text-editor.default\">\n\t\t\t\t<div class=\"elementor-widget-container\">\n\t\t\t\t\t\t\t\t\t<h3>Interpretaci\u00f3n<strong> y<\/strong> definiciones<\/h3>\t\t\t\t\t\t\t\t<\/div>\n\t\t\t\t<\/div>\n\t\t\t\t<div class=\"elementor-element elementor-element-11066f7 elementor-widget elementor-widget-text-editor\" data-id=\"11066f7\" data-element_type=\"widget\" data-e-type=\"widget\" data-widget_type=\"text-editor.default\">\n\t\t\t\t<div class=\"elementor-widget-container\">\n\t\t\t\t\t\t\t\t\t<h3>Interpretaci\u00f3n<\/h3><p>Las palabras cuya letra inicial est\u00e1 en may\u00fascula tienen significados definidos en las siguientes condiciones.\u00a0Las siguientes definiciones tendr\u00e1n el mismo significado independientemente de que aparezcan en singular o en plural.<\/p>\t\t\t\t\t\t\t\t<\/div>\n\t\t\t\t<\/div>\n\t\t\t\t\t<\/div>\n\t\t<\/div>\n\t\t\t\t\t<\/div>\n\t\t<\/section>\n\t\t\t\t<section class=\"elementor-section elementor-top-section elementor-element elementor-element-4c00a45 elementor-section-boxed elementor-section-height-default elementor-section-height-default\" data-id=\"4c00a45\" data-element_type=\"section\" data-e-type=\"section\">\n\t\t\t\t\t\t<div class=\"elementor-container elementor-column-gap-default\">\n\t\t\t\t\t<div class=\"elementor-column elementor-col-100 elementor-top-column elementor-element elementor-element-8e01ea2\" data-id=\"8e01ea2\" data-element_type=\"column\" data-e-type=\"column\">\n\t\t\t<div class=\"elementor-widget-wrap elementor-element-populated\">\n\t\t\t\t\t\t<div class=\"elementor-element elementor-element-83af21c elementor-widget elementor-widget-text-editor\" data-id=\"83af21c\" data-element_type=\"widget\" data-e-type=\"widget\" data-widget_type=\"text-editor.default\">\n\t\t\t\t<div class=\"elementor-widget-container\">\n\t\t\t\t\t\t\t\t\t<h3>Definiciones<\/h3><p>A los efectos de esta Pol\u00edtica de devoluci\u00f3n y reembolso:<\/p><ul><li><strong>Empresa<\/strong>(denominada &#8220;la Empresa&#8221;, &#8220;Nosotros&#8221;, &#8220;Nos&#8221; o &#8220;Nuestro&#8221; en este Acuerdo) se refiere a Farmacia en L\u00ednea Isela M\u00e9ndez.<\/li><li><strong>Los bienes se<\/strong>refieren a los art\u00edculos que se ofrecen a la venta en el portal web iselamendez.mx\/farmacia.<\/li><li><strong>\u00d3rdenes<\/strong>significa una solicitud por su parte para comprar nuestros Productos.<\/li><li><strong>El servicio se<\/strong>refiere al sitio web.<\/li><li><strong>Website<\/strong>refiere a Farmacia en L\u00ednea Isela M\u00e9ndez, accesible desde la url:\u00a0<a href=\"https:\/\/www.privacypolicies.com\/live\/www.iselamendez.mx\/farmacia\">iselamendez.mx\/farmacia<\/a><\/li><li><strong>Usted<\/strong>significa la persona que accede o usa el Servicio y\/o producto, o la empresa u otra entidad legal en nombre de la cual dicha persona accede o usa el Servicio, seg\u00fan corresponda.<\/li><\/ul>\t\t\t\t\t\t\t\t<\/div>\n\t\t\t\t<\/div>\n\t\t\t\t\t<\/div>\n\t\t<\/div>\n\t\t\t\t\t<\/div>\n\t\t<\/section>\n\t\t\t\t<section class=\"elementor-section elementor-top-section elementor-element elementor-element-11edda3d elementor-section-boxed elementor-section-height-default elementor-section-height-default\" data-id=\"11edda3d\" data-element_type=\"section\" data-e-type=\"section\">\n\t\t\t\t\t\t<div class=\"elementor-container elementor-column-gap-default\">\n\t\t\t\t\t<div class=\"elementor-column elementor-col-100 elementor-top-column elementor-element elementor-element-571b684d\" data-id=\"571b684d\" data-element_type=\"column\" data-e-type=\"column\">\n\t\t\t<div class=\"elementor-widget-wrap elementor-element-populated\">\n\t\t\t\t\t\t<div class=\"elementor-element elementor-element-586584cd elementor-widget elementor-widget-text-editor\" data-id=\"586584cd\" data-element_type=\"widget\" data-e-type=\"widget\" data-widget_type=\"text-editor.default\">\n\t\t\t\t<div class=\"elementor-widget-container\">\n\t\t\t\t\t\t\t\t\t<h3>Sus derechos sobre cancelaci\u00f3n de pedidos<\/h3>\t\t\t\t\t\t\t\t<\/div>\n\t\t\t\t<\/div>\n\t\t\t\t<div class=\"elementor-element elementor-element-3c810cc8 elementor-widget elementor-widget-text-editor\" data-id=\"3c810cc8\" data-element_type=\"widget\" data-e-type=\"widget\" data-widget_type=\"text-editor.default\">\n\t\t\t\t<div class=\"elementor-widget-container\">\n\t\t\t\t\t\t\t\t\t<p>Tiene derecho a cancelar su pedido en un plazo de 3 d\u00edas sin dar ninguna raz\u00f3n para hacerlo.<\/p><p>El plazo para cancelar un Pedido es de 3 d\u00edas a partir de la fecha en que recibi\u00f3 los Bienes o en el que un tercero que haya designado, que no es el transportista, toma posesi\u00f3n del producto entregado.<\/p><p>Para ejercer su derecho de cancelaci\u00f3n, debe informarnos de su decisi\u00f3n mediante una declaraci\u00f3n clara.\u00a0Puede informarnos de su decisi\u00f3n mediante:<\/p><ul><li>Por correo electr\u00f3nico:\u00a0tiendaenlinea@iselamendez.mx<\/li><li>Por tel\u00e9fono: 55 7965 2188<\/li><\/ul><p>Le reembolsaremos a m\u00e1s tardar 30 d\u00edas a partir del d\u00eda en que recibamos los Productos devueltos.\u00a0Utilizaremos el mismo medio de pago que utiliz\u00f3 para el Pedido y no incurrir\u00e1 en ning\u00fan cargo por dicho reembolso.<\/p>\t\t\t\t\t\t\t\t<\/div>\n\t\t\t\t<\/div>\n\t\t\t\t\t<\/div>\n\t\t<\/div>\n\t\t\t\t\t<\/div>\n\t\t<\/section>\n\t\t\t\t<section class=\"elementor-section elementor-top-section elementor-element elementor-element-60c0e71a elementor-section-boxed elementor-section-height-default elementor-section-height-default\" data-id=\"60c0e71a\" data-element_type=\"section\" data-e-type=\"section\">\n\t\t\t\t\t\t<div class=\"elementor-container elementor-column-gap-default\">\n\t\t\t\t\t<div class=\"elementor-column elementor-col-100 elementor-top-column elementor-element elementor-element-4970268c\" data-id=\"4970268c\" data-element_type=\"column\" data-e-type=\"column\">\n\t\t\t<div class=\"elementor-widget-wrap elementor-element-populated\">\n\t\t\t\t\t\t<div class=\"elementor-element elementor-element-6bee93a elementor-widget elementor-widget-text-editor\" data-id=\"6bee93a\" data-element_type=\"widget\" data-e-type=\"widget\" data-widget_type=\"text-editor.default\">\n\t\t\t\t<div class=\"elementor-widget-container\">\n\t\t\t\t\t\t\t\t\t<h3>Condiciones para devoluciones<\/h3>\t\t\t\t\t\t\t\t<\/div>\n\t\t\t\t<\/div>\n\t\t\t\t<div class=\"elementor-element elementor-element-663fc8c6 elementor-widget elementor-widget-text-editor\" data-id=\"663fc8c6\" data-element_type=\"widget\" data-e-type=\"widget\" data-widget_type=\"text-editor.default\">\n\t\t\t\t<div class=\"elementor-widget-container\">\n\t\t\t\t\t\t\t\t\t<p>Para que los Productos sean elegibles para una devoluci\u00f3n, aseg\u00farese de que:<\/p><ul><li>Los Bienes fueron comprados en los \u00faltimos 3 d\u00edas<\/li><li>Los productos est\u00e1n en el embalaje original. No presentar violaci\u00f3n de sellos original y de la marca.<\/li><\/ul><p>Los siguientes productos no se pueden devolver:<\/p><ul><li>El suministro de Bienes confeccionados seg\u00fan Sus especificaciones o claramente personalizados.<\/li><li>El suministro de Bienes que por su naturaleza no sean aptos para ser devueltos, se deterioren r\u00e1pidamente o cuando la fecha de caducidad haya terminado.<\/li><li>El suministro de Bienes que no son aptos para devoluci\u00f3n por razones de protecci\u00f3n de la salud o higiene y que fueron abiertos despu\u00e9s de la entrega.<\/li><li>El suministro de Bienes que, despu\u00e9s de la entrega, seg\u00fan su naturaleza, se mezclan inseparablemente con otros art\u00edculos.<\/li><\/ul><p>Nos reservamos el derecho de rechazar devoluciones de cualquier mercanc\u00eda que no cumpla con las condiciones de devoluci\u00f3n anteriores a nuestro exclusivo criterio.<\/p>\t\t\t\t\t\t\t\t<\/div>\n\t\t\t\t<\/div>\n\t\t\t\t\t<\/div>\n\t\t<\/div>\n\t\t\t\t\t<\/div>\n\t\t<\/section>\n\t\t\t\t<section class=\"elementor-section elementor-top-section elementor-element elementor-element-604f99eb elementor-section-boxed elementor-section-height-default elementor-section-height-default\" data-id=\"604f99eb\" data-element_type=\"section\" data-e-type=\"section\">\n\t\t\t\t\t\t<div class=\"elementor-container elementor-column-gap-default\">\n\t\t\t\t\t<div class=\"elementor-column elementor-col-100 elementor-top-column elementor-element elementor-element-243113a3\" data-id=\"243113a3\" data-element_type=\"column\" data-e-type=\"column\">\n\t\t\t<div class=\"elementor-widget-wrap elementor-element-populated\">\n\t\t\t\t\t\t<div class=\"elementor-element elementor-element-71e882bf elementor-widget elementor-widget-text-editor\" data-id=\"71e882bf\" data-element_type=\"widget\" data-e-type=\"widget\" data-widget_type=\"text-editor.default\">\n\t\t\t\t<div class=\"elementor-widget-container\">\n\t\t\t\t\t\t\t\t\t<h3>Bienes Devueltos<\/h3>\t\t\t\t\t\t\t\t<\/div>\n\t\t\t\t<\/div>\n\t\t\t\t<div class=\"elementor-element elementor-element-47f66fac elementor-widget elementor-widget-text-editor\" data-id=\"47f66fac\" data-element_type=\"widget\" data-e-type=\"widget\" data-widget_type=\"text-editor.default\">\n\t\t\t\t<div class=\"elementor-widget-container\">\n\t\t\t\t\t\t\t\t\t<p>Usted es responsable del costo y riesgo de devolvernos los Productos.\u00a0Debe enviar los Productos a la siguiente direcci\u00f3n:<\/p><p>Plinio 118 Col. Polanco Del. Miguel Hidalgo Cp. 11560 Ciudad de M\u00e9xico, M\u00e9xico.<\/p><p>No nos hacemos responsables de los bienes da\u00f1ados o perdidos en el env\u00edo de devoluci\u00f3n.\u00a0Por lo tanto, recomendamos un servicio de correo asegurado y rastreable.\u00a0No podemos emitir un reembolso sin la recepci\u00f3n real de los Productos o prueba de la devoluci\u00f3n recibida.<\/p>\t\t\t\t\t\t\t\t<\/div>\n\t\t\t\t<\/div>\n\t\t\t\t\t<\/div>\n\t\t<\/div>\n\t\t\t\t\t<\/div>\n\t\t<\/section>\n\t\t\t\t<section class=\"elementor-section elementor-top-section elementor-element elementor-element-56354a1 elementor-section-boxed elementor-section-height-default elementor-section-height-default\" data-id=\"56354a1\" data-element_type=\"section\" data-e-type=\"section\">\n\t\t\t\t\t\t<div class=\"elementor-container elementor-column-gap-default\">\n\t\t\t\t\t<div class=\"elementor-column elementor-col-100 elementor-top-column elementor-element elementor-element-5214474\" data-id=\"5214474\" data-element_type=\"column\" data-e-type=\"column\">\n\t\t\t<div class=\"elementor-widget-wrap elementor-element-populated\">\n\t\t\t\t\t\t<div class=\"elementor-element elementor-element-321be86 elementor-widget elementor-widget-text-editor\" data-id=\"321be86\" data-element_type=\"widget\" data-e-type=\"widget\" data-widget_type=\"text-editor.default\">\n\t\t\t\t<div class=\"elementor-widget-container\">\n\t\t\t\t\t\t\t\t\t<h3>Regalos<\/h3>\t\t\t\t\t\t\t\t<\/div>\n\t\t\t\t<\/div>\n\t\t\t\t<div class=\"elementor-element elementor-element-73d0e62 elementor-widget elementor-widget-text-editor\" data-id=\"73d0e62\" data-element_type=\"widget\" data-e-type=\"widget\" data-widget_type=\"text-editor.default\">\n\t\t\t\t<div class=\"elementor-widget-container\">\n\t\t\t\t\t\t\t\t\t<p>Si los Productos se marcaron como regalo cuando los compr\u00f3 y luego se los enviaron directamente, recibir\u00e1 un cr\u00e9dito de regalo por el valor de su devoluci\u00f3n.\u00a0Una vez que se reciba el producto devuelto, se le enviar\u00e1 por correo un certificado de regalo.<\/p><p>Si los Productos no se marcaron como un regalo cuando se compraron, o si el obsequio se envi\u00f3 el Pedido para entreg\u00e1rselo a Usted m\u00e1s tarde, le enviaremos el reembolso al obsequio.<\/p>\t\t\t\t\t\t\t\t<\/div>\n\t\t\t\t<\/div>\n\t\t\t\t\t<\/div>\n\t\t<\/div>\n\t\t\t\t\t<\/div>\n\t\t<\/section>\n\t\t\t\t<section class=\"elementor-section elementor-top-section elementor-element elementor-element-48e4109 elementor-section-boxed elementor-section-height-default elementor-section-height-default\" data-id=\"48e4109\" data-element_type=\"section\" data-e-type=\"section\">\n\t\t\t\t\t\t<div class=\"elementor-container elementor-column-gap-default\">\n\t\t\t\t\t<div class=\"elementor-column elementor-col-100 elementor-top-column elementor-element elementor-element-1db8425\" data-id=\"1db8425\" data-element_type=\"column\" data-e-type=\"column\">\n\t\t\t<div class=\"elementor-widget-wrap elementor-element-populated\">\n\t\t\t\t\t\t<div class=\"elementor-element elementor-element-acde1bf elementor-widget elementor-widget-text-editor\" data-id=\"acde1bf\" data-element_type=\"widget\" data-e-type=\"widget\" data-widget_type=\"text-editor.default\">\n\t\t\t\t<div class=\"elementor-widget-container\">\n\t\t\t\t\t\t\t\t\t<h3>M\u00e9todos de pago<\/h3>\t\t\t\t\t\t\t\t<\/div>\n\t\t\t\t<\/div>\n\t\t\t\t<div class=\"elementor-element elementor-element-6416dfa elementor-widget elementor-widget-text-editor\" data-id=\"6416dfa\" data-element_type=\"widget\" data-e-type=\"widget\" data-widget_type=\"text-editor.default\">\n\t\t\t\t<div class=\"elementor-widget-container\">\n\t\t\t\t\t\t\t\t\t<p data-start=\"21\" data-end=\"149\">Para su comodidad y seguridad, en Boutique en L\u00ednea <strong data-start=\"73\" data-end=\"89\">Isela M\u00e9ndez<\/strong> ofrecemos diversas opciones de pago al finalizar su compra:<\/p><ul data-start=\"151\" data-end=\"1353\"><li data-start=\"151\" data-end=\"230\"><p data-start=\"153\" data-end=\"230\"><strong data-start=\"153\" data-end=\"163\">PayPal<\/strong>: Pague de forma r\u00e1pida y segura con su cuenta PayPal registrada.<\/p><\/li><li data-start=\"231\" data-end=\"439\"><p data-start=\"233\" data-end=\"439\"><strong data-start=\"233\" data-end=\"271\">PayPal (Tarjeta de Cr\u00e9dito\/D\u00e9bito)<\/strong>: Si lo prefiere, puede procesar el pago con cualquier tarjeta de cr\u00e9dito o d\u00e9bito a trav\u00e9s de la pasarela de PayPal, sin necesidad de tener una cuenta PayPal activa.<\/p><\/li><li data-start=\"440\" data-end=\"614\"><p data-start=\"442\" data-end=\"614\"><strong data-start=\"442\" data-end=\"458\">Mercado Pago<\/strong>: Utilice su cuenta de Mercado Pago para cobrar puntos de recompensa, cuotas o descuentos exclusivos, con la garant\u00eda de la plataforma l\u00edder en la regi\u00f3n.<\/p><\/li><li data-start=\"615\" data-end=\"850\"><p data-start=\"617\" data-end=\"850\"><strong data-start=\"617\" data-end=\"656\">Mercado Pago (M\u00e9todo a su elecci\u00f3n)<\/strong>: Adem\u00e1s de su cuenta, Mercado Pago permite pagar con tarjetas de cr\u00e9dito o d\u00e9bito, OXXO Pay, Pago en tiendas de conveniencia y otras alternativas que seleccione directamente en la plataforma.<\/p><\/li><li data-start=\"851\" data-end=\"1168\"><p data-start=\"853\" data-end=\"1168\"><strong data-start=\"853\" data-end=\"887\">Transferencia Bancaria Directa<\/strong>: Realice un dep\u00f3sito o transferencia desde cualquier instituci\u00f3n bancaria a nuestra cuenta de BBVA. Los datos de la cuenta se le proporcionar\u00e1n al confirmar su orden; su pedido se despachar\u00e1 una vez acreditado el pago (favor de enviar comprobante a <a class=\"cursor-pointer\" rel=\"noopener\" data-start=\"1137\" data-end=\"1164\">contabilidad@iselamendez.mx<\/a>).<\/p><\/li><li data-start=\"1169\" data-end=\"1353\"><p data-start=\"1171\" data-end=\"1353\"><strong data-start=\"1171\" data-end=\"1190\">Openpay (BBVA)<\/strong>: Pague con tarjetas de d\u00e9bito, cr\u00e9dito o SPEI a trav\u00e9s de Openpay, la soluci\u00f3n de BBVA para cobros en l\u00ednea con altos est\u00e1ndares de seguridad y facilidad de uso.<\/p><\/li><\/ul><blockquote data-start=\"1355\" data-end=\"1693\" data-is-last-node=\"\" data-is-only-node=\"\"><p data-start=\"1357\" data-end=\"1693\" data-is-last-node=\"\"><strong data-start=\"1357\" data-end=\"1372\">Importante:<\/strong> Todos los pagos se realizan en moneda nacional (MXN). En caso de requerir factura, aseg\u00farese de capturar correctamente sus datos fiscales antes de completar su compra. Una vez autorizado el m\u00e9todo de pago, su pedido pasar\u00e1 al proceso de validaci\u00f3n y env\u00edo conforme a nuestras Pol\u00edticas de Env\u00edo, Devoluci\u00f3n y Reembolsos.<\/p><\/blockquote>\t\t\t\t\t\t\t\t<\/div>\n\t\t\t\t<\/div>\n\t\t\t\t\t<\/div>\n\t\t<\/div>\n\t\t\t\t\t<\/div>\n\t\t<\/section>\n\t\t\t\t<section class=\"elementor-section elementor-top-section elementor-element elementor-element-4d39178 elementor-section-boxed elementor-section-height-default elementor-section-height-default\" data-id=\"4d39178\" data-element_type=\"section\" data-e-type=\"section\">\n\t\t\t\t\t\t<div class=\"elementor-container elementor-column-gap-default\">\n\t\t\t\t\t<div class=\"elementor-column elementor-col-100 elementor-top-column elementor-element elementor-element-59e24d9\" data-id=\"59e24d9\" data-element_type=\"column\" data-e-type=\"column\">\n\t\t\t<div class=\"elementor-widget-wrap elementor-element-populated\">\n\t\t\t\t\t\t<div class=\"elementor-element elementor-element-00ba482 elementor-widget elementor-widget-text-editor\" data-id=\"00ba482\" data-element_type=\"widget\" data-e-type=\"widget\" data-widget_type=\"text-editor.default\">\n\t\t\t\t<div class=\"elementor-widget-container\">\n\t\t\t\t\t\t\t\t\t<h3>Cont\u00e1ctenos<\/h3>\t\t\t\t\t\t\t\t<\/div>\n\t\t\t\t<\/div>\n\t\t\t\t<div class=\"elementor-element elementor-element-a0d40bf elementor-widget elementor-widget-text-editor\" data-id=\"a0d40bf\" data-element_type=\"widget\" data-e-type=\"widget\" data-widget_type=\"text-editor.default\">\n\t\t\t\t<div class=\"elementor-widget-container\">\n\t\t\t\t\t\t\t\t\t<p>Si tiene alguna pregunta sobre nuestra Pol\u00edtica de devoluciones y reembolsos, comun\u00edquese con nosotros:<\/p><ul><li>Por correo electr\u00f3nico:\u00a0tiendaenlinea@iselamendez.mx<\/li><li>Por tel\u00e9fono: 55 7965 2188<\/li><\/ul>\t\t\t\t\t\t\t\t<\/div>\n\t\t\t\t<\/div>\n\t\t\t\t\t<\/div>\n\t\t<\/div>\n\t\t\t\t\t<\/div>\n\t\t<\/section>\n\t\t\t\t<section class=\"elementor-section elementor-top-section elementor-element elementor-element-370cd92 elementor-section-boxed elementor-section-height-default elementor-section-height-default\" data-id=\"370cd92\" data-element_type=\"section\" data-e-type=\"section\">\n\t\t\t\t\t\t<div class=\"elementor-container elementor-column-gap-default\">\n\t\t\t\t\t<div class=\"elementor-column elementor-col-100 elementor-top-column elementor-element elementor-element-133e650\" data-id=\"133e650\" data-element_type=\"column\" data-e-type=\"column\">\n\t\t\t<div class=\"elementor-widget-wrap elementor-element-populated\">\n\t\t\t\t\t\t<div class=\"elementor-element elementor-element-54255ae elementor-button-align-stretch elementor-widget elementor-widget-form\" data-id=\"54255ae\" data-element_type=\"widget\" data-e-type=\"widget\" data-settings=\"{&quot;step_next_label&quot;:&quot;Next&quot;,&quot;step_previous_label&quot;:&quot;Previous&quot;,&quot;button_width&quot;:&quot;100&quot;,&quot;step_type&quot;:&quot;number_text&quot;,&quot;step_icon_shape&quot;:&quot;circle&quot;}\" data-widget_type=\"form.default\">\n\t\t\t\t<div class=\"elementor-widget-container\">\n\t\t\t\t\t\t\t<form class=\"elementor-form\" method=\"post\" name=\"New Form\" aria-label=\"New Form\">\n\t\t\t<input type=\"hidden\" name=\"post_id\" value=\"7034\"\/>\n\t\t\t<input type=\"hidden\" name=\"form_id\" value=\"54255ae\"\/>\n\t\t\t<input type=\"hidden\" name=\"referer_title\" value=\"Pol\u00edticas de Devoluci\u00f3n y rembolsos.\" \/>\n\n\t\t\t\t\t\t\t<input type=\"hidden\" name=\"queried_id\" value=\"7034\"\/>\n\t\t\t\n\t\t\t<div class=\"elementor-form-fields-wrapper elementor-labels-above\">\n\t\t\t\t\t\t\t\t<div class=\"elementor-field-type-text elementor-field-group elementor-column elementor-field-group-name elementor-col-100 elementor-field-required elementor-mark-required\">\n\t\t\t\t\t\t\t\t\t\t\t\t<label for=\"form-field-name\" class=\"elementor-field-label\">\n\t\t\t\t\t\t\t\tNombre\t\t\t\t\t\t\t<\/label>\n\t\t\t\t\t\t\t\t\t\t\t\t\t\t<input size=\"1\" type=\"text\" name=\"form_fields[name]\" id=\"form-field-name\" class=\"elementor-field elementor-size-md  elementor-field-textual\" placeholder=\"Nombre completo\" required=\"required\">\n\t\t\t\t\t\t\t\t\t\t\t<\/div>\n\t\t\t\t\t\t\t\t<div class=\"elementor-field-type-email elementor-field-group elementor-column elementor-field-group-email elementor-col-100 elementor-field-required elementor-mark-required\">\n\t\t\t\t\t\t\t\t\t\t\t\t<label for=\"form-field-email\" class=\"elementor-field-label\">\n\t\t\t\t\t\t\t\tEmail\t\t\t\t\t\t\t<\/label>\n\t\t\t\t\t\t\t\t\t\t\t\t\t\t<input size=\"1\" type=\"email\" name=\"form_fields[email]\" id=\"form-field-email\" class=\"elementor-field elementor-size-md  elementor-field-textual\" placeholder=\"Email\" required=\"required\">\n\t\t\t\t\t\t\t\t\t\t\t<\/div>\n\t\t\t\t\t\t\t\t<div class=\"elementor-field-type-textarea elementor-field-group elementor-column elementor-field-group-message elementor-col-100 elementor-field-required elementor-mark-required\">\n\t\t\t\t\t\t\t\t\t\t\t\t<label for=\"form-field-message\" class=\"elementor-field-label\">\n\t\t\t\t\t\t\t\tMensaje\t\t\t\t\t\t\t<\/label>\n\t\t\t\t\t\t<textarea class=\"elementor-field-textual elementor-field  elementor-size-md\" name=\"form_fields[message]\" id=\"form-field-message\" rows=\"4\" placeholder=\"Su mensaje aqu\u00ed\" required=\"required\"><\/textarea>\t\t\t\t<\/div>\n\t\t\t\t\t\t\t\t<div class=\"elementor-field-group elementor-column elementor-field-type-submit elementor-col-100 e-form__buttons\">\n\t\t\t\t\t<button class=\"elementor-button elementor-size-md\" type=\"submit\">\n\t\t\t\t\t\t<span class=\"elementor-button-content-wrapper\">\n\t\t\t\t\t\t\t\t\t\t\t\t\t\t\t\t\t\t\t\t\t\t<span class=\"elementor-button-text\">Enviar<\/span>\n\t\t\t\t\t\t\t\t\t\t\t\t\t<\/span>\n\t\t\t\t\t<\/button>\n\t\t\t\t<\/div>\n\t\t\t<\/div>\n\t\t<\/form>\n\t\t\t\t\t\t<\/div>\n\t\t\t\t<\/div>\n\t\t\t\t\t<\/div>\n\t\t<\/div>\n\t\t\t\t\t<\/div>\n\t\t<\/section>\n\t\t\t\t<section class=\"elementor-section elementor-top-section elementor-element elementor-element-ed79425 elementor-section-boxed elementor-section-height-default elementor-section-height-default\" data-id=\"ed79425\" data-element_type=\"section\" data-e-type=\"section\">\n\t\t\t\t\t\t<div class=\"elementor-container elementor-column-gap-default\">\n\t\t\t\t\t<div class=\"elementor-column elementor-col-100 elementor-top-column elementor-element elementor-element-d675b8c\" data-id=\"d675b8c\" data-element_type=\"column\" data-e-type=\"column\">\n\t\t\t<div class=\"elementor-widget-wrap\">\n\t\t\t\t\t\t\t<\/div>\n\t\t<\/div>\n\t\t\t\t\t<\/div>\n\t\t<\/section>\n\t\t\t\t<\/div>\n\t\t","protected":false},"excerpt":{"rendered":"<p>\u00daltima actualizaci\u00f3n: 23 de Junio de 2025 Gracias por comprar en: Boutique en L\u00ednea Isela M\u00e9ndez. Si, por cualquier motivo, no est\u00e1 completamente satisfecho con una compra, lo invitamos a revisar nuestra pol\u00edtica de reembolsos y devoluciones.\u00a0\u00a0. Los siguientes t\u00e9rminos [&hellip;]<\/p>\n","protected":false},"author":2,"featured_media":0,"parent":0,"menu_order":0,"comment_status":"closed","ping_status":"open","template":"","meta":{"footnotes":""},"class_list":["post-7034","page","type-page","status-publish","hentry"],"aioseo_notices":[],"_links":{"self":[{"href":"https:\/\/iselamendez.mx\/farmacia\/wp-json\/wp\/v2\/pages\/7034","targetHints":{"allow":["GET"]}}],"collection":[{"href":"https:\/\/iselamendez.mx\/farmacia\/wp-json\/wp\/v2\/pages"}],"about":[{"href":"https:\/\/iselamendez.mx\/farmacia\/wp-json\/wp\/v2\/types\/page"}],"author":[{"embeddable":true,"href":"https:\/\/iselamendez.mx\/farmacia\/wp-json\/wp\/v2\/users\/2"}],"replies":[{"embeddable":true,"href":"https:\/\/iselamendez.mx\/farmacia\/wp-json\/wp\/v2\/comments?post=7034"}],"version-history":[{"count":15,"href":"https:\/\/iselamendez.mx\/farmacia\/wp-json\/wp\/v2\/pages\/7034\/revisions"}],"predecessor-version":[{"id":57555,"href":"https:\/\/iselamendez.mx\/farmacia\/wp-json\/wp\/v2\/pages\/7034\/revisions\/57555"}],"wp:attachment":[{"href":"https:\/\/iselamendez.mx\/farmacia\/wp-json\/wp\/v2\/media?parent=7034"}],"curies":[{"name":"wp","href":"https:\/\/api.w.org\/{rel}","templated":true}]}}