{"id":806,"date":"2019-08-12T11:10:55","date_gmt":"2019-08-12T11:10:55","guid":{"rendered":"https:\/\/biagiotti.qodeinteractive.com\/elementor\/?page_id=806"},"modified":"2025-01-07T12:40:05","modified_gmt":"2025-01-07T18:40:05","slug":"faq-page","status":"publish","type":"page","link":"https:\/\/iselamendez.mx\/farmacia\/faq-page\/","title":{"rendered":"Preguntas Frecuentes"},"content":{"rendered":"\t\t<div data-elementor-type=\"wp-page\" data-elementor-id=\"806\" class=\"elementor elementor-806\" data-elementor-post-type=\"page\">\n\t\t\t\t\t\t<section class=\"elementor-section elementor-top-section elementor-element elementor-element-5ea0900 elementor-section-boxed elementor-section-height-default elementor-section-height-default\" data-id=\"5ea0900\" data-element_type=\"section\" data-e-type=\"section\">\n\t\t\t\t\t\t<div class=\"elementor-container elementor-column-gap-default\">\n\t\t\t\t\t<div class=\"elementor-column elementor-col-100 elementor-top-column elementor-element elementor-element-fc3e01e\" data-id=\"fc3e01e\" data-element_type=\"column\" data-e-type=\"column\">\n\t\t\t<div class=\"elementor-widget-wrap elementor-element-populated\">\n\t\t\t\t\t\t<div class=\"elementor-element elementor-element-427ad1c elementor-widget elementor-widget-text-editor\" data-id=\"427ad1c\" data-element_type=\"widget\" data-e-type=\"widget\" data-widget_type=\"text-editor.default\">\n\t\t\t\t<div class=\"elementor-widget-container\">\n\t\t\t\t\t\t\t\t\t<h3>\u00bfCu\u00e1les son los m\u00e9todos de pago?<\/h3>\t\t\t\t\t\t\t\t<\/div>\n\t\t\t\t<\/div>\n\t\t\t\t<div class=\"elementor-element elementor-element-ff08d28 elementor-widget elementor-widget-text-editor\" data-id=\"ff08d28\" data-element_type=\"widget\" data-e-type=\"widget\" data-widget_type=\"text-editor.default\">\n\t\t\t\t<div class=\"elementor-widget-container\">\n\t\t\t\t\t\t\t\t\t <h5>Contamos con diferentes m\u00e9todos de pagos; Tarjetas de Cr\u00e9dito\/Debito, Transferencia Interbancaria, Pagos por PayPal, Pagos con Mercado pago y Pagos en OXXO.\t\t\t\t\t\t\t\t<\/div>\n\t\t\t\t<\/div>\n\t\t\t\t<div class=\"elementor-element elementor-element-dadaaf2 elementor-widget elementor-widget-spacer\" data-id=\"dadaaf2\" data-element_type=\"widget\" data-e-type=\"widget\" data-widget_type=\"spacer.default\">\n\t\t\t\t<div class=\"elementor-widget-container\">\n\t\t\t\t\t\t\t<div class=\"elementor-spacer\">\n\t\t\t<div class=\"elementor-spacer-inner\"><\/div>\n\t\t<\/div>\n\t\t\t\t\t\t<\/div>\n\t\t\t\t<\/div>\n\t\t\t\t\t<\/div>\n\t\t<\/div>\n\t\t\t\t\t<\/div>\n\t\t<\/section>\n\t\t\t\t<section class=\"elementor-section elementor-top-section elementor-element elementor-element-358b4a8 elementor-section-boxed elementor-section-height-default elementor-section-height-default\" data-id=\"358b4a8\" data-element_type=\"section\" data-e-type=\"section\">\n\t\t\t\t\t\t<div class=\"elementor-container elementor-column-gap-default\">\n\t\t\t\t\t<div class=\"elementor-column elementor-col-20 elementor-top-column elementor-element elementor-element-cbce56f\" data-id=\"cbce56f\" data-element_type=\"column\" data-e-type=\"column\">\n\t\t\t<div class=\"elementor-widget-wrap elementor-element-populated\">\n\t\t\t\t\t\t<div class=\"elementor-element elementor-element-f18d28f elementor-widget elementor-widget-image\" data-id=\"f18d28f\" data-element_type=\"widget\" data-e-type=\"widget\" data-widget_type=\"image.default\">\n\t\t\t\t<div class=\"elementor-widget-container\">\n\t\t\t\t\t\t\t\t\t\t\t\t\t\t\t<img fetchpriority=\"high\" decoding=\"async\" width=\"1024\" height=\"1024\" src=\"https:\/\/iselamendez.mx\/farmacia\/wp-content\/uploads\/2021\/03\/PAGO-CON-TARJETA-1024x1024.png\" class=\"attachment-large size-large wp-image-9876 not-transparent\" alt=\"\" srcset=\"https:\/\/iselamendez.mx\/farmacia\/wp-content\/uploads\/2021\/03\/PAGO-CON-TARJETA-png.webp 1024w, https:\/\/iselamendez.mx\/farmacia\/wp-content\/uploads\/2021\/03\/PAGO-CON-TARJETA-300x300.png 300w, https:\/\/iselamendez.mx\/farmacia\/wp-content\/uploads\/2021\/03\/PAGO-CON-TARJETA-100x100.png 100w, https:\/\/iselamendez.mx\/farmacia\/wp-content\/uploads\/2021\/03\/PAGO-CON-TARJETA-600x600.png 600w, https:\/\/iselamendez.mx\/farmacia\/wp-content\/uploads\/2021\/03\/PAGO-CON-TARJETA-png-64x64.webp 64w, https:\/\/iselamendez.mx\/farmacia\/wp-content\/uploads\/2021\/03\/PAGO-CON-TARJETA-150x150.png 150w, https:\/\/iselamendez.mx\/farmacia\/wp-content\/uploads\/2021\/03\/PAGO-CON-TARJETA-768x768.png 768w, https:\/\/iselamendez.mx\/farmacia\/wp-content\/uploads\/2021\/03\/PAGO-CON-TARJETA-650x650.png 650w\" sizes=\"(max-width: 1024px) 100vw, 1024px\" data-has-transparency=\"false\" data-dominant-color=\"d6dcdf\" style=\"--dominant-color: #d6dcdf\" \/>\t\t\t\t\t\t\t\t\t\t\t\t\t\t\t<\/div>\n\t\t\t\t<\/div>\n\t\t\t\t\t<\/div>\n\t\t<\/div>\n\t\t\t\t<div class=\"elementor-column elementor-col-20 elementor-top-column elementor-element elementor-element-8ca78ae\" data-id=\"8ca78ae\" data-element_type=\"column\" data-e-type=\"column\">\n\t\t\t<div class=\"elementor-widget-wrap elementor-element-populated\">\n\t\t\t\t\t\t<div class=\"elementor-element elementor-element-8d56f03 elementor-widget elementor-widget-image\" data-id=\"8d56f03\" data-element_type=\"widget\" data-e-type=\"widget\" data-widget_type=\"image.default\">\n\t\t\t\t<div class=\"elementor-widget-container\">\n\t\t\t\t\t\t\t\t\t\t\t\t\t\t\t<img decoding=\"async\" width=\"1024\" height=\"1024\" src=\"https:\/\/iselamendez.mx\/farmacia\/wp-content\/uploads\/2021\/03\/TRANSFERENCIA-1024x1024.png\" class=\"attachment-large size-large wp-image-9877 not-transparent\" alt=\"\" srcset=\"https:\/\/iselamendez.mx\/farmacia\/wp-content\/uploads\/2021\/03\/TRANSFERENCIA-png.webp 1024w, https:\/\/iselamendez.mx\/farmacia\/wp-content\/uploads\/2021\/03\/TRANSFERENCIA-300x300.png 300w, https:\/\/iselamendez.mx\/farmacia\/wp-content\/uploads\/2021\/03\/TRANSFERENCIA-100x100.png 100w, https:\/\/iselamendez.mx\/farmacia\/wp-content\/uploads\/2021\/03\/TRANSFERENCIA-600x600.png 600w, https:\/\/iselamendez.mx\/farmacia\/wp-content\/uploads\/2021\/03\/TRANSFERENCIA-png-64x64.webp 64w, https:\/\/iselamendez.mx\/farmacia\/wp-content\/uploads\/2021\/03\/TRANSFERENCIA-150x150.png 150w, https:\/\/iselamendez.mx\/farmacia\/wp-content\/uploads\/2021\/03\/TRANSFERENCIA-768x768.png 768w, https:\/\/iselamendez.mx\/farmacia\/wp-content\/uploads\/2021\/03\/TRANSFERENCIA-650x650.png 650w\" sizes=\"(max-width: 1024px) 100vw, 1024px\" data-has-transparency=\"false\" data-dominant-color=\"e2dddc\" style=\"--dominant-color: #e2dddc\" \/>\t\t\t\t\t\t\t\t\t\t\t\t\t\t\t<\/div>\n\t\t\t\t<\/div>\n\t\t\t\t\t<\/div>\n\t\t<\/div>\n\t\t\t\t<div class=\"elementor-column elementor-col-20 elementor-top-column elementor-element elementor-element-298a58d\" data-id=\"298a58d\" data-element_type=\"column\" data-e-type=\"column\">\n\t\t\t<div class=\"elementor-widget-wrap elementor-element-populated\">\n\t\t\t\t\t\t<div class=\"elementor-element elementor-element-2182b25 elementor-widget elementor-widget-image\" data-id=\"2182b25\" data-element_type=\"widget\" data-e-type=\"widget\" data-widget_type=\"image.default\">\n\t\t\t\t<div class=\"elementor-widget-container\">\n\t\t\t\t\t\t\t\t\t\t\t\t\t\t\t<img decoding=\"async\" width=\"1024\" height=\"1024\" src=\"https:\/\/iselamendez.mx\/farmacia\/wp-content\/uploads\/2021\/03\/PAYPAL-1024x1024.png\" class=\"attachment-large size-large wp-image-9874 not-transparent\" alt=\"\" srcset=\"https:\/\/iselamendez.mx\/farmacia\/wp-content\/uploads\/2021\/03\/PAYPAL-png.webp 1024w, https:\/\/iselamendez.mx\/farmacia\/wp-content\/uploads\/2021\/03\/PAYPAL-300x300.png 300w, https:\/\/iselamendez.mx\/farmacia\/wp-content\/uploads\/2021\/03\/PAYPAL-100x100.png 100w, https:\/\/iselamendez.mx\/farmacia\/wp-content\/uploads\/2021\/03\/PAYPAL-600x600.png 600w, https:\/\/iselamendez.mx\/farmacia\/wp-content\/uploads\/2021\/03\/PAYPAL-png-64x64.webp 64w, https:\/\/iselamendez.mx\/farmacia\/wp-content\/uploads\/2021\/03\/PAYPAL-150x150.png 150w, https:\/\/iselamendez.mx\/farmacia\/wp-content\/uploads\/2021\/03\/PAYPAL-768x768.png 768w, https:\/\/iselamendez.mx\/farmacia\/wp-content\/uploads\/2021\/03\/PAYPAL-650x650.png 650w\" sizes=\"(max-width: 1024px) 100vw, 1024px\" data-has-transparency=\"false\" data-dominant-color=\"f1f6fa\" style=\"--dominant-color: #f1f6fa\" \/>\t\t\t\t\t\t\t\t\t\t\t\t\t\t\t<\/div>\n\t\t\t\t<\/div>\n\t\t\t\t\t<\/div>\n\t\t<\/div>\n\t\t\t\t<div class=\"elementor-column elementor-col-20 elementor-top-column elementor-element elementor-element-836d2c4\" data-id=\"836d2c4\" data-element_type=\"column\" data-e-type=\"column\">\n\t\t\t<div class=\"elementor-widget-wrap elementor-element-populated\">\n\t\t\t\t\t\t<div class=\"elementor-element elementor-element-76e9676 elementor-widget elementor-widget-image\" data-id=\"76e9676\" data-element_type=\"widget\" data-e-type=\"widget\" data-widget_type=\"image.default\">\n\t\t\t\t<div class=\"elementor-widget-container\">\n\t\t\t\t\t\t\t\t\t\t\t\t\t\t\t<img loading=\"lazy\" decoding=\"async\" width=\"1024\" height=\"1024\" src=\"https:\/\/iselamendez.mx\/farmacia\/wp-content\/uploads\/2021\/03\/MERCADO-PAGO-1-1024x1024.png\" class=\"attachment-large size-large wp-image-9873 not-transparent\" alt=\"\" srcset=\"https:\/\/iselamendez.mx\/farmacia\/wp-content\/uploads\/2021\/03\/MERCADO-PAGO-1-png.webp 1024w, https:\/\/iselamendez.mx\/farmacia\/wp-content\/uploads\/2021\/03\/MERCADO-PAGO-1-300x300.png 300w, https:\/\/iselamendez.mx\/farmacia\/wp-content\/uploads\/2021\/03\/MERCADO-PAGO-1-100x100.png 100w, https:\/\/iselamendez.mx\/farmacia\/wp-content\/uploads\/2021\/03\/MERCADO-PAGO-1-600x600.png 600w, https:\/\/iselamendez.mx\/farmacia\/wp-content\/uploads\/2021\/03\/MERCADO-PAGO-1-png-64x64.webp 64w, https:\/\/iselamendez.mx\/farmacia\/wp-content\/uploads\/2021\/03\/MERCADO-PAGO-1-150x150.png 150w, https:\/\/iselamendez.mx\/farmacia\/wp-content\/uploads\/2021\/03\/MERCADO-PAGO-1-768x768.png 768w, https:\/\/iselamendez.mx\/farmacia\/wp-content\/uploads\/2021\/03\/MERCADO-PAGO-1-650x650.png 650w\" sizes=\"(max-width: 1024px) 100vw, 1024px\" data-has-transparency=\"false\" data-dominant-color=\"d7e2f5\" style=\"--dominant-color: #d7e2f5\" \/>\t\t\t\t\t\t\t\t\t\t\t\t\t\t\t<\/div>\n\t\t\t\t<\/div>\n\t\t\t\t\t<\/div>\n\t\t<\/div>\n\t\t\t\t<div class=\"elementor-column elementor-col-20 elementor-top-column elementor-element elementor-element-146dbf7\" data-id=\"146dbf7\" data-element_type=\"column\" data-e-type=\"column\">\n\t\t\t<div class=\"elementor-widget-wrap elementor-element-populated\">\n\t\t\t\t\t\t<div class=\"elementor-element elementor-element-62f464e elementor-widget elementor-widget-image\" data-id=\"62f464e\" data-element_type=\"widget\" data-e-type=\"widget\" data-widget_type=\"image.default\">\n\t\t\t\t<div class=\"elementor-widget-container\">\n\t\t\t\t\t\t\t\t\t\t\t\t\t\t\t<img loading=\"lazy\" decoding=\"async\" width=\"1024\" height=\"1024\" src=\"https:\/\/iselamendez.mx\/farmacia\/wp-content\/uploads\/2021\/03\/OXXO-1024x1024.png\" class=\"attachment-large size-large wp-image-9875 not-transparent\" alt=\"\" srcset=\"https:\/\/iselamendez.mx\/farmacia\/wp-content\/uploads\/2021\/03\/OXXO.webp 1024w, https:\/\/iselamendez.mx\/farmacia\/wp-content\/uploads\/2021\/03\/OXXO-300x300.png 300w, https:\/\/iselamendez.mx\/farmacia\/wp-content\/uploads\/2021\/03\/OXXO-100x100.png 100w, https:\/\/iselamendez.mx\/farmacia\/wp-content\/uploads\/2021\/03\/OXXO-600x600.png 600w, https:\/\/iselamendez.mx\/farmacia\/wp-content\/uploads\/2021\/03\/OXXO-64x64.webp 64w, https:\/\/iselamendez.mx\/farmacia\/wp-content\/uploads\/2021\/03\/OXXO-150x150.png 150w, https:\/\/iselamendez.mx\/farmacia\/wp-content\/uploads\/2021\/03\/OXXO-768x768.png 768w, https:\/\/iselamendez.mx\/farmacia\/wp-content\/uploads\/2021\/03\/OXXO-650x650.png 650w\" sizes=\"(max-width: 1024px) 100vw, 1024px\" data-has-transparency=\"false\" data-dominant-color=\"ffddd4\" style=\"--dominant-color: #ffddd4\" \/>\t\t\t\t\t\t\t\t\t\t\t\t\t\t\t<\/div>\n\t\t\t\t<\/div>\n\t\t\t\t\t<\/div>\n\t\t<\/div>\n\t\t\t\t\t<\/div>\n\t\t<\/section>\n\t\t\t\t<section class=\"elementor-section elementor-top-section elementor-element elementor-element-37c10d8 elementor-section-boxed elementor-section-height-default elementor-section-height-default\" data-id=\"37c10d8\" data-element_type=\"section\" data-e-type=\"section\">\n\t\t\t\t\t\t<div class=\"elementor-container elementor-column-gap-default\">\n\t\t\t\t\t<div class=\"elementor-column elementor-col-100 elementor-top-column elementor-element elementor-element-f8b2423\" data-id=\"f8b2423\" data-element_type=\"column\" data-e-type=\"column\">\n\t\t\t<div class=\"elementor-widget-wrap elementor-element-populated\">\n\t\t\t\t\t\t<div class=\"elementor-element elementor-element-12fda3e elementor-widget elementor-widget-text-editor\" data-id=\"12fda3e\" data-element_type=\"widget\" data-e-type=\"widget\" data-widget_type=\"text-editor.default\">\n\t\t\t\t<div class=\"elementor-widget-container\">\n\t\t\t\t\t\t\t\t\t<h3>\u00bfEn qu\u00e9 momento me dan mi pedido si pagu\u00e9 en oxxo?<\/h3><p>Este tipo de pagos tarda en ser\u00a0 acreditado de 1 a 2 d\u00edas h\u00e1biles.<\/p><p>Se recomienda al momento de pagar con efectivo en el oxxo\u00a0 enviar a nuestro chat o al correo electr\u00f3nico <strong>farmaciaenlineacdim@gmail.com<\/strong> su comprobante y en breve nos contactaremos contigo.\u00a0<\/p>\t\t\t\t\t\t\t\t<\/div>\n\t\t\t\t<\/div>\n\t\t\t\t<div class=\"elementor-element elementor-element-7080ec5 elementor-widget elementor-widget-spacer\" data-id=\"7080ec5\" data-element_type=\"widget\" data-e-type=\"widget\" data-widget_type=\"spacer.default\">\n\t\t\t\t<div class=\"elementor-widget-container\">\n\t\t\t\t\t\t\t<div class=\"elementor-spacer\">\n\t\t\t<div class=\"elementor-spacer-inner\"><\/div>\n\t\t<\/div>\n\t\t\t\t\t\t<\/div>\n\t\t\t\t<\/div>\n\t\t\t\t<div class=\"elementor-element elementor-element-3ba3e9e elementor-widget elementor-widget-text-editor\" data-id=\"3ba3e9e\" data-element_type=\"widget\" data-e-type=\"widget\" data-widget_type=\"text-editor.default\">\n\t\t\t\t<div class=\"elementor-widget-container\">\n\t\t\t\t\t\t\t\t\t<h3>\u00bfTienen meses sin intereses?<\/h3>\t\t\t\t\t\t\t\t<\/div>\n\t\t\t\t<\/div>\n\t\t\t\t<div class=\"elementor-element elementor-element-5de0e73 elementor-widget elementor-widget-text-editor\" data-id=\"5de0e73\" data-element_type=\"widget\" data-e-type=\"widget\" data-widget_type=\"text-editor.default\">\n\t\t\t\t<div class=\"elementor-widget-container\">\n\t\t\t\t\t\t\t\t\t No contamos con meses sin intereses por el momento solo contamos con pagos con Tarjetas de Cr\u00e9dito\/Debito, Transferencia Interbancaria, Pagos por PayPal, Pagos con Mercado pago y Pagos en OXXO.\t\t\t\t\t\t\t\t<\/div>\n\t\t\t\t<\/div>\n\t\t\t\t\t<\/div>\n\t\t<\/div>\n\t\t\t\t\t<\/div>\n\t\t<\/section>\n\t\t\t\t<section class=\"elementor-section elementor-top-section elementor-element elementor-element-dd16d70 elementor-section-boxed elementor-section-height-default elementor-section-height-default\" data-id=\"dd16d70\" data-element_type=\"section\" data-e-type=\"section\">\n\t\t\t\t\t\t<div class=\"elementor-container elementor-column-gap-default\">\n\t\t\t\t\t<div class=\"elementor-column elementor-col-100 elementor-top-column elementor-element elementor-element-95db067\" data-id=\"95db067\" data-element_type=\"column\" data-e-type=\"column\">\n\t\t\t<div class=\"elementor-widget-wrap elementor-element-populated\">\n\t\t\t\t\t\t<div class=\"elementor-element elementor-element-0149715 elementor-widget elementor-widget-spacer\" data-id=\"0149715\" data-element_type=\"widget\" data-e-type=\"widget\" data-widget_type=\"spacer.default\">\n\t\t\t\t<div class=\"elementor-widget-container\">\n\t\t\t\t\t\t\t<div class=\"elementor-spacer\">\n\t\t\t<div class=\"elementor-spacer-inner\"><\/div>\n\t\t<\/div>\n\t\t\t\t\t\t<\/div>\n\t\t\t\t<\/div>\n\t\t\t\t<div class=\"elementor-element elementor-element-0e5c8a8 elementor-widget elementor-widget-text-editor\" data-id=\"0e5c8a8\" data-element_type=\"widget\" data-e-type=\"widget\" data-widget_type=\"text-editor.default\">\n\t\t\t\t<div class=\"elementor-widget-container\">\n\t\t\t\t\t\t\t\t\t<h3>Si pago hoy, \u00bfCu\u00e1ndo tendr\u00e9 mi producto?<\/h3>\t\t\t\t\t\t\t\t<\/div>\n\t\t\t\t<\/div>\n\t\t\t\t<div class=\"elementor-element elementor-element-91c3901 elementor-widget elementor-widget-text-editor\" data-id=\"91c3901\" data-element_type=\"widget\" data-e-type=\"widget\" data-widget_type=\"text-editor.default\">\n\t\t\t\t<div class=\"elementor-widget-container\">\n\t\t\t\t\t\t\t\t\t<p>Al momento de realizar su compra, nos estaremos comunicando con usted para indicarle su n\u00famero de pedido y el estatus de \u00e9l.<\/p><p>En caso de pedidos en CDMX, su entrega es de 1-3 d\u00edas h\u00e1biles. (Pedidos recibidos y validado antes de las 2pm pueden entregarse mismo d\u00eda). Aplican restricciones.<\/p><p>En caso de nuestros env\u00edos fuera de la Ciudad, el tiempo estimado es de 1 a 3 d\u00edas h\u00e1biles; esto dependiendo la frecuencia de entrega de la Zona deseada.<\/p><p>En cualquier caso se le estar\u00e1 dando seguimiento personalizado.<\/p>\t\t\t\t\t\t\t\t<\/div>\n\t\t\t\t<\/div>\n\t\t\t\t\t<\/div>\n\t\t<\/div>\n\t\t\t\t\t<\/div>\n\t\t<\/section>\n\t\t\t\t<section class=\"elementor-section elementor-top-section elementor-element elementor-element-9a99385 elementor-section-boxed elementor-section-height-default elementor-section-height-default\" data-id=\"9a99385\" data-element_type=\"section\" data-e-type=\"section\">\n\t\t\t\t\t\t<div class=\"elementor-container elementor-column-gap-default\">\n\t\t\t\t\t<div class=\"elementor-column elementor-col-100 elementor-top-column elementor-element elementor-element-7f9de81\" data-id=\"7f9de81\" data-element_type=\"column\" data-e-type=\"column\">\n\t\t\t<div class=\"elementor-widget-wrap elementor-element-populated\">\n\t\t\t\t\t\t<div class=\"elementor-element elementor-element-c966077 elementor-widget elementor-widget-spacer\" data-id=\"c966077\" data-element_type=\"widget\" data-e-type=\"widget\" data-widget_type=\"spacer.default\">\n\t\t\t\t<div class=\"elementor-widget-container\">\n\t\t\t\t\t\t\t<div class=\"elementor-spacer\">\n\t\t\t<div class=\"elementor-spacer-inner\"><\/div>\n\t\t<\/div>\n\t\t\t\t\t\t<\/div>\n\t\t\t\t<\/div>\n\t\t\t\t<div class=\"elementor-element elementor-element-6019450 elementor-widget elementor-widget-text-editor\" data-id=\"6019450\" data-element_type=\"widget\" data-e-type=\"widget\" data-widget_type=\"text-editor.default\">\n\t\t\t\t<div class=\"elementor-widget-container\">\n\t\t\t\t\t\t\t\t\t<h3>\u00bfPuedo enviar un paquete a una direcci\u00f3n diferente de mi tarjeta de credito y\/o debito?<\/h3>\t\t\t\t\t\t\t\t<\/div>\n\t\t\t\t<\/div>\n\t\t\t\t<div class=\"elementor-element elementor-element-9626431 elementor-widget elementor-widget-text-editor\" data-id=\"9626431\" data-element_type=\"widget\" data-e-type=\"widget\" data-widget_type=\"text-editor.default\">\n\t\t\t\t<div class=\"elementor-widget-container\">\n\t\t\t\t\t\t\t\t\t Al momento de enviar un paquete, no importa la direcci\u00f3n del tarjetahabiente; por lo tanto,\u00a0 puede pagar una persona diferente a la que va a recibir.\n\nEl env\u00edo puede ser dentro de la Republica Mexicana a la direcci\u00f3n que se desee, solamente cerci\u00f3rate de ingresar correctamente los datos de Env\u00edo. \t\t\t\t\t\t\t\t<\/div>\n\t\t\t\t<\/div>\n\t\t\t\t\t<\/div>\n\t\t<\/div>\n\t\t\t\t\t<\/div>\n\t\t<\/section>\n\t\t\t\t<section class=\"elementor-section elementor-top-section elementor-element elementor-element-30cc5ef elementor-section-boxed elementor-section-height-default elementor-section-height-default\" data-id=\"30cc5ef\" data-element_type=\"section\" data-e-type=\"section\">\n\t\t\t\t\t\t<div class=\"elementor-container elementor-column-gap-default\">\n\t\t\t\t\t<div class=\"elementor-column elementor-col-100 elementor-top-column elementor-element elementor-element-773ae59\" data-id=\"773ae59\" data-element_type=\"column\" data-e-type=\"column\">\n\t\t\t<div class=\"elementor-widget-wrap elementor-element-populated\">\n\t\t\t\t\t\t<div class=\"elementor-element elementor-element-290417c elementor-widget elementor-widget-spacer\" data-id=\"290417c\" data-element_type=\"widget\" data-e-type=\"widget\" data-widget_type=\"spacer.default\">\n\t\t\t\t<div class=\"elementor-widget-container\">\n\t\t\t\t\t\t\t<div class=\"elementor-spacer\">\n\t\t\t<div class=\"elementor-spacer-inner\"><\/div>\n\t\t<\/div>\n\t\t\t\t\t\t<\/div>\n\t\t\t\t<\/div>\n\t\t\t\t<div class=\"elementor-element elementor-element-3d31d4f elementor-widget elementor-widget-text-editor\" data-id=\"3d31d4f\" data-element_type=\"widget\" data-e-type=\"widget\" data-widget_type=\"text-editor.default\">\n\t\t\t\t<div class=\"elementor-widget-container\">\n\t\t\t\t\t\t\t\t\t<h3>\u00bfHay devoluciones de productos?<\/h3><p class=\"notranslate\">Farmacia en L\u00ednea Isela M\u00e9ndez sabe lo importante del servicio al cliente. Es por eso que ha implementado pol\u00edticas de devoluci\u00f3n detalladas para todo tipo de casos. Consulte aqu\u00ed los posibles casos<br \/><a href=\"https:\/\/iselamendez.mx\/farmacia\/politicas-de-devolucion-y-rembolsos\/\">https:\/\/iselamendez.mx\/farmacia\/politicas-de-devolucion-y-rembolsos\/<\/a><\/p><pre class=\"notranslate\">\u00a0<\/pre>\t\t\t\t\t\t\t\t<\/div>\n\t\t\t\t<\/div>\n\t\t\t\t\t<\/div>\n\t\t<\/div>\n\t\t\t\t\t<\/div>\n\t\t<\/section>\n\t\t\t\t<section class=\"elementor-section elementor-top-section elementor-element elementor-element-b3e4451 elementor-section-boxed elementor-section-height-default elementor-section-height-default\" data-id=\"b3e4451\" data-element_type=\"section\" data-e-type=\"section\">\n\t\t\t\t\t\t<div class=\"elementor-container elementor-column-gap-default\">\n\t\t\t\t\t<div class=\"elementor-column elementor-col-100 elementor-top-column elementor-element elementor-element-a81780c\" data-id=\"a81780c\" data-element_type=\"column\" data-e-type=\"column\">\n\t\t\t<div class=\"elementor-widget-wrap elementor-element-populated\">\n\t\t\t\t\t\t<div class=\"elementor-element elementor-element-70f15ed elementor-widget elementor-widget-spacer\" data-id=\"70f15ed\" data-element_type=\"widget\" data-e-type=\"widget\" data-widget_type=\"spacer.default\">\n\t\t\t\t<div class=\"elementor-widget-container\">\n\t\t\t\t\t\t\t<div class=\"elementor-spacer\">\n\t\t\t<div class=\"elementor-spacer-inner\"><\/div>\n\t\t<\/div>\n\t\t\t\t\t\t<\/div>\n\t\t\t\t<\/div>\n\t\t\t\t<div class=\"elementor-element elementor-element-7c79d14 elementor-widget elementor-widget-text-editor\" data-id=\"7c79d14\" data-element_type=\"widget\" data-e-type=\"widget\" data-widget_type=\"text-editor.default\">\n\t\t\t\t<div class=\"elementor-widget-container\">\n\t\t\t\t\t\t\t\t\t<h3>\u00bfCu\u00e1les son los costos de env\u00edos?<\/h3><p class=\"notranslate\">Farmacia en L\u00ednea Isela M\u00e9ndez sabe lo importante del servicio al cliente. Es por eso que ha implementado pol\u00edticas de env\u00edos y tarifas. Consulte aqu\u00ed los posibles casos <a href=\"https:\/\/iselamendez.mx\/farmacia\/politicas-de-envios\/\">https:\/\/iselamendez.mx\/farmacia\/politicas-de-envios\/<\/a><\/p><pre class=\"notranslate\">\u00a0<\/pre>\t\t\t\t\t\t\t\t<\/div>\n\t\t\t\t<\/div>\n\t\t\t\t\t<\/div>\n\t\t<\/div>\n\t\t\t\t\t<\/div>\n\t\t<\/section>\n\t\t\t\t<\/div>\n\t\t","protected":false},"excerpt":{"rendered":"<p>\u00bfCu\u00e1les son los m\u00e9todos de pago? Contamos con diferentes m\u00e9todos de pagos; Tarjetas de Cr\u00e9dito\/Debito, Transferencia Interbancaria, Pagos por PayPal, Pagos con Mercado pago y Pagos en OXXO. \u00bfEn qu\u00e9 momento me dan mi pedido si pagu\u00e9 en oxxo? Este [&hellip;]<\/p>\n","protected":false},"author":2,"featured_media":0,"parent":0,"menu_order":0,"comment_status":"closed","ping_status":"open","template":"","meta":{"footnotes":""},"class_list":["post-806","page","type-page","status-publish","hentry"],"aioseo_notices":[],"_links":{"self":[{"href":"https:\/\/iselamendez.mx\/farmacia\/wp-json\/wp\/v2\/pages\/806","targetHints":{"allow":["GET"]}}],"collection":[{"href":"https:\/\/iselamendez.mx\/farmacia\/wp-json\/wp\/v2\/pages"}],"about":[{"href":"https:\/\/iselamendez.mx\/farmacia\/wp-json\/wp\/v2\/types\/page"}],"author":[{"embeddable":true,"href":"https:\/\/iselamendez.mx\/farmacia\/wp-json\/wp\/v2\/users\/2"}],"replies":[{"embeddable":true,"href":"https:\/\/iselamendez.mx\/farmacia\/wp-json\/wp\/v2\/comments?post=806"}],"version-history":[{"count":3,"href":"https:\/\/iselamendez.mx\/farmacia\/wp-json\/wp\/v2\/pages\/806\/revisions"}],"predecessor-version":[{"id":47241,"href":"https:\/\/iselamendez.mx\/farmacia\/wp-json\/wp\/v2\/pages\/806\/revisions\/47241"}],"wp:attachment":[{"href":"https:\/\/iselamendez.mx\/farmacia\/wp-json\/wp\/v2\/media?parent=806"}],"curies":[{"name":"wp","href":"https:\/\/api.w.org\/{rel}","templated":true}]}}