{"id":10583,"date":"2021-05-04T14:39:56","date_gmt":"2021-05-04T19:39:56","guid":{"rendered":"https:\/\/iselamendez.mx\/farmacia\/?post_type=product&#038;p=10583"},"modified":"2026-04-11T16:18:22","modified_gmt":"2026-04-11T22:18:22","slug":"svr-ecran-mineral-tinte-piel-mixta","status":"publish","type":"product","link":"https:\/\/iselamendez.mx\/farmacia\/tienda\/zona-del-cuerpo\/crema-facial\/svr-ecran-mineral-tinte-piel-mixta\/","title":{"rendered":"SVR Sun Secure Ecran Mineral Teinte para Piel Mixta SPF50+ 60g"},"content":{"rendered":"<p><span style=\"color: #868686; font-size: 15px;\">SVR Ecran Mineral Tinte Piel Mixta es un tratamiento que combina una protecci\u00f3n muy alta SPF50+ en una f\u00f3rmula 100% mineral que a su vez permite <a href=\"https:\/\/iselamendez.mx\/farmacia\/categoria-producto\/tipo-de-producto\/maquillaje-tipo-de-producto\/\">maquillarse.\u00a0<\/a><\/span><\/p>\n<h3>\u00bfC\u00f3mo act\u00faa?<\/h3>\n<p><span style=\"color: #868686; font-size: 15px;\">Es apta para pieles intolerantes, y tambi\u00e9n para mujeres que desean maquillarse todo el a\u00f1o, incluso con sol. Su buena cobertura permite disimular las imperfecciones y exhibir una tez uniforme durante todo el d\u00eda. Disponible en dos versiones: crema seca al tacto para pieles normales a mixtas y crema confort para pieles secas a muy secas.<\/span><\/p>\n<div class=\"product__tab-content\" data-drawer-content=\"\">\n<p>Gracias a su color universal, puede usarse en todos los tonos de piel. Tratamiento resistente al agua, a la transpiraci\u00f3n y al roce para una protecci\u00f3n \u00f3ptima.<\/p>\n<p><b>\u2022 Protecci\u00f3n muy alta frente los rayos UVA y UVB<\/b>\u00a0proporcionada por una combinaci\u00f3n de filtros minerales fotoestables:<br \/>\nZINC OXIDE<br \/>\nTITANIUM DIOXIDE<\/p>\n<p><b>\u2022 Protecci\u00f3n frente la luz infrarroja y visible<\/b>\u00a0gracias a un complejo antioxidante (\u03b2-caroteno + Detoxofano + vitamina E + niacinamida) que protege del estr\u00e9s oxidativo y del da\u00f1o inducido por el sol (prevenci\u00f3n del envejecimiento prematuro y manchas oscuras).<\/p>\n<h3>Modo de uso<\/h3>\n<p>Aplicar por ma\u00f1ana y antes de cada exposici\u00f3n al sol. SVR Ecran Mineral Tinte Piel Mixta debe ser aplicado frecuentemente durante una exposici\u00f3n prolongada.<\/p>\n<p><em>Aplicar generosamente y de manera uniforme antes de la exposici\u00f3n al sol, cubriendo toda la piel expuesta. Reducir la cantidad aplicada reduce significativamente el nivel de protecci\u00f3n total.<\/em><\/p>\n<\/div>\n<pre>------------------------------------------------------------------------------------------------------------<\/pre>\n<div class=\"collapse pfd__collapse collapse--expanded\">\n<div id=\"collapse639\" class=\"collapse__content\">\n<div class=\"collapse__wrapper\">\n<div>\n<p>Si tienes dudas de otras alternativas para frenar la flacidez en el cuello y la papada; puedes\u00a0<a href=\"https:\/\/wa.link\/3z18fp\">contactarnos para asesorarte<\/a>\u00a0con alg\u00fan tratamiento\u00a0de medicina est\u00e9tica facial. \ud83d\udc69\ud83c\udffb\u200d\u2695\ufe0f\u2728<\/p>\n<\/div>\n<\/div>\n<\/div>\n<\/div>\n","protected":false},"excerpt":{"rendered":"<p>Salud es belleza<\/p>\n","protected":false},"featured_media":60388,"comment_status":"open","ping_status":"closed","template":"","meta":[],"product_brand":[474],"product_cat":[75,161,486,83,590,32],"product_tag":[368],"class_list":{"0":"post-10583","1":"product","2":"type-product","3":"status-publish","4":"has-post-thumbnail","6":"product_brand-svr","7":"product_cat-crema-facial","8":"product_cat-crema-facial-tipo-de-producto","9":"product_cat-promociones-2026","10":"product_cat-protector-solar","11":"product_cat-semana-santa","12":"product_cat-svr","13":"product_tag-svr","15":"first","16":"instock","17":"shipping-taxable","18":"purchasable","19":"product-type-simple"},"aioseo_notices":[],"_links":{"self":[{"href":"https:\/\/iselamendez.mx\/farmacia\/wp-json\/wp\/v2\/product\/10583","targetHints":{"allow":["GET"]}}],"collection":[{"href":"https:\/\/iselamendez.mx\/farmacia\/wp-json\/wp\/v2\/product"}],"about":[{"href":"https:\/\/iselamendez.mx\/farmacia\/wp-json\/wp\/v2\/types\/product"}],"replies":[{"embeddable":true,"href":"https:\/\/iselamendez.mx\/farmacia\/wp-json\/wp\/v2\/comments?post=10583"}],"wp:featuredmedia":[{"embeddable":true,"href":"https:\/\/iselamendez.mx\/farmacia\/wp-json\/wp\/v2\/media\/60388"}],"wp:attachment":[{"href":"https:\/\/iselamendez.mx\/farmacia\/wp-json\/wp\/v2\/media?parent=10583"}],"wp:term":[{"taxonomy":"product_brand","embeddable":true,"href":"https:\/\/iselamendez.mx\/farmacia\/wp-json\/wp\/v2\/product_brand?post=10583"},{"taxonomy":"product_cat","embeddable":true,"href":"https:\/\/iselamendez.mx\/farmacia\/wp-json\/wp\/v2\/product_cat?post=10583"},{"taxonomy":"product_tag","embeddable":true,"href":"https:\/\/iselamendez.mx\/farmacia\/wp-json\/wp\/v2\/product_tag?post=10583"}],"curies":[{"name":"wp","href":"https:\/\/api.w.org\/{rel}","templated":true}]}}