{"id":10749,"date":"2021-05-15T11:24:37","date_gmt":"2021-05-15T16:24:37","guid":{"rendered":"https:\/\/iselamendez.mx\/farmacia\/?post_type=product&#038;p=10749"},"modified":"2026-04-15T10:39:02","modified_gmt":"2026-04-15T16:39:02","slug":"pure-vitamin-c10-serum","status":"publish","type":"product","link":"https:\/\/iselamendez.mx\/farmacia\/tienda\/funcion\/tratamiento\/anti-edad\/pure-vitamin-c10-serum\/","title":{"rendered":"La Roche-Posay Pure Vitamin C10 Serum 30ml"},"content":{"rendered":"<div class=\"collapse pfd__collapse collapse--expanded\">\n<h4>La Roche Posay Pure Vitamin C10 Serum 30ml<\/h4>\n<h5>ARRUGAS, FALTA DE LUMINOSIDAD, TEXTURA IRREGULAR<\/h5>\n<p>&nbsp;<\/p>\n<div class=\"collapse pfd__collapse collapse--expanded\">\n<h5 class=\"collapse__title\">\u00bfC\u00f3mo act\u00faa?<\/h5>\n<div id=\"collapse10\" class=\"collapse__content\">\n<div class=\"collapse__wrapper\">\n<div class=\"rich-text\">Ideal para piel sensible, corrige el envejecimiento cut\u00e1neo y mejora la calidad de la piel. Gracias a su textura ligera y de r\u00e1pida absorci\u00f3n, te deja un acabado aterciopelado y no graso, con un aroma agradable.<\/div>\n<div><\/div>\n<\/div>\n<\/div>\n<\/div>\n<div class=\"collapse pfd__collapse collapse--expanded\">\n<h5 class=\"collapse__title\">Beneficios:<\/h5>\n<div id=\"collapse487\" class=\"collapse__content\">\n<div class=\"collapse__wrapper\">\n<div class=\"rich-text\">La vitamina C pura (\u00e1cido L-asc\u00f3rbico) es la forma m\u00e1s biol\u00f3gicamente activa de la vitamina C, reconocida por su capacidad de mejorar la luminosidad y la textura de la piel. Sin embargo, el organismo humano no puede generar esta mol\u00e9cula. La piel depende completamente de la ingesta externa,<\/div>\n<\/div>\n<\/div>\n<\/div>\n<\/div>\n<div><\/div>\n<h5>Modo de uso:<\/h5>\n<p>Aplicar por la ma\u00f1ana sobre rostro y cuello. Evitar la zona de los ojos. Usar con un protector solar. Textura ligera, de r\u00e1pida absorci\u00f3n. Acabado, aterciopelado, no graso. \u00d3ptima base para el maquillaje.<\/p>\n<div class=\"collapse pfd__collapse collapse--expanded\">\n<div class=\"collapse pfd__collapse collapse--expanded\">\n<p>&nbsp;<\/p>\n<p>&nbsp;<\/p>\n<\/div>\n<\/div>\n","protected":false},"excerpt":{"rendered":"<p>Salud es belleza.<\/p>\n","protected":false},"featured_media":23229,"comment_status":"open","ping_status":"closed","template":"","meta":[],"product_brand":[440],"product_cat":[152,203,181,79,69],"product_tag":[],"class_list":{"0":"post-10749","1":"product","2":"type-product","3":"status-publish","4":"has-post-thumbnail","6":"product_brand-la-roche-posay","7":"product_cat-anti-edad","8":"product_cat-antioxidante","9":"product_cat-la-roche-posay","10":"product_cat-rostro","11":"product_cat-suero","13":"first","14":"outofstock","15":"shipping-taxable","16":"purchasable","17":"product-type-simple"},"aioseo_notices":[],"_links":{"self":[{"href":"https:\/\/iselamendez.mx\/farmacia\/wp-json\/wp\/v2\/product\/10749","targetHints":{"allow":["GET"]}}],"collection":[{"href":"https:\/\/iselamendez.mx\/farmacia\/wp-json\/wp\/v2\/product"}],"about":[{"href":"https:\/\/iselamendez.mx\/farmacia\/wp-json\/wp\/v2\/types\/product"}],"replies":[{"embeddable":true,"href":"https:\/\/iselamendez.mx\/farmacia\/wp-json\/wp\/v2\/comments?post=10749"}],"wp:featuredmedia":[{"embeddable":true,"href":"https:\/\/iselamendez.mx\/farmacia\/wp-json\/wp\/v2\/media\/23229"}],"wp:attachment":[{"href":"https:\/\/iselamendez.mx\/farmacia\/wp-json\/wp\/v2\/media?parent=10749"}],"wp:term":[{"taxonomy":"product_brand","embeddable":true,"href":"https:\/\/iselamendez.mx\/farmacia\/wp-json\/wp\/v2\/product_brand?post=10749"},{"taxonomy":"product_cat","embeddable":true,"href":"https:\/\/iselamendez.mx\/farmacia\/wp-json\/wp\/v2\/product_cat?post=10749"},{"taxonomy":"product_tag","embeddable":true,"href":"https:\/\/iselamendez.mx\/farmacia\/wp-json\/wp\/v2\/product_tag?post=10749"}],"curies":[{"name":"wp","href":"https:\/\/api.w.org\/{rel}","templated":true}]}}