{"id":11074,"date":"2021-06-12T13:16:41","date_gmt":"2021-06-12T18:16:41","guid":{"rendered":"https:\/\/iselamendez.mx\/farmacia\/?post_type=product&#038;p=11074"},"modified":"2026-04-22T15:27:16","modified_gmt":"2026-04-22T21:27:16","slug":"isela-mendez-retinol-5-30ml","status":"publish","type":"product","link":"https:\/\/iselamendez.mx\/farmacia\/tienda\/funcion\/tratamiento\/anti-edad\/isela-mendez-retinol-5-30ml\/","title":{"rendered":"Isela M\u00e9ndez Retinol 0.5% Crema 30ml"},"content":{"rendered":"<h5>Isela M\u00e9ndez Retinol.5% 30ml<\/h5>\n<h5>Contiene el poder Antioxidante de la vitamina A, el cual est\u00e1 dise\u00f1ado para tratar los da\u00f1os causados por la Edad; Arrugas, manchas, acn\u00e9, poros abiertos, etc.<\/h5>\n<h5>\u00bfC\u00f3mo act\u00faa?<\/h5>\n<p style=\"text-align: justify;\">El retinol se ha utilizado por a\u00f1os como un renovador de la piel debido a su gran capacidad para mejorar el acn\u00e9, las cicatrices, los da\u00f1os causados por el sol y las arrugas; Los dermat\u00f3logos coinciden en que el retinol es esencial para el tratamiento del acn\u00e9.<\/p>\n<p>Los productos que contienen retinol son usados para los problemas dermatol\u00f3gicos, se debe usar en tu rutina diaria de cuidado de la piel, es cuando notes los primeros brotes de acn\u00e9, inflamaci\u00f3n o hiperpigmentaci\u00f3n.<\/p>\n<p style=\"text-align: justify;\">Con Isela M\u00e9ndez Crema Nocturna .5% Pronto notar\u00e1 una mejor\u00eda en las arrugas finas y profundas gracias a los activos enfocados a atacar los da\u00f1os causados por la edad, ya que ayuda a promocionar la s\u00edntesis de col\u00e1geno; generando as\u00ed una mejora en la textura de la piel; Incrementa la hidrataci\u00f3n de la piel.<br \/>\nPor otro lado, es el mejor principio activo para revertir el fotoenvejecimiento; que es el envejecimiento prematuro de la piel resultante de la exposici\u00f3n prolongada y repetida a la radiaci\u00f3n solar<\/p>\n<p style=\"text-align: justify;\">Es un excelente aliado contra el acn\u00e9, ya que regula la producci\u00f3n de grasa y a su vez cierra el poro, generando una piel uniforme.<\/p>\n<p style=\"text-align: justify;\">Favorecen la renovaci\u00f3n celular; Tiene efecto antioxidante porque previene la disminuci\u00f3n de la enzima SOD durante el estr\u00e9s oxidativo. Previene la hiperqueratinizaci\u00f3n.<\/p>\n<p>&nbsp;<\/p>\n<h5>Modo de uso:<\/h5>\n<p>\ud83c\udf19<\/p>\n<p style=\"text-align: justify;\">Aplica un hidratante antes de Isela M\u00e9ndez Retinol .50% y enseguida aplica una capa fina, evitando el \u00e1rea de los p\u00e1rpados.<\/p>\n<p style=\"text-align: justify;\">Si notas irritaci\u00f3n, alterna su aplicaci\u00f3n cada 3 noches.<\/p>\n<p>Se recomienda el uso de este producto en supervisi\u00f3n de su Dermat\u00f3logo para un mejor aprovechamiento; Puedes\u00a0<a href=\"https:\/\/wa.link\/3z18fp\">contactarnos para asesorarte<\/a>\u00a0si tienes alguna duda.<\/p>\n<p style=\"text-align: center;\">Favor de mantener este producto en su envase original, bien cerrado y fuera del alcance de los ni\u00f1os.<br \/>\nAlmac\u00e9nelo a temperatura ambiente y lejos del calor excesivo y la humedad.<\/p>\n","protected":false},"excerpt":{"rendered":"<p>Salud es belleza<\/p>\n<h5>\u00a1Consulte a su Especialista de la piel!<\/h5>\n","protected":false},"featured_media":11077,"comment_status":"open","ping_status":"closed","template":"","meta":[],"product_brand":[438],"product_cat":[152,190,214,79,71],"product_tag":[356],"class_list":{"0":"post-11074","1":"product","2":"type-product","3":"status-publish","4":"has-post-thumbnail","6":"product_brand-isela-mendez","7":"product_cat-anti-edad","8":"product_cat-isela-mendez","9":"product_cat-retinol","10":"product_cat-rostro","11":"product_cat-tratamiento","12":"product_tag-isela-mendez","14":"first","15":"instock","16":"shipping-taxable","17":"purchasable","18":"product-type-simple"},"aioseo_notices":[],"_links":{"self":[{"href":"https:\/\/iselamendez.mx\/farmacia\/wp-json\/wp\/v2\/product\/11074","targetHints":{"allow":["GET"]}}],"collection":[{"href":"https:\/\/iselamendez.mx\/farmacia\/wp-json\/wp\/v2\/product"}],"about":[{"href":"https:\/\/iselamendez.mx\/farmacia\/wp-json\/wp\/v2\/types\/product"}],"replies":[{"embeddable":true,"href":"https:\/\/iselamendez.mx\/farmacia\/wp-json\/wp\/v2\/comments?post=11074"}],"wp:featuredmedia":[{"embeddable":true,"href":"https:\/\/iselamendez.mx\/farmacia\/wp-json\/wp\/v2\/media\/11077"}],"wp:attachment":[{"href":"https:\/\/iselamendez.mx\/farmacia\/wp-json\/wp\/v2\/media?parent=11074"}],"wp:term":[{"taxonomy":"product_brand","embeddable":true,"href":"https:\/\/iselamendez.mx\/farmacia\/wp-json\/wp\/v2\/product_brand?post=11074"},{"taxonomy":"product_cat","embeddable":true,"href":"https:\/\/iselamendez.mx\/farmacia\/wp-json\/wp\/v2\/product_cat?post=11074"},{"taxonomy":"product_tag","embeddable":true,"href":"https:\/\/iselamendez.mx\/farmacia\/wp-json\/wp\/v2\/product_tag?post=11074"}],"curies":[{"name":"wp","href":"https:\/\/api.w.org\/{rel}","templated":true}]}}