{"id":11212,"date":"2021-06-24T13:05:52","date_gmt":"2021-06-24T18:05:52","guid":{"rendered":"https:\/\/iselamendez.mx\/farmacia\/?post_type=product&#038;p=11212"},"modified":"2026-04-01T03:20:29","modified_gmt":"2026-04-01T09:20:29","slug":"isispharma-metroruboril-az","status":"publish","type":"product","link":"https:\/\/iselamendez.mx\/farmacia\/tienda\/funcion\/tratamiento\/piel-sensible\/isispharma-metroruboril-az\/","title":{"rendered":"Isispharma Metroruboril A.Z. Crema 30ml"},"content":{"rendered":"<h4 class=\"sp_details--subtitle\">Isispharma Metroruboril AZ 30ml<\/h4>\n<p class=\"sp_details--subtitle\">Crema anti-enrojecimiento para pieles sensible con enrojecimiento<\/p>\n<p>&nbsp;<\/p>\n<h5>\u00bfC\u00f3mo act\u00faa?<\/h5>\n<p class=\"sp_details--subtitle\">Disminuye de manera eficaz la intensidad de los enrojecimientos severos y reduce las imperfecciones que puedan derivar de los mismos.<\/p>\n<p>Su f\u00f3rmula concentrada re\u00fane 15% de \u00e1cido azelaico con el complejo de activos \u00df-CALM para brindar un bienestar completo al estado de la piel.<\/p>\n<p>Los s\u00edntomas principales de esta situaci\u00f3n cl\u00ednica son el enrojecimiento facial con abultamientos inflamados y rojos, y con peque\u00f1os vasos sangu\u00edneos visibles; los tratamientos, como los antibi\u00f3ticos o los medicamentos antiacn\u00e9, pueden controlar y reducir los s\u00edntomas. Si no se trata, tiende a empeorar con el tiempo.<\/p>\n<div class=\"sp_assets--asset\">\n<h5><\/h5>\n<h5>Modo de uso<\/h5>\n<div>\n<p><strong>Para uso como tratamiento correctivo cuando las imperfecciones aparecen en todo el rostro<br \/>\n<\/strong>Aplica ISISPHARMA Metroruboril AZ en todo el cutis en la ma\u00f1ana y en la noche durante 2\/3 meses.<\/p>\n<p><strong>Para uso como tratamiento de cuidados cuando las imperfecciones solo aparecen en ciertas zonas de la piel<br \/>\n<\/strong>Aplica el producto en la noche sobre las \u00e1reas afectadas.<\/p>\n<p>Se recomienda el uso de este producto en supervisi\u00f3n de su Dermat\u00f3logo para un mejor aprovechamiento; Puedes <a href=\"https:\/\/wa.link\/3z18fp\">contactarnos para asesorarte<\/a> si tienes alguna duda.<\/p>\n<p>&nbsp;<\/p>\n<p style=\"text-align: center;\">Favor de mantener \u00e9ste producto en su envase original, bien cerrado y fuera del alcance de los ni\u00f1os.<br \/>\nAlmac\u00e9nelo a temperatura ambiente y lejos del calor excesivo y la humedad.<\/p>\n<\/div>\n<\/div>\n","protected":false},"excerpt":{"rendered":"<p>Salud es Belleza<\/p>\n","protected":false},"featured_media":11213,"comment_status":"open","ping_status":"closed","template":"","meta":[],"product_brand":[439],"product_cat":[161,126,113,79],"product_tag":[],"class_list":{"0":"post-11212","1":"product","2":"type-product","3":"status-publish","4":"has-post-thumbnail","6":"product_brand-isispharma","7":"product_cat-crema-facial-tipo-de-producto","8":"product_cat-isis-pharma","9":"product_cat-piel-sensible","10":"product_cat-rostro","12":"first","13":"outofstock","14":"shipping-taxable","15":"purchasable","16":"product-type-simple"},"aioseo_notices":[],"_links":{"self":[{"href":"https:\/\/iselamendez.mx\/farmacia\/wp-json\/wp\/v2\/product\/11212","targetHints":{"allow":["GET"]}}],"collection":[{"href":"https:\/\/iselamendez.mx\/farmacia\/wp-json\/wp\/v2\/product"}],"about":[{"href":"https:\/\/iselamendez.mx\/farmacia\/wp-json\/wp\/v2\/types\/product"}],"replies":[{"embeddable":true,"href":"https:\/\/iselamendez.mx\/farmacia\/wp-json\/wp\/v2\/comments?post=11212"}],"wp:featuredmedia":[{"embeddable":true,"href":"https:\/\/iselamendez.mx\/farmacia\/wp-json\/wp\/v2\/media\/11213"}],"wp:attachment":[{"href":"https:\/\/iselamendez.mx\/farmacia\/wp-json\/wp\/v2\/media?parent=11212"}],"wp:term":[{"taxonomy":"product_brand","embeddable":true,"href":"https:\/\/iselamendez.mx\/farmacia\/wp-json\/wp\/v2\/product_brand?post=11212"},{"taxonomy":"product_cat","embeddable":true,"href":"https:\/\/iselamendez.mx\/farmacia\/wp-json\/wp\/v2\/product_cat?post=11212"},{"taxonomy":"product_tag","embeddable":true,"href":"https:\/\/iselamendez.mx\/farmacia\/wp-json\/wp\/v2\/product_tag?post=11212"}],"curies":[{"name":"wp","href":"https:\/\/api.w.org\/{rel}","templated":true}]}}