{"id":11468,"date":"2021-07-16T17:46:32","date_gmt":"2021-07-16T22:46:32","guid":{"rendered":"https:\/\/iselamendez.mx\/farmacia\/?post_type=product&#038;p=11468"},"modified":"2026-04-01T03:20:29","modified_gmt":"2026-04-01T09:20:29","slug":"toskani-intimate-cream","status":"publish","type":"product","link":"https:\/\/iselamendez.mx\/farmacia\/tienda\/funcion\/tratamiento\/despigmentantes\/toskani-intimate-cream\/","title":{"rendered":"Toskani Radiance Intimate Cream 30ml"},"content":{"rendered":"<p>TOSKANI Intimate Cream act\u00faa de forma gradual como un aclarador de piel; para contrarresta el envejecimiento, la flacidez y los cambios en la pigmentaci\u00f3n de la zona genital externa y la zona vulva-perineal devolviendo a la zona su tono y aspecto natural.<\/p>\n<h2>\u00bfC\u00f3mo act\u00faa?<\/h2>\n<p>La hiperpigmentaci\u00f3n genital es el oscurecimiento de la piel alrededor de la zona anal y genitales externos. Puede estar provocado por la edad, problemas hormonales, embarazo o una predisposici\u00f3n personal a la pigmentaci\u00f3n excesiva de la piel.<\/p>\n<p>Esta crema intima est\u00e1 Ginecol\u00f3gicamente probada; no generar da\u00f1os a la piel ya que la piel va aclar\u00e1ndose de forma gradual; esto, para no generar incomodidad ni malestares futuros.<\/p>\n<p>Ayuda a combatir la Flacidez y combate los cambios de pigmentaci\u00f3n.<\/p>\n<p>Tambi\u00e9n es un complemento del tratamiento postquir\u00fargico de rejuvenecimiento genital<\/p>\n<p>incluso; ayuda a ser complemento del tratamiento post-parto.<\/p>\n<p><a href=\"https:\/\/www.toskanicosmetics.com\/es\/profesional\/blog\/por-que-se-oscuren-y-como-puedo-aclarar-las-partes-intimas-30-es\">\u00bfPor qu\u00e9 se oscurece?\u00a0<\/a><\/p>\n<ul>\n<li>Ropa interior muy ajustada: el roce continuo de prendas interiores muy ajustadas oscurece la piel. Por eso es mejor usar ropa c\u00f3moda y de fibras naturales como el algod\u00f3n.<\/li>\n<li>La menstruaci\u00f3n: la sangre que expulsamos en cada periodo puede tocar la piel de la vulva. Como la sangre es rica en hierro, con cada menstruaci\u00f3n la piel puede ir oscureci\u00e9ndose ligeramente.<\/li>\n<li>La edad: conforme envejecemos, las diversas agresiones en la piel, los cambios hormonales, los roces, etc. hacen que la piel de esa zona se vuelva m\u00e1s oscura.<\/li>\n<li>El uso de algunos productos como el talco pueden oscurecer la piel de la zona.<\/li>\n<li>Cambios hormonales: las mujeres sufren muchos cambios hormonales bruscos en algunas etapas de la vida, como la pubertad, el embarazo o la menopausia. Estos cambios pueden afectar a la melanina y el color de nuestra piel.<\/li>\n<li>Herencia gen\u00e9tica: el color de nuestra zona \u00edntima est\u00e1 relacionado con nuestros genes.<\/li>\n<li>Cambio en los productos de higiene: algunos jabones o desodorantes vaginales tambi\u00e9n pueden ser la causa del oscurecimiento \u00edntimo.<\/li>\n<li>Ciertas enfermedades como el s\u00edndrome de ovario poliqu\u00edstico, el c\u00e1ncer g\u00e1strico, el hipotiroidismo, infecciones u otros trastornos pueden oscurecer la piel de los labios.<\/li>\n<li>La depilaci\u00f3n con cuchilla provoca irritaci\u00f3n en la dermis, activando las c\u00e9lulas de melanina, provocando un oscurecimiento de la piel.<\/li>\n<\/ul>\n<p>&nbsp;<\/p>\n<p><a href=\"https:\/\/wa.link\/3z18fp\">Se recomienda el uso monitoreado con su M\u00e9dico.<\/a><\/p>\n<p>&nbsp;<\/p>\n<h3>Modo de uso<\/h3>\n<p>Aplicar TOSKANI Intimate Cream sobre la piel limpia y seca.<\/p>\n<p>Aplicar 2 veces al d\u00eda, ma\u00f1ana y noche sobre la zona genital.<\/p>\n<p>Para mayor informaci\u00f3n sobre su uso, consulte a su m\u00e9dico.<\/p>\n<p>&nbsp;<\/p>\n<p style=\"text-align: center;\">Favor de mantener \u00e9ste producto en su envase original, bien cerrado y fuera del alcance de los ni\u00f1os.<br \/>\nAlmac\u00e9nelo a temperatura ambiente y lejos del calor excesivo y la humedad.<\/p>\n<p>&nbsp;<\/p>\n<p>&nbsp;<\/p>\n","protected":false},"excerpt":{"rendered":"<p>Salud es Belleza<\/p>\n<h1><\/h1>\n","protected":false},"featured_media":11469,"comment_status":"open","ping_status":"closed","template":"","meta":[],"product_brand":[476],"product_cat":[154,87,192,298,191,71],"product_tag":[370],"class_list":{"0":"post-11468","1":"product","2":"type-product","3":"status-publish","4":"has-post-thumbnail","6":"product_brand-toskani","7":"product_cat-despigmentantes","8":"product_cat-gel","9":"product_cat-genitales","10":"product_cat-toskani","11":"product_cat-toskani-cosmetics","12":"product_cat-tratamiento","13":"product_tag-toskani","15":"first","16":"instock","17":"shipping-taxable","18":"purchasable","19":"product-type-simple"},"aioseo_notices":[],"_links":{"self":[{"href":"https:\/\/iselamendez.mx\/farmacia\/wp-json\/wp\/v2\/product\/11468","targetHints":{"allow":["GET"]}}],"collection":[{"href":"https:\/\/iselamendez.mx\/farmacia\/wp-json\/wp\/v2\/product"}],"about":[{"href":"https:\/\/iselamendez.mx\/farmacia\/wp-json\/wp\/v2\/types\/product"}],"replies":[{"embeddable":true,"href":"https:\/\/iselamendez.mx\/farmacia\/wp-json\/wp\/v2\/comments?post=11468"}],"wp:featuredmedia":[{"embeddable":true,"href":"https:\/\/iselamendez.mx\/farmacia\/wp-json\/wp\/v2\/media\/11469"}],"wp:attachment":[{"href":"https:\/\/iselamendez.mx\/farmacia\/wp-json\/wp\/v2\/media?parent=11468"}],"wp:term":[{"taxonomy":"product_brand","embeddable":true,"href":"https:\/\/iselamendez.mx\/farmacia\/wp-json\/wp\/v2\/product_brand?post=11468"},{"taxonomy":"product_cat","embeddable":true,"href":"https:\/\/iselamendez.mx\/farmacia\/wp-json\/wp\/v2\/product_cat?post=11468"},{"taxonomy":"product_tag","embeddable":true,"href":"https:\/\/iselamendez.mx\/farmacia\/wp-json\/wp\/v2\/product_tag?post=11468"}],"curies":[{"name":"wp","href":"https:\/\/api.w.org\/{rel}","templated":true}]}}