{"id":11904,"date":"2021-08-19T11:08:23","date_gmt":"2021-08-19T16:08:23","guid":{"rendered":"https:\/\/iselamendez.mx\/farmacia\/?post_type=product&#038;p=11904"},"modified":"2026-04-15T10:39:09","modified_gmt":"2026-04-15T16:39:09","slug":"zo-skin-health-pigment-control-blending-creme-80ml","status":"publish","type":"product","link":"https:\/\/iselamendez.mx\/farmacia\/tienda\/funcion\/tratamiento\/despigmentantes\/zo-skin-health-pigment-control-blending-creme-80ml\/","title":{"rendered":"ZO Skin Health Pigment Control + Blending Creme 80ml"},"content":{"rendered":"<p>Zo Skin Health Pigment Control + Blending Creme 80ml \u263e Es una Crema facial nocturna , que contiene 4% de hidroquinona y \u00e1cido glic\u00f3lico, es as\u00ed que son utilizados para corregir los trastornos de la pigmentaci\u00f3n; promover la uniformidad del tono de la piel y mitigar las irritaciones que forman los pigmentos.<\/p>\n<h4><strong>\u00bfC\u00f3mo funciona?<\/strong><\/h4>\n<div class=\"block\">\n<p>Esta Crema de noche ayuda al Blanqueamiento gradual de la piel de afecciones cut\u00e1neas hiper-pigmentadas: cloasma, melasma, pecas y otras hiperpigmentaciones no deseadas<\/p>\n<p>A su vez ayuda a reducir la irritaci\u00f3n asociada con la hidroquinona, generando una alivio prolongado y gracias a su <strong>4% de hidroquinona<\/strong> suprime la producci\u00f3n de pigmentos que causan la piel con manchas.<\/p>\n<p>Esta crema tambi\u00e9n Hidrata la piel reci\u00e9n expuesta, dando una apariencia sana y luminosa gracias a la <strong>Glicerina.<\/strong><\/p>\n<p><strong>Con el \u00c1cido glic\u00f3lico y \u00e1cido asc\u00f3rbico<\/strong> : Elimina la apariencia de la pigmentaci\u00f3n de la superficie. y con las <strong>Saponinas; ayuda a <\/strong>Modular las apariciones no deseadas de la respuesta inflamatoria.<\/p>\n<\/div>\n<div class=\"block\">\n<div class=\"key-ingredients\">\n<p><strong>Vitamina E e hidroxitolueno butilado<\/strong>\u00a0: aporta propiedades antioxidantes<\/p>\n<p>&nbsp;<\/p>\n<\/div>\n<\/div>\n<div class=\"block\">\n<h4><strong><span class=\"title\">Modo de uso: \u263e <\/span><\/strong><\/h4>\n<p>Aplique una capa ligera por las noches, o como se lo re<\/p>\n<p>&nbsp;<\/p>\n<p><strong>Recomendaci\u00f3n: <\/strong><\/p>\n<p>Despu\u00e9s de la aplicaci\u00f3n de la crema se recomienda usar un <a href=\"https:\/\/iselamendez.mx\/farmacia\/categoria-producto\/funcion\/protector-solar\/\">protector solar<\/a> en seguida de Zo Skin Health Pigment Control + Blending Creme 80ml siempre acompa\u00f1ado a este producto.<\/p>\n<p>&nbsp;<\/p>\n<p>Si tienes dudas de otras alternativas para frenar la flacidez en el cuello y la papada; puedes\u00a0<a href=\"https:\/\/wa.link\/3z18fp\">contactarnos para asesorarte<\/a>\u00a0con alg\u00fan tratamiento\u00a0de medicina est\u00e9tica facial<\/p>\n<p>&nbsp;<\/p>\n<p>&nbsp;<\/p>\n<p style=\"text-align: center;\">Favor de mantener \u00e9ste producto en su envase original, bien cerrado y fuera del alcance de los ni\u00f1os.<br \/>\nAlmac\u00e9nelo a temperatura ambiente y lejos del calor excesivo y la humedad.<\/p>\n<pre>Cotizaci\u00f3n bajo receta m\u00e9dica vigente.<\/pre>\n<\/div>\n","protected":false},"excerpt":{"rendered":"<p>Salud es Belleza<\/p>\n<p>Cotizaci\u00f3n bajo receta m\u00e9dica vigente.<\/p>\n","protected":false},"featured_media":11907,"comment_status":"open","ping_status":"closed","template":"","meta":[],"product_brand":[479],"product_cat":[161,154,486,79,71,136],"product_tag":[371],"class_list":{"0":"post-11904","1":"product","2":"type-product","3":"status-publish","4":"has-post-thumbnail","6":"product_brand-zo-skin-health","7":"product_cat-crema-facial-tipo-de-producto","8":"product_cat-despigmentantes","9":"product_cat-promociones-2026","10":"product_cat-rostro","11":"product_cat-tratamiento","12":"product_cat-zo-skin-health","13":"product_tag-zo-skin-health","15":"first","16":"instock","17":"shipping-taxable","18":"purchasable","19":"product-type-simple"},"aioseo_notices":[],"_links":{"self":[{"href":"https:\/\/iselamendez.mx\/farmacia\/wp-json\/wp\/v2\/product\/11904","targetHints":{"allow":["GET"]}}],"collection":[{"href":"https:\/\/iselamendez.mx\/farmacia\/wp-json\/wp\/v2\/product"}],"about":[{"href":"https:\/\/iselamendez.mx\/farmacia\/wp-json\/wp\/v2\/types\/product"}],"replies":[{"embeddable":true,"href":"https:\/\/iselamendez.mx\/farmacia\/wp-json\/wp\/v2\/comments?post=11904"}],"wp:featuredmedia":[{"embeddable":true,"href":"https:\/\/iselamendez.mx\/farmacia\/wp-json\/wp\/v2\/media\/11907"}],"wp:attachment":[{"href":"https:\/\/iselamendez.mx\/farmacia\/wp-json\/wp\/v2\/media?parent=11904"}],"wp:term":[{"taxonomy":"product_brand","embeddable":true,"href":"https:\/\/iselamendez.mx\/farmacia\/wp-json\/wp\/v2\/product_brand?post=11904"},{"taxonomy":"product_cat","embeddable":true,"href":"https:\/\/iselamendez.mx\/farmacia\/wp-json\/wp\/v2\/product_cat?post=11904"},{"taxonomy":"product_tag","embeddable":true,"href":"https:\/\/iselamendez.mx\/farmacia\/wp-json\/wp\/v2\/product_tag?post=11904"}],"curies":[{"name":"wp","href":"https:\/\/api.w.org\/{rel}","templated":true}]}}