{"id":13224,"date":"2021-11-04T11:32:13","date_gmt":"2021-11-04T17:32:13","guid":{"rendered":"https:\/\/iselamendez.mx\/farmacia\/?post_type=product&#038;p=13224"},"modified":"2026-04-01T03:20:33","modified_gmt":"2026-04-01T09:20:33","slug":"filorga-skin-unify-radiance-15ml","status":"publish","type":"product","link":"https:\/\/iselamendez.mx\/farmacia\/tienda\/funcion\/tratamiento\/anti-edad\/filorga-skin-unify-radiance-15ml\/","title":{"rendered":"Filorga Skin Unify Radiance 15ml"},"content":{"rendered":"<p><a href=\"https:\/\/es.filorga.com\/product\/skin-unify-radiance\/\">Filorga Skin-Unify Radiance<\/a><\/p>\n<p>Fluido perfeccionador iluminador <strong>Mitad cuidado, mitad iluminador.<\/strong><\/p>\n<p>&nbsp;<\/p>\n<p>Este tratamiento facial perfeccionador e iluminador el peeling y el medical strobing: La nueva t\u00e9cnica de medicina est\u00e9tica que revela la luminosidad. Sus activos avanzados unifican la tez y dan volumen a la piel para que pueda reflejar mejor la luz. Su textura perlada envuelve la piel en un aura luminosa sutil para una luminosidad inmediata.<\/p>\n<p>Una textura sensorial asombrosa<\/p>\n<p>La textura fluida de este tratamiento perfeccionador iluminador est\u00e1 formulada con n\u00e1cares que se funden en la piel para revelar luminosidad.<\/p>\n<p>&nbsp;<\/p>\n<p><strong>MODO DE USO:<\/strong><\/p>\n<p>Aplica tu Filorga Skin-Unify Radiance por la ma\u00f1ana antes del maquillaje para dar un mejor toque de luminosidad o bien despu\u00e9s del maquillaje para un efecto m\u00e1s pronunciado.<\/p>\n<p>Aplicarlo en \u00e1reas calve que reflejan la luz como; p\u00f3mulos, arco de ceja, ment\u00f3n y puente de la nariz.<\/p>\n<p>Deber\u00e1s colocar sobre la piel y luego difuminarlo con el dedo, tambi\u00e9n se puede utilizar como retoque en cualquier momento del d\u00eda por encima del maquillaje.<\/p>\n<p>&nbsp;<\/p>\n<p>Tienda en l\u00ednea <a href=\"https:\/\/iselamendez.mx\/\">Isela M\u00e9ndez<\/a> tenemos los mejores productos de <strong>FILORGA<\/strong> consulta algunos de nuestros dermat\u00f3logos para una mejor autoevaluaci\u00f3n.<\/p>\n<p>&nbsp;<\/p>\n","protected":false},"excerpt":{"rendered":"<p>Salud es belleza.<\/p>\n","protected":false},"featured_media":13226,"comment_status":"open","ping_status":"closed","template":"","meta":[],"product_brand":[423],"product_cat":[152,161,75,176,49,486,79,71],"product_tag":[346],"class_list":{"0":"post-13224","1":"product","2":"type-product","3":"status-publish","4":"has-post-thumbnail","6":"product_brand-filorga","7":"product_cat-anti-edad","8":"product_cat-crema-facial-tipo-de-producto","9":"product_cat-crema-facial","10":"product_cat-efecto-peeling","11":"product_cat-filorga","12":"product_cat-promociones-2026","13":"product_cat-rostro","14":"product_cat-tratamiento","15":"product_tag-filorga","17":"first","18":"instock","19":"shipping-taxable","20":"purchasable","21":"product-type-simple"},"aioseo_notices":[],"_links":{"self":[{"href":"https:\/\/iselamendez.mx\/farmacia\/wp-json\/wp\/v2\/product\/13224","targetHints":{"allow":["GET"]}}],"collection":[{"href":"https:\/\/iselamendez.mx\/farmacia\/wp-json\/wp\/v2\/product"}],"about":[{"href":"https:\/\/iselamendez.mx\/farmacia\/wp-json\/wp\/v2\/types\/product"}],"replies":[{"embeddable":true,"href":"https:\/\/iselamendez.mx\/farmacia\/wp-json\/wp\/v2\/comments?post=13224"}],"wp:featuredmedia":[{"embeddable":true,"href":"https:\/\/iselamendez.mx\/farmacia\/wp-json\/wp\/v2\/media\/13226"}],"wp:attachment":[{"href":"https:\/\/iselamendez.mx\/farmacia\/wp-json\/wp\/v2\/media?parent=13224"}],"wp:term":[{"taxonomy":"product_brand","embeddable":true,"href":"https:\/\/iselamendez.mx\/farmacia\/wp-json\/wp\/v2\/product_brand?post=13224"},{"taxonomy":"product_cat","embeddable":true,"href":"https:\/\/iselamendez.mx\/farmacia\/wp-json\/wp\/v2\/product_cat?post=13224"},{"taxonomy":"product_tag","embeddable":true,"href":"https:\/\/iselamendez.mx\/farmacia\/wp-json\/wp\/v2\/product_tag?post=13224"}],"curies":[{"name":"wp","href":"https:\/\/api.w.org\/{rel}","templated":true}]}}