{"id":13577,"date":"2021-12-02T17:33:41","date_gmt":"2021-12-02T23:33:41","guid":{"rendered":"https:\/\/iselamendez.mx\/farmacia\/?post_type=product&#038;p=13577"},"modified":"2026-04-15T16:46:18","modified_gmt":"2026-04-15T22:46:18","slug":"svr-cicavitcreme-mains-75g","status":"publish","type":"product","link":"https:\/\/iselamendez.mx\/farmacia\/tienda\/funcion\/tratamiento\/hidratacion\/svr-cicavitcreme-mains-75g\/","title":{"rendered":"SVR Cicavit+ Creme Mains 75g"},"content":{"rendered":"<p><a href=\"https:\/\/es.labo-svr.com\/products\/creme-mains-cicavit?variant=39468854378582\">SVR Cicavit + Creme Mains 75g<\/a><\/p>\n<p>Es una crema que te protege de la irritaci\u00f3n causada d\u00eda a d\u00eda, es ideal para piel da\u00f1ada y con sequedad severa que busca mejorar la calidad de la piel. Ideal para aquellas manos que est\u00e1n expuestas al constante lavado de manos, gel antibacterial, roces, exposici\u00f3n a productos de limpieza, al cambio de temperatura. La textura es cremosa permite seguir con nuestras actividades.<\/p>\n<p><strong>MODO DE USO:<\/strong> Aplicar en las manos, u\u00f1as y mu\u00f1ecas tantas veces como sea necesario.<\/p>\n<p><strong>BENEFICIOS<\/strong>:<\/p>\n<ul>\n<li>Hidrataci\u00f3n durante 8-horas<\/li>\n<li>Manos menos secas<\/li>\n<li>Manos m\u00e1s suaves<\/li>\n<li>Una piel m\u00e1s calmada al instante<\/li>\n<li>Una piel reparada de forma duradera.<\/li>\n<\/ul>\n<p>&nbsp;<\/p>\n<p>Tienda en l\u00ednea <a href=\"https:\/\/iselamendez.mx\/\">Isela M\u00e9ndez<\/a> tenemos los mejores productos de <strong>SVR<\/strong> consulta algunos de nuestros dermat\u00f3logos para una mejor autoevaluaci\u00f3n.<\/p>\n<p>&nbsp;<\/p>\n<p>&nbsp;<\/p>\n","protected":false},"excerpt":{"rendered":"<p>Salud es belleza.<\/p>\n","protected":false},"featured_media":13586,"comment_status":"open","ping_status":"closed","template":"","meta":[],"product_brand":[474],"product_cat":[93,157,110,486,32],"product_tag":[368],"class_list":{"0":"post-13577","1":"product","2":"type-product","3":"status-publish","4":"has-post-thumbnail","6":"product_brand-svr","7":"product_cat-crema-corporal","8":"product_cat-hidratacion","9":"product_cat-manos","10":"product_cat-promociones-2026","11":"product_cat-svr","12":"product_tag-svr","14":"first","15":"instock","16":"shipping-taxable","17":"purchasable","18":"product-type-simple"},"aioseo_notices":[],"_links":{"self":[{"href":"https:\/\/iselamendez.mx\/farmacia\/wp-json\/wp\/v2\/product\/13577","targetHints":{"allow":["GET"]}}],"collection":[{"href":"https:\/\/iselamendez.mx\/farmacia\/wp-json\/wp\/v2\/product"}],"about":[{"href":"https:\/\/iselamendez.mx\/farmacia\/wp-json\/wp\/v2\/types\/product"}],"replies":[{"embeddable":true,"href":"https:\/\/iselamendez.mx\/farmacia\/wp-json\/wp\/v2\/comments?post=13577"}],"wp:featuredmedia":[{"embeddable":true,"href":"https:\/\/iselamendez.mx\/farmacia\/wp-json\/wp\/v2\/media\/13586"}],"wp:attachment":[{"href":"https:\/\/iselamendez.mx\/farmacia\/wp-json\/wp\/v2\/media?parent=13577"}],"wp:term":[{"taxonomy":"product_brand","embeddable":true,"href":"https:\/\/iselamendez.mx\/farmacia\/wp-json\/wp\/v2\/product_brand?post=13577"},{"taxonomy":"product_cat","embeddable":true,"href":"https:\/\/iselamendez.mx\/farmacia\/wp-json\/wp\/v2\/product_cat?post=13577"},{"taxonomy":"product_tag","embeddable":true,"href":"https:\/\/iselamendez.mx\/farmacia\/wp-json\/wp\/v2\/product_tag?post=13577"}],"curies":[{"name":"wp","href":"https:\/\/api.w.org\/{rel}","templated":true}]}}