{"id":13924,"date":"2022-01-10T11:36:34","date_gmt":"2022-01-10T17:36:34","guid":{"rendered":"https:\/\/iselamendez.mx\/farmacia\/?post_type=product&#038;p=13924"},"modified":"2026-04-01T03:20:39","modified_gmt":"2026-04-01T09:20:39","slug":"ds-laboratories-spectral-f7","status":"publish","type":"product","link":"https:\/\/iselamendez.mx\/farmacia\/tienda\/funcion\/tratamiento\/crecimiento-capilar\/ds-laboratories-spectral-f7\/","title":{"rendered":"DS Laboratories Spectral.F7 Serum 60 ml"},"content":{"rendered":"<h3><strong>DS Laboratories Spectral.F7 Serum 60 ml<\/strong><\/h3>\n<p><strong>Descripci\u00f3n Larga:<\/strong><br \/>\n<strong>DS Laboratories Spectral.F7 Serum 60 ml<\/strong> es un <strong>tratamiento innovador<\/strong> formulado para <strong>prevenir<\/strong> la ca\u00edda del cabello y <strong>fortalecer<\/strong> los fol\u00edculos capilares. Gracias a su combinaci\u00f3n \u00fanica de <strong>astressin-B<\/strong>, un potente p\u00e9ptido, y <strong>adenoquina<\/strong>, este s\u00e9rum act\u00faa directamente sobre los fol\u00edculos para estimular su crecimiento y mejorar la densidad capilar. Ideal para quienes experimentan ca\u00edda del cabello debido al estr\u00e9s, cambios hormonales o envejecimiento, este producto es perfecto para mantener un cabello m\u00e1s <strong>fuerte<\/strong>, <strong>grueso<\/strong> y <strong>saludable<\/strong>.<\/p>\n<p><strong>Beneficios:<\/strong><\/p>\n<ul>\n<li><strong>Previene<\/strong> la ca\u00edda del cabello y <strong>fortalece<\/strong> los fol\u00edculos capilares.<\/li>\n<li><strong>Mejora<\/strong> la densidad y grosor del cabello.<\/li>\n<li>Potente combinaci\u00f3n de ingredientes como <strong>astressin-B<\/strong> y <strong>adenoquina<\/strong>.<\/li>\n<li>Estimula el crecimiento capilar desde la ra\u00edz.<\/li>\n<li>Absorci\u00f3n r\u00e1pida gracias a la tecnolog\u00eda de <strong>encapsulaci\u00f3n nanosome<\/strong>.<\/li>\n<\/ul>\n<p><strong>Ingredientes:<\/strong><\/p>\n<ul>\n<li><strong>Astressin-B<\/strong>: P\u00e9ptido que ayuda a reducir la ca\u00edda del cabello.<\/li>\n<li><strong>Adenoquina<\/strong>: Potente estimulante del crecimiento capilar.<\/li>\n<li><strong>Extracto de hoja de t\u00e9 verde<\/strong>: Aporta antioxidantes y fortalece el cabello.<\/li>\n<li><strong>Biotina<\/strong>: Fortalece el cabello y mejora su elasticidad.<\/li>\n<\/ul>\n<p><strong>C\u00f3mo Usar:<\/strong> Aplicar <strong>DS Laboratories Spectral.F7 Serum 60 ml<\/strong> directamente en el cuero cabelludo limpio y seco, dos veces al d\u00eda, por la ma\u00f1ana y por la noche. Masajear suavemente con las yemas de los dedos para asegurar su absorci\u00f3n. No enjuagar.<\/p>\n<p><strong>Llamada a la Acci\u00f3n:<\/strong> Compra <strong>DS Laboratories Spectral.F7 Serum 60 ml<\/strong> en la <a href=\"https:\/\/www.facebook.com\/clinicaIselaMendez\" target=\"_new\" rel=\"noopener\">Farmacia en L\u00ednea Isela M\u00e9ndez<\/a> y dale a tu cabello la fuerza y el volumen que necesita. \u00a1Transforma tu cabello con un tratamiento avanzado y eficaz!<\/p>\n<h3><strong>Conclusi\u00f3n<\/strong><\/h3>\n<p><strong>DS Laboratories Spectral.F7 Serum 60 ml<\/strong> es la soluci\u00f3n perfecta para combatir la ca\u00edda del cabello y mejorar su densidad. Disponible en <a href=\"https:\/\/iselamendez.mx\/farmacia\/programa-de-lealtad-boutique-isela-mendez\" target=\"_new\" rel=\"noopener\">Isela M\u00e9ndez<\/a>, este s\u00e9rum te ayudar\u00e1 a mantener un cabello <strong>fuerte<\/strong>, <strong>grueso<\/strong> y <strong>saludable<\/strong>. \u00a1No esperes m\u00e1s para darle a tu cabello el cuidado que merece!<\/p>\n<p><a href=\"https:\/\/iselamendez.mx\/farmacia\/tienda\/marcas\/ds-laboratories\/ds-laboratories-revita-sod-30-tabletas\/\">.<\/a><\/p>\n<p>&nbsp;<\/p>\n<p>&nbsp;<\/p>\n","protected":false},"excerpt":{"rendered":"<p>Salud es belleza<\/p>\n","protected":false},"featured_media":61659,"comment_status":"open","ping_status":"closed","template":"","meta":[],"product_brand":[412],"product_cat":[67,112,151,115,71],"product_tag":[348],"class_list":{"0":"post-13924","1":"product","2":"type-product","3":"status-publish","4":"has-post-thumbnail","6":"product_brand-ds-laboratories","7":"product_cat-atomizador","8":"product_cat-cabeza","9":"product_cat-crecimiento-capilar","10":"product_cat-ds-laboratories","11":"product_cat-tratamiento","12":"product_tag-ds-laboratories","14":"first","15":"instock","16":"shipping-taxable","17":"purchasable","18":"product-type-simple"},"aioseo_notices":[],"_links":{"self":[{"href":"https:\/\/iselamendez.mx\/farmacia\/wp-json\/wp\/v2\/product\/13924","targetHints":{"allow":["GET"]}}],"collection":[{"href":"https:\/\/iselamendez.mx\/farmacia\/wp-json\/wp\/v2\/product"}],"about":[{"href":"https:\/\/iselamendez.mx\/farmacia\/wp-json\/wp\/v2\/types\/product"}],"replies":[{"embeddable":true,"href":"https:\/\/iselamendez.mx\/farmacia\/wp-json\/wp\/v2\/comments?post=13924"}],"wp:featuredmedia":[{"embeddable":true,"href":"https:\/\/iselamendez.mx\/farmacia\/wp-json\/wp\/v2\/media\/61659"}],"wp:attachment":[{"href":"https:\/\/iselamendez.mx\/farmacia\/wp-json\/wp\/v2\/media?parent=13924"}],"wp:term":[{"taxonomy":"product_brand","embeddable":true,"href":"https:\/\/iselamendez.mx\/farmacia\/wp-json\/wp\/v2\/product_brand?post=13924"},{"taxonomy":"product_cat","embeddable":true,"href":"https:\/\/iselamendez.mx\/farmacia\/wp-json\/wp\/v2\/product_cat?post=13924"},{"taxonomy":"product_tag","embeddable":true,"href":"https:\/\/iselamendez.mx\/farmacia\/wp-json\/wp\/v2\/product_tag?post=13924"}],"curies":[{"name":"wp","href":"https:\/\/api.w.org\/{rel}","templated":true}]}}