{"id":13931,"date":"2022-01-10T13:16:30","date_gmt":"2022-01-10T19:16:30","guid":{"rendered":"https:\/\/iselamendez.mx\/farmacia\/?post_type=product&#038;p=13931"},"modified":"2026-04-21T23:04:20","modified_gmt":"2026-04-22T05:04:20","slug":"filorga-lift-mask-1-pieza","status":"publish","type":"product","link":"https:\/\/iselamendez.mx\/farmacia\/tienda\/funcion\/tratamiento\/anti-edad\/filorga-lift-mask-1-pieza\/","title":{"rendered":"Filorga Lift Mask 1 Pza"},"content":{"rendered":"<p><a href=\"https:\/\/www.filorga.com\/mx_es\/lift-mask-864\">FILORGA LIFT- MASK<\/a><\/p>\n<p>Masque super-liftant<\/p>\n<p>&nbsp;<\/p>\n<p>La mascarilla <a href=\"https:\/\/www.filorga.com\/mx_es\/lift-mask-864\">LIFT- MASK<\/a> contiene tecnolog\u00eda avanzada que ayudaran a alisar la zona, aumentara el col\u00e1geno, retrasa el envejecimiento cut\u00e1neo. Es para todo tipo de piel, falta de vitalidad y piel cansada.<\/p>\n<p>&nbsp;<\/p>\n<p><strong>MODO DE USO:<\/strong><\/p>\n<ul>\n<li>Abrir tu <a href=\"https:\/\/www.filorga.com\/mx_es\/lift-mask-864\">LIFT- MASK<\/a> y desplegar la mascarilla.<\/li>\n<li>Retirar delicadamente la malla protectora y colocarla sobre el rostro previamente limpio.<\/li>\n<li>Retirar la segunda capa protectora.<\/li>\n<li>Dejar actuar 15 minutos.<\/li>\n<li>Retirar la mascarilla y hacer penetrar el exceso de producto masajeando mediante movimientos ascendentes en el rostro, cuello y escote.<\/li>\n<li>Aplicar de una a tres veces por semana.<\/li>\n<li>No enjuagar.<\/li>\n<\/ul>\n<p>&nbsp;<\/p>\n<p>Para tener mejores resultados puedes usar:<\/p>\n<p><a href=\"https:\/\/iselamendez.mx\/farmacia\/tienda\/marcas\/filorga\/filorga-lift-designer-serum\/\">LIFT-DESIGNER SERUM<\/a><\/p>\n<p><a href=\"https:\/\/iselamendez.mx\/farmacia\/tienda\/marcas\/filorga\/filorga-lift-structure-50ml\/\">LIFT-STRUCTURE<\/a><\/p>\n<p><a href=\"https:\/\/iselamendez.mx\/farmacia\/tienda\/marcas\/filorga\/filorga-lift-structure-radiance-50ml\/\">LIFT-STRUCTURE \u2013 RADIANCE<\/a><\/p>\n<p><a href=\"https:\/\/iselamendez.mx\/farmacia\/tienda\/marcas\/filorga\/filorga-sleep-and-lift-50ml\/\">SLEEP &amp; LIFT<\/a><\/p>\n<p>&nbsp;<\/p>\n<p>&nbsp;<\/p>\n<p>&nbsp;<\/p>\n<p>&nbsp;<\/p>\n","protected":false},"excerpt":{"rendered":"<p>Salud es belleza.<\/p>\n","protected":false},"featured_media":13932,"comment_status":"open","ping_status":"closed","template":"","meta":[],"product_brand":[423],"product_cat":[152,160,49,167,486,79,71],"product_tag":[346],"class_list":{"0":"post-13931","1":"product","2":"type-product","3":"status-publish","4":"has-post-thumbnail","6":"product_brand-filorga","7":"product_cat-anti-edad","8":"product_cat-efecto-lifting","9":"product_cat-filorga","10":"product_cat-mascarilla-facial-tipo-de-producto","11":"product_cat-promociones-2026","12":"product_cat-rostro","13":"product_cat-tratamiento","14":"product_tag-filorga","16":"first","17":"instock","18":"shipping-taxable","19":"purchasable","20":"product-type-simple"},"aioseo_notices":[],"_links":{"self":[{"href":"https:\/\/iselamendez.mx\/farmacia\/wp-json\/wp\/v2\/product\/13931","targetHints":{"allow":["GET"]}}],"collection":[{"href":"https:\/\/iselamendez.mx\/farmacia\/wp-json\/wp\/v2\/product"}],"about":[{"href":"https:\/\/iselamendez.mx\/farmacia\/wp-json\/wp\/v2\/types\/product"}],"replies":[{"embeddable":true,"href":"https:\/\/iselamendez.mx\/farmacia\/wp-json\/wp\/v2\/comments?post=13931"}],"wp:featuredmedia":[{"embeddable":true,"href":"https:\/\/iselamendez.mx\/farmacia\/wp-json\/wp\/v2\/media\/13932"}],"wp:attachment":[{"href":"https:\/\/iselamendez.mx\/farmacia\/wp-json\/wp\/v2\/media?parent=13931"}],"wp:term":[{"taxonomy":"product_brand","embeddable":true,"href":"https:\/\/iselamendez.mx\/farmacia\/wp-json\/wp\/v2\/product_brand?post=13931"},{"taxonomy":"product_cat","embeddable":true,"href":"https:\/\/iselamendez.mx\/farmacia\/wp-json\/wp\/v2\/product_cat?post=13931"},{"taxonomy":"product_tag","embeddable":true,"href":"https:\/\/iselamendez.mx\/farmacia\/wp-json\/wp\/v2\/product_tag?post=13931"}],"curies":[{"name":"wp","href":"https:\/\/api.w.org\/{rel}","templated":true}]}}