{"id":14809,"date":"2022-02-17T11:10:42","date_gmt":"2022-02-17T17:10:42","guid":{"rendered":"https:\/\/iselamendez.mx\/farmacia\/?post_type=product&#038;p=14809"},"modified":"2026-04-01T03:20:40","modified_gmt":"2026-04-01T09:20:40","slug":"esthederm-intensive-vitamine-e2-serum-30ml","status":"publish","type":"product","link":"https:\/\/iselamendez.mx\/farmacia\/tienda\/zona-del-cuerpo\/cuello-y-escote\/esthederm-intensive-vitamine-e2-serum-30ml\/","title":{"rendered":"Esthederm Intensive Vitamine E2 Serum 30ml"},"content":{"rendered":"<p><a href=\"https:\/\/institutesthederm.com.mx\/nuestrosproductos\/vitamina-e\/\">Esthederm Intensive Vitamine E2 Serum 30ml<\/a><\/p>\n<h5>Suero con dos formas complementarias de vitamina E. Calma la piel sensible y la protege del estr\u00e9s oxidativo<\/h5>\n<p>&nbsp;<\/p>\n<h5>\u00bfC\u00f3mo act\u00faa?<\/h5>\n<ul>\n<li>Acci\u00f3n anti-oxidante<\/li>\n<\/ul>\n<p>Combate el exceso de radicales libres, protege las estructuras celulares y combate la hipersensibilidad cut\u00e1nea<\/p>\n<ul>\n<li>Acci\u00f3n anti-inflamatoria<\/li>\n<\/ul>\n<p>Regula los mecanismos signos de la inflamaci\u00f3n cut\u00e1nea (enrojecimiento, irritaci\u00f3n) y tiene un efecto calmante sobre la sensibilidad de la piel y la hiper-pigmentaci\u00f3n reactiva<\/p>\n<p>&nbsp;<\/p>\n<h5>Modo de uso:<\/h5>\n<p>1. Aplica <a href=\"https:\/\/institutesthederm.com.mx\/nuestrosproductos\/vitamina-e\/\">Vitamine E2<\/a>\u00a02 o 3 bombeos del producto en el rostro, cuello y escote por la ma\u00f1ana y noche.<br \/>\n2. Masajear usando suaves movimientos comenzando por las mejillas, continuar por la frente, el ment\u00f3n y el contorno facial. Terminar con el cuello y el escote.<\/p>\n<p>&nbsp;<\/p>\n<p>&nbsp;<\/p>\n","protected":false},"excerpt":{"rendered":"<p>Salud es belleza<\/p>\n<h5><\/h5>\n","protected":false},"featured_media":14868,"comment_status":"open","ping_status":"closed","template":"","meta":[],"product_brand":[418],"product_cat":[81,201,486,79,69,71],"product_tag":[350],"class_list":{"0":"post-14809","1":"product","2":"type-product","3":"status-publish","4":"has-post-thumbnail","6":"product_brand-esthederm","7":"product_cat-cuello-y-escote","8":"product_cat-esthederm","9":"product_cat-promociones-2026","10":"product_cat-rostro","11":"product_cat-suero","12":"product_cat-tratamiento","13":"product_tag-esthederm","15":"first","16":"outofstock","17":"shipping-taxable","18":"purchasable","19":"product-type-simple"},"aioseo_notices":[],"_links":{"self":[{"href":"https:\/\/iselamendez.mx\/farmacia\/wp-json\/wp\/v2\/product\/14809","targetHints":{"allow":["GET"]}}],"collection":[{"href":"https:\/\/iselamendez.mx\/farmacia\/wp-json\/wp\/v2\/product"}],"about":[{"href":"https:\/\/iselamendez.mx\/farmacia\/wp-json\/wp\/v2\/types\/product"}],"replies":[{"embeddable":true,"href":"https:\/\/iselamendez.mx\/farmacia\/wp-json\/wp\/v2\/comments?post=14809"}],"wp:featuredmedia":[{"embeddable":true,"href":"https:\/\/iselamendez.mx\/farmacia\/wp-json\/wp\/v2\/media\/14868"}],"wp:attachment":[{"href":"https:\/\/iselamendez.mx\/farmacia\/wp-json\/wp\/v2\/media?parent=14809"}],"wp:term":[{"taxonomy":"product_brand","embeddable":true,"href":"https:\/\/iselamendez.mx\/farmacia\/wp-json\/wp\/v2\/product_brand?post=14809"},{"taxonomy":"product_cat","embeddable":true,"href":"https:\/\/iselamendez.mx\/farmacia\/wp-json\/wp\/v2\/product_cat?post=14809"},{"taxonomy":"product_tag","embeddable":true,"href":"https:\/\/iselamendez.mx\/farmacia\/wp-json\/wp\/v2\/product_tag?post=14809"}],"curies":[{"name":"wp","href":"https:\/\/api.w.org\/{rel}","templated":true}]}}