{"id":14815,"date":"2022-02-17T11:28:28","date_gmt":"2022-02-17T17:28:28","guid":{"rendered":"https:\/\/iselamendez.mx\/farmacia\/?post_type=product&#038;p=14815"},"modified":"2026-04-01T03:20:41","modified_gmt":"2026-04-01T09:20:41","slug":"esthederm-intensive-retinol-creme-50ml","status":"publish","type":"product","link":"https:\/\/iselamendez.mx\/farmacia\/tienda\/funcion\/tratamiento\/anti-edad\/esthederm-intensive-retinol-creme-50ml\/","title":{"rendered":"Esthederm Intensive Retinol Crema 50ml"},"content":{"rendered":"<p><a href=\"https:\/\/institutesthederm.com.mx\/nuestrosproductos\/crema-retinol\/\">Esthederm Intensive Retinol Creme 50ml<\/a><\/p>\n<h5>Crema de vitamina A de liberaci\u00f3n prolongada para un efecto anti-envejecimiento continuo y duradero<\/h5>\n<p>Ideal para todo tipo de piel<\/p>\n<h5>\u00bfC\u00f3mo act\u00faa?<\/h5>\n<ul>\n<li><strong>Minimiza las arrugas y mejora la calidad de la piel<\/strong><br \/>\nDespu\u00e9s de cuatro semanas de tratamiento en asociaci\u00f3n con el suero se observ\u00f3 una reducci\u00f3n media significativa en:<br \/>\n-28% Arrugas<br \/>\n-20% Poros<br \/>\n-15% Textura irregular<\/li>\n<\/ul>\n<p>&nbsp;<\/p>\n<ul>\n<li><strong>Estabilidad y tolerancia optimas<\/strong><br \/>\nCrema de Retinil Palmitato, un \u00e9ster precursor del retinol que ofrece la mejor relaci\u00f3n eficacia-estabilidad y que es seguro para usar a\u00fan durante el d\u00eda para un efecto continuo y duradero<\/li>\n<\/ul>\n<p>&nbsp;<\/p>\n<h5>Modo de uso:<\/h5>\n<p>1. Aplica <a href=\"https:\/\/institutesthederm.com.mx\/nuestrosproductos\/crema-retinol\/\"> Intensive Retinol Creme<\/a> en el rostro, cuello y escote por la ma\u00f1ana y por la noche<br \/>\n2. Masajear usando suaves movimientos comenzando por las mejillas.<br \/>\n3. Continuar por la frente, el ment\u00f3n y el contorno facial, terminar con el cuello y el escote.<\/p>\n<p>&nbsp;<\/p>\n<p>&nbsp;<\/p>\n<p>&nbsp;<\/p>\n","protected":false},"excerpt":{"rendered":"<p>Salud es belleza<\/p>\n<h4><\/h4>\n","protected":false},"featured_media":68554,"comment_status":"open","ping_status":"closed","template":"","meta":[],"product_brand":[418],"product_cat":[152,161,81,201,486,79],"product_tag":[350],"class_list":{"0":"post-14815","1":"product","2":"type-product","3":"status-publish","4":"has-post-thumbnail","6":"product_brand-esthederm","7":"product_cat-anti-edad","8":"product_cat-crema-facial-tipo-de-producto","9":"product_cat-cuello-y-escote","10":"product_cat-esthederm","11":"product_cat-promociones-2026","12":"product_cat-rostro","13":"product_tag-esthederm","15":"first","16":"instock","17":"shipping-taxable","18":"purchasable","19":"product-type-simple"},"aioseo_notices":[],"_links":{"self":[{"href":"https:\/\/iselamendez.mx\/farmacia\/wp-json\/wp\/v2\/product\/14815","targetHints":{"allow":["GET"]}}],"collection":[{"href":"https:\/\/iselamendez.mx\/farmacia\/wp-json\/wp\/v2\/product"}],"about":[{"href":"https:\/\/iselamendez.mx\/farmacia\/wp-json\/wp\/v2\/types\/product"}],"replies":[{"embeddable":true,"href":"https:\/\/iselamendez.mx\/farmacia\/wp-json\/wp\/v2\/comments?post=14815"}],"wp:featuredmedia":[{"embeddable":true,"href":"https:\/\/iselamendez.mx\/farmacia\/wp-json\/wp\/v2\/media\/68554"}],"wp:attachment":[{"href":"https:\/\/iselamendez.mx\/farmacia\/wp-json\/wp\/v2\/media?parent=14815"}],"wp:term":[{"taxonomy":"product_brand","embeddable":true,"href":"https:\/\/iselamendez.mx\/farmacia\/wp-json\/wp\/v2\/product_brand?post=14815"},{"taxonomy":"product_cat","embeddable":true,"href":"https:\/\/iselamendez.mx\/farmacia\/wp-json\/wp\/v2\/product_cat?post=14815"},{"taxonomy":"product_tag","embeddable":true,"href":"https:\/\/iselamendez.mx\/farmacia\/wp-json\/wp\/v2\/product_tag?post=14815"}],"curies":[{"name":"wp","href":"https:\/\/api.w.org\/{rel}","templated":true}]}}