{"id":14847,"date":"2022-02-18T12:39:20","date_gmt":"2022-02-18T18:39:20","guid":{"rendered":"https:\/\/iselamendez.mx\/farmacia\/?post_type=product&#038;p=14847"},"modified":"2026-04-22T23:58:48","modified_gmt":"2026-04-23T05:58:48","slug":"esthederm-eau-cellulaire-brume-200ml","status":"publish","type":"product","link":"https:\/\/iselamendez.mx\/farmacia\/tienda\/marcas\/esthederm\/esthederm-eau-cellulaire-brume-200ml\/","title":{"rendered":"Esthederm Eau Cellulaire Brume\/Mist 200ml"},"content":{"rendered":"<p><a href=\"https:\/\/www.esthederm.com\/es\/agua-celular-bruma.html?__cf_chl_tk=Jr5Aa1_bgwZY30jEx2CkNcy9Ml92f3Nvny1zEaNXuGc-1645208876-0-gaNycGzNCNE\">Esthederm Bruma de Agua Celular 200ml<\/a><\/p>\n<h5>Bruma triple acci\u00f3n: Energizante, antioxidante, hydra-booster<\/h5>\n<p>Si el 70% de la f\u00f3rmula de un producto cosm\u00e9tico es agua, \u00bfPor qu\u00e9 no hacerlo ingrediente activo?<\/p>\n<p>El agua celular recrea un ambiente ideal para la supervivencia de las c\u00e9lulas y las protege de las agresiones, gracias a su poder antioxidante de amplio espectro.<\/p>\n<p><strong>Contiene \u00e1cido hialur\u00f3nico bajo el peso molecular.\u00a0<\/strong><\/p>\n<h5>\u00bfC\u00f3mo act\u00faa?<\/h5>\n<p>Bruma triple acci\u00f3n de agua celular con \u00e1cido hialur\u00f3nico:<\/p>\n<ul>\n<li><strong>Energizante<\/strong><br \/>\nOptimiza el metabolismo celular y estimula\u00a0 la producci\u00f3n de energ\u00eda de cada c\u00e9lula de la piel.<\/li>\n<li><strong>Antioxidante<\/strong><br \/>\nProporciona protecci\u00f3n antioxidante de amplio espectro. Crea un entorno \u00f3ptimo para las c\u00e9lulas.<\/li>\n<li><strong>Hydra-booster<\/strong><br \/>\nAumenta la capacidad de prolongar la efectividad de los tratamientos-productos<\/li>\n<\/ul>\n<p>&nbsp;<\/p>\n<h5>Modo de uso:<\/h5>\n<p>1. Vaporizar el rostro con tu <a href=\"https:\/\/www.esthederm.com\/es\/agua-celular-bruma.html?__cf_chl_tk=Jr5Aa1_bgwZY30jEx2CkNcy9Ml92f3Nvny1zEaNXuGc-1645208876-0-gaNycGzNCNE\">Agua celular <\/a>a una distancia de 30\u202fcm<br \/>\n2. Fijar y activar su penetraci\u00f3n con ligeros toques con las palmas de tus manos sobre frente, mejillas, barbilla y cuello.<\/p>\n<p>&nbsp;<\/p>\n<p><b>Utilizar despu\u00e9s de aplicar el maquillaje o bien despu\u00e9s de tu rutina de skincare o en cualquier momento del d\u00eda.<\/b><\/p>\n<p>&nbsp;<\/p>\n<p>&nbsp;<\/p>\n","protected":false},"excerpt":{"rendered":"<p>Salud es belleza<\/p>\n<h4><\/h4>\n","protected":false},"featured_media":15046,"comment_status":"open","ping_status":"closed","template":"","meta":[],"product_brand":[418],"product_cat":[203,201,486,79,105],"product_tag":[350],"class_list":{"0":"post-14847","1":"product","2":"type-product","3":"status-publish","4":"has-post-thumbnail","6":"product_brand-esthederm","7":"product_cat-antioxidante","8":"product_cat-esthederm","9":"product_cat-promociones-2026","10":"product_cat-rostro","11":"product_cat-spray","12":"product_tag-esthederm","14":"first","15":"instock","16":"shipping-taxable","17":"purchasable","18":"product-type-simple"},"aioseo_notices":[],"_links":{"self":[{"href":"https:\/\/iselamendez.mx\/farmacia\/wp-json\/wp\/v2\/product\/14847","targetHints":{"allow":["GET"]}}],"collection":[{"href":"https:\/\/iselamendez.mx\/farmacia\/wp-json\/wp\/v2\/product"}],"about":[{"href":"https:\/\/iselamendez.mx\/farmacia\/wp-json\/wp\/v2\/types\/product"}],"replies":[{"embeddable":true,"href":"https:\/\/iselamendez.mx\/farmacia\/wp-json\/wp\/v2\/comments?post=14847"}],"wp:featuredmedia":[{"embeddable":true,"href":"https:\/\/iselamendez.mx\/farmacia\/wp-json\/wp\/v2\/media\/15046"}],"wp:attachment":[{"href":"https:\/\/iselamendez.mx\/farmacia\/wp-json\/wp\/v2\/media?parent=14847"}],"wp:term":[{"taxonomy":"product_brand","embeddable":true,"href":"https:\/\/iselamendez.mx\/farmacia\/wp-json\/wp\/v2\/product_brand?post=14847"},{"taxonomy":"product_cat","embeddable":true,"href":"https:\/\/iselamendez.mx\/farmacia\/wp-json\/wp\/v2\/product_cat?post=14847"},{"taxonomy":"product_tag","embeddable":true,"href":"https:\/\/iselamendez.mx\/farmacia\/wp-json\/wp\/v2\/product_tag?post=14847"}],"curies":[{"name":"wp","href":"https:\/\/api.w.org\/{rel}","templated":true}]}}