{"id":16410,"date":"2022-04-22T18:37:47","date_gmt":"2022-04-22T23:37:47","guid":{"rendered":"https:\/\/iselamendez.mx\/farmacia\/?post_type=product&#038;p=16410"},"modified":"2026-04-01T03:20:49","modified_gmt":"2026-04-01T09:20:49","slug":"svr-sensifine-hydra-creme-40ml","status":"publish","type":"product","link":"https:\/\/iselamendez.mx\/farmacia\/tienda\/funcion\/tratamiento\/piel-sensible\/svr-sensifine-hydra-creme-40ml\/","title":{"rendered":"SVR Sensifine Hydra-Creme 40ml"},"content":{"rendered":"<p><a href=\"https:\/\/es.labo-svr.com\/products\/sensifine-hydra-creme\">SVR Sensifine Hydra-Creme 40ml<\/a><\/p>\n<h5>Para todas las pieles sensibles, polial\u00e9rgicas, normales a secas.<\/h5>\n<p>&nbsp;<\/p>\n<h5>\u00bfC\u00f3mo act\u00faa?<\/h5>\n<p>Esta nueva crema hidratante consigue ser un tratamiento bien tolerado, eficaz y agradable al uso. Su f\u00f3rmula contiene tan solo 10 ingredientes, de los cuales el 96% son de origen natural, elegidos para calmar al instante e hidratar intensamente la piel sensible que no es ni muy grasa ni muy seca. Su textura cremosa en gel y enriquecida con aceite de aguacate se funde en la piel para proporcionar comodidad e hidrataci\u00f3n durante 24\u202fh, sin dejar una sensaci\u00f3n grasa ni pegajosa en la piel.<\/p>\n<p>&nbsp;<\/p>\n<h5>Beneficios:<\/h5>\n<p>\u2022 Calma las molestias en una sola aplicaci\u00f3n<br \/>\n\u2022 La piel se calma al instante:<br \/>\n\u2022 El producto deja un acabado suave:<\/p>\n<p>En una combinaci\u00f3n de pantenol y de aceite de aguacate para una acci\u00f3n calmante e hidrataci\u00f3n intensa. Adem\u00e1s de su agradable textura que hace que sea un placer aplic\u00e1rsela.<\/p>\n<p>&nbsp;<\/p>\n<h5>Modo de uso:<\/h5>\n<p>Aplica tu <a href=\"https:\/\/es.labo-svr.com\/products\/sensifine-hydra-creme\">Hydra-Creme<\/a> por la ma\u00f1ana y\/o noche en el rostro y cuello, asegur\u00e1ndote de que la piel est\u00e1 completamente limpia y seca antes de la aplicaci\u00f3n.<\/p>\n<p>Tienda en l\u00ednea <a href=\"https:\/\/iselamendez.mx\/\">Isela M\u00e9ndez<\/a> tenemos los mejores productos de <strong>SVR<\/strong>\u00a0consulta algunos de nuestros dermat\u00f3logos para una mejor autoevaluaci\u00f3n.<\/p>\n<p>&nbsp;<\/p>\n","protected":false},"excerpt":{"rendered":"<p>Salud es belleza<\/p>\n<h5>PRODUCTO NUEVO<\/h5>\n","protected":false},"featured_media":16412,"comment_status":"open","ping_status":"closed","template":"","meta":[],"product_brand":[474],"product_cat":[161,210,113,486,79,590,32],"product_tag":[368],"class_list":{"0":"post-16410","1":"product","2":"type-product","3":"status-publish","4":"has-post-thumbnail","6":"product_brand-svr","7":"product_cat-crema-facial-tipo-de-producto","8":"product_cat-hidratante","9":"product_cat-piel-sensible","10":"product_cat-promociones-2026","11":"product_cat-rostro","12":"product_cat-semana-santa","13":"product_cat-svr","14":"product_tag-svr","16":"first","17":"outofstock","18":"shipping-taxable","19":"purchasable","20":"product-type-simple"},"aioseo_notices":[],"_links":{"self":[{"href":"https:\/\/iselamendez.mx\/farmacia\/wp-json\/wp\/v2\/product\/16410","targetHints":{"allow":["GET"]}}],"collection":[{"href":"https:\/\/iselamendez.mx\/farmacia\/wp-json\/wp\/v2\/product"}],"about":[{"href":"https:\/\/iselamendez.mx\/farmacia\/wp-json\/wp\/v2\/types\/product"}],"replies":[{"embeddable":true,"href":"https:\/\/iselamendez.mx\/farmacia\/wp-json\/wp\/v2\/comments?post=16410"}],"wp:featuredmedia":[{"embeddable":true,"href":"https:\/\/iselamendez.mx\/farmacia\/wp-json\/wp\/v2\/media\/16412"}],"wp:attachment":[{"href":"https:\/\/iselamendez.mx\/farmacia\/wp-json\/wp\/v2\/media?parent=16410"}],"wp:term":[{"taxonomy":"product_brand","embeddable":true,"href":"https:\/\/iselamendez.mx\/farmacia\/wp-json\/wp\/v2\/product_brand?post=16410"},{"taxonomy":"product_cat","embeddable":true,"href":"https:\/\/iselamendez.mx\/farmacia\/wp-json\/wp\/v2\/product_cat?post=16410"},{"taxonomy":"product_tag","embeddable":true,"href":"https:\/\/iselamendez.mx\/farmacia\/wp-json\/wp\/v2\/product_tag?post=16410"}],"curies":[{"name":"wp","href":"https:\/\/api.w.org\/{rel}","templated":true}]}}