{"id":16753,"date":"2022-05-05T18:34:13","date_gmt":"2022-05-05T23:34:13","guid":{"rendered":"https:\/\/iselamendez.mx\/farmacia\/?post_type=product&#038;p=16753"},"modified":"2026-04-01T03:20:50","modified_gmt":"2026-04-01T09:20:50","slug":"isispharma-glyco-a-body-200ml","status":"publish","type":"product","link":"https:\/\/iselamendez.mx\/farmacia\/tienda\/funcion\/tratamiento\/efecto-peeling\/isispharma-glyco-a-body-200ml\/","title":{"rendered":"Isispharma Glyco-A Body 200ml"},"content":{"rendered":"<p><a href=\"https:\/\/www.isispharma.com\/es\/producto\/body\/\">Isispharma Glyco-A Body 200ml<\/a><\/p>\n<h5>Peeling corporal<\/h5>\n<p>Piel seca y \u00e1spera, falta de firmeza<\/p>\n<p>&nbsp;<\/p>\n<h5>\u00bfC\u00f3mo act\u00faa?<\/h5>\n<p>Dec\u00eddase por un peeling corporal para suavizar, tonificar e hidratar la piel en profundidad. Su concentraci\u00f3n \u00f3ptima de \u00e1cido glic\u00f3lico del 10 % convierte a esta crema en el aliado ideal para mejorar visiblemente la textura de la piel, ayudando a eliminar las asperezas propias de la piel seca y actuando sobre la falta de firmeza.<\/p>\n<p>El pH de glyco peeling es de 3,8 a efectos de lograr el perfecto equilibrio entre la eficacia del tratamiento y la tolerancia de la piel.<\/p>\n<h5>Sab\u00edas que&#8230;<\/h5>\n<p>Cuanto m\u00e1s \u00e1cido sea el pH, m\u00e1s eficaz ser\u00e1 el peeling. Cuando se aplica un peeling sobre la piel, la acci\u00f3n del \u00e1cido glic\u00f3lico dura \u00fanicamente unos 30\u00a0minutos.<\/p>\n<p>&nbsp;<\/p>\n<h5>Modo de uso:<\/h5>\n<p>Aplicar una vez al d\u00eda sobre las zonas del cuerpo que se quieran exfoliar.<br \/>\n<strong>Durante el d\u00eda, cubrir la zona del cuerpo tratada con ropa o aplicar una crema de protecci\u00f3n solar alta.<\/strong><\/p>\n<p><strong>Probado dermatol\u00f3gicamente<\/strong><br \/>\nNo aplicar sobre las mucosas.<\/p>\n<p>Enjuagar las manos despu\u00e9s de utilizar el producto.<br \/>\n\u2022 Resulta fundamental utilizar protecci\u00f3n solar elevada durante el tratamiento, as\u00ed como una semana despu\u00e9s de su interrupci\u00f3n.<br \/>\n\u2022 Evitar la aplicaci\u00f3n de peelings superficiales durante el per\u00edodo de verano<br \/>\n\u2022 No aplicar el producto en pieles sensibles o sensibilizadas. No combinar con otros productos exfoliantes (qu\u00edmicos o mec\u00e1nicos).<br \/>\n\u2022 No someterse a ning\u00fan peeling en el plazo de las 72\u00a0horas posteriores a una depilaci\u00f3n.<br \/>\n\u2022 Realice una prueba de alergia sobre el pliegue del codo 24 horas antes de la primera aplicaci\u00f3n.<br \/>\n\u2022 No utilizar en caso de embarazo. No utilizar en ni\u00f1os menores de 12 a\u00f1os.<br \/>\n\u2022 Ciertos tratamientos farmacol\u00f3gicos no son compatibles con los peelings. En caso de duda, consulte con un profesional m\u00e9dico.<\/p>\n<p>&nbsp;<\/p>\n<p>Tienda en l\u00ednea <a href=\"https:\/\/iselamendez.mx\/\">Isela M\u00e9ndez<\/a> tenemos los mejores productos de <strong>ISISPHARMA<\/strong>\u00a0consulta algunos de nuestros dermat\u00f3logos para una mejor autoevaluaci\u00f3n.<\/p>\n<p>&nbsp;<\/p>\n","protected":false},"excerpt":{"rendered":"<p>Salud es belleza<\/p>\n<h5><\/h5>\n","protected":false},"featured_media":16756,"comment_status":"open","ping_status":"closed","template":"","meta":[],"product_brand":[439],"product_cat":[80,176,126],"product_tag":[],"class_list":{"0":"post-16753","1":"product","2":"type-product","3":"status-publish","4":"has-post-thumbnail","6":"product_brand-isispharma","7":"product_cat-cuerpo","8":"product_cat-efecto-peeling","9":"product_cat-isis-pharma","11":"first","12":"instock","13":"shipping-taxable","14":"purchasable","15":"product-type-simple"},"aioseo_notices":[],"_links":{"self":[{"href":"https:\/\/iselamendez.mx\/farmacia\/wp-json\/wp\/v2\/product\/16753","targetHints":{"allow":["GET"]}}],"collection":[{"href":"https:\/\/iselamendez.mx\/farmacia\/wp-json\/wp\/v2\/product"}],"about":[{"href":"https:\/\/iselamendez.mx\/farmacia\/wp-json\/wp\/v2\/types\/product"}],"replies":[{"embeddable":true,"href":"https:\/\/iselamendez.mx\/farmacia\/wp-json\/wp\/v2\/comments?post=16753"}],"wp:featuredmedia":[{"embeddable":true,"href":"https:\/\/iselamendez.mx\/farmacia\/wp-json\/wp\/v2\/media\/16756"}],"wp:attachment":[{"href":"https:\/\/iselamendez.mx\/farmacia\/wp-json\/wp\/v2\/media?parent=16753"}],"wp:term":[{"taxonomy":"product_brand","embeddable":true,"href":"https:\/\/iselamendez.mx\/farmacia\/wp-json\/wp\/v2\/product_brand?post=16753"},{"taxonomy":"product_cat","embeddable":true,"href":"https:\/\/iselamendez.mx\/farmacia\/wp-json\/wp\/v2\/product_cat?post=16753"},{"taxonomy":"product_tag","embeddable":true,"href":"https:\/\/iselamendez.mx\/farmacia\/wp-json\/wp\/v2\/product_tag?post=16753"}],"curies":[{"name":"wp","href":"https:\/\/api.w.org\/{rel}","templated":true}]}}