{"id":17026,"date":"2022-05-21T11:56:46","date_gmt":"2022-05-21T16:56:46","guid":{"rendered":"https:\/\/iselamendez.mx\/farmacia\/?post_type=product&#038;p=17026"},"modified":"2026-04-09T09:19:54","modified_gmt":"2026-04-09T15:19:54","slug":"zo-skin-health-brightalive-skin-brightener-50ml","status":"publish","type":"product","link":"https:\/\/iselamendez.mx\/farmacia\/tienda\/funcion\/tratamiento\/despigmentantes\/zo-skin-health-brightalive-skin-brightener-50ml\/","title":{"rendered":"ZO Skin Health Brightalive Skin Brightener 50ml"},"content":{"rendered":"<p><a href=\"https:\/\/www.zoskinhealth.es\/zo-skin-health\/brightalive\/\">Zo Skin Health Brightalive Skin Brightener 50ml<\/a><\/p>\n<p>Es una loci\u00f3n ligera que reduce la apariencia de manchas oscuras de la piel gracias a su complejo iluminador, despigmentante ideal para las pieles donde los tratamientos fuertes est\u00e9n contraindicados.<\/p>\n<p>&nbsp;<\/p>\n<h5>Beneficios<\/h5>\n<ul>\n<li>Iguala el tono de la piel y reduce las manchas oscuras<\/li>\n<li>Ayuda a aclarar e igualar el tono de la piel<\/li>\n<li>Ayuda a prevenir da\u00f1os futuros<\/li>\n<\/ul>\n<p>&nbsp;<\/p>\n<h5>Contiene:<\/h5>\n<ul>\n<li>Complejo iluminador de la piel (isoflavonas de soja, oligop\u00e9ptido, mezcla \u00fanica de iluminadores de la piel que ayudan a bloquear la producci\u00f3n de pigmentaci\u00f3n.<\/li>\n<li>Papa\u00edna: proporciona exfoliaci\u00f3n enzim\u00e1tica eliminando las c\u00e9lulas muertas de la piel<\/li>\n<li>Glicerina: repone la hidrataci\u00f3n natural<\/li>\n<li>Complejo calmante formado por extractos vegetales (aceite de semilla de girasol, extracto de hoja de romero): calman y alivian la piel irritada<\/li>\n<\/ul>\n<p>&nbsp;<\/p>\n<h5>Modo de uso:<\/h5>\n<p>Aplicar 2 pulsaciones uniformemente en la cara limpia y seca<\/p>\n<p>&nbsp;<\/p>\n<p>&nbsp;<\/p>\n","protected":false},"excerpt":{"rendered":"<p>Salud es belleza<\/p>\n<h5><\/h5>\n","protected":false},"featured_media":17030,"comment_status":"open","ping_status":"closed","template":"","meta":[],"product_brand":[479],"product_cat":[154,84,486,79,136],"product_tag":[371],"class_list":{"0":"post-17026","1":"product","2":"type-product","3":"status-publish","4":"has-post-thumbnail","6":"product_brand-zo-skin-health","7":"product_cat-despigmentantes","8":"product_cat-locion","9":"product_cat-promociones-2026","10":"product_cat-rostro","11":"product_cat-zo-skin-health","12":"product_tag-zo-skin-health","14":"first","15":"instock","16":"shipping-taxable","17":"purchasable","18":"product-type-simple"},"aioseo_notices":[],"_links":{"self":[{"href":"https:\/\/iselamendez.mx\/farmacia\/wp-json\/wp\/v2\/product\/17026","targetHints":{"allow":["GET"]}}],"collection":[{"href":"https:\/\/iselamendez.mx\/farmacia\/wp-json\/wp\/v2\/product"}],"about":[{"href":"https:\/\/iselamendez.mx\/farmacia\/wp-json\/wp\/v2\/types\/product"}],"replies":[{"embeddable":true,"href":"https:\/\/iselamendez.mx\/farmacia\/wp-json\/wp\/v2\/comments?post=17026"}],"wp:featuredmedia":[{"embeddable":true,"href":"https:\/\/iselamendez.mx\/farmacia\/wp-json\/wp\/v2\/media\/17030"}],"wp:attachment":[{"href":"https:\/\/iselamendez.mx\/farmacia\/wp-json\/wp\/v2\/media?parent=17026"}],"wp:term":[{"taxonomy":"product_brand","embeddable":true,"href":"https:\/\/iselamendez.mx\/farmacia\/wp-json\/wp\/v2\/product_brand?post=17026"},{"taxonomy":"product_cat","embeddable":true,"href":"https:\/\/iselamendez.mx\/farmacia\/wp-json\/wp\/v2\/product_cat?post=17026"},{"taxonomy":"product_tag","embeddable":true,"href":"https:\/\/iselamendez.mx\/farmacia\/wp-json\/wp\/v2\/product_tag?post=17026"}],"curies":[{"name":"wp","href":"https:\/\/api.w.org\/{rel}","templated":true}]}}