{"id":17499,"date":"2022-06-07T14:13:37","date_gmt":"2022-06-07T19:13:37","guid":{"rendered":"https:\/\/iselamendez.mx\/farmacia\/?post_type=product&#038;p=17499"},"modified":"2026-04-01T03:20:53","modified_gmt":"2026-04-01T09:20:53","slug":"isispharma-suavigel-40ml","status":"publish","type":"product","link":"https:\/\/iselamendez.mx\/farmacia\/tienda\/zona-del-cuerpo\/cuerpo\/isispharma-suavigel-40ml\/","title":{"rendered":"Isispharma Suavigel Gel-Crema 40ml"},"content":{"rendered":"<p><a href=\"https:\/\/www.isispharma.com\/es\/producto\/suavigel\/\">Isispharma Suavigel 40ml<\/a><\/p>\n<h5>Piel intolerante, irritada y debilitada<\/h5>\n<p>&nbsp;<\/p>\n<h5>\u00bfC\u00f3mo act\u00faa?<\/h5>\n<p>Suavigel alivia las irritaciones causadas por las agresiones externas: insolaci\u00f3n, piquetes de insectos, depilaci\u00f3n o afeitado, peeling<\/p>\n<p>\u00a1Alivio y frescura garantizada! Gracias a los componentes de \u00e1cido glicirret\u00ednico, que disminuye la inflamaci\u00f3n de la piel y el bisabolol que este alivia la molestia<\/p>\n<p>&nbsp;<\/p>\n<h5>Modo de uso:<\/h5>\n<p>Aplica <a href=\"https:\/\/www.isispharma.com\/es\/producto\/suavigel\/\">Suavigel<\/a> tu sobre las zonas afectadas 1 a 2 veces por semana, por las noches y\/o ma\u00f1anas.<\/p>\n<p>&nbsp;<\/p>\n<p>Producto sometido a un control dermatol\u00f3gico<br \/>\nSu f\u00f3rmula minimalista de ingredientes asegura su uso apto para toda la familia y para todas las pieles intolerantes, irritadas e inflamadas.<\/p>\n<p>&nbsp;<\/p>\n","protected":false},"excerpt":{"rendered":"<p>Salud es belleza<\/p>\n<h5>PRODUCTO NUEVO<\/h5>\n","protected":false},"featured_media":17501,"comment_status":"open","ping_status":"closed","template":"","meta":[],"product_brand":[439],"product_cat":[80,206,126,79],"product_tag":[],"class_list":{"0":"post-17499","1":"product","2":"type-product","3":"status-publish","4":"has-post-thumbnail","6":"product_brand-isispharma","7":"product_cat-cuerpo","8":"product_cat-gel-crema","9":"product_cat-isis-pharma","10":"product_cat-rostro","12":"first","13":"instock","14":"shipping-taxable","15":"purchasable","16":"product-type-simple"},"aioseo_notices":[],"_links":{"self":[{"href":"https:\/\/iselamendez.mx\/farmacia\/wp-json\/wp\/v2\/product\/17499","targetHints":{"allow":["GET"]}}],"collection":[{"href":"https:\/\/iselamendez.mx\/farmacia\/wp-json\/wp\/v2\/product"}],"about":[{"href":"https:\/\/iselamendez.mx\/farmacia\/wp-json\/wp\/v2\/types\/product"}],"replies":[{"embeddable":true,"href":"https:\/\/iselamendez.mx\/farmacia\/wp-json\/wp\/v2\/comments?post=17499"}],"wp:featuredmedia":[{"embeddable":true,"href":"https:\/\/iselamendez.mx\/farmacia\/wp-json\/wp\/v2\/media\/17501"}],"wp:attachment":[{"href":"https:\/\/iselamendez.mx\/farmacia\/wp-json\/wp\/v2\/media?parent=17499"}],"wp:term":[{"taxonomy":"product_brand","embeddable":true,"href":"https:\/\/iselamendez.mx\/farmacia\/wp-json\/wp\/v2\/product_brand?post=17499"},{"taxonomy":"product_cat","embeddable":true,"href":"https:\/\/iselamendez.mx\/farmacia\/wp-json\/wp\/v2\/product_cat?post=17499"},{"taxonomy":"product_tag","embeddable":true,"href":"https:\/\/iselamendez.mx\/farmacia\/wp-json\/wp\/v2\/product_tag?post=17499"}],"curies":[{"name":"wp","href":"https:\/\/api.w.org\/{rel}","templated":true}]}}