{"id":17533,"date":"2022-06-08T17:58:43","date_gmt":"2022-06-08T22:58:43","guid":{"rendered":"https:\/\/iselamendez.mx\/farmacia\/?post_type=product&#038;p=17533"},"modified":"2026-04-01T03:20:53","modified_gmt":"2026-04-01T09:20:53","slug":"isispharma-secalia-aha-200ml","status":"publish","type":"product","link":"https:\/\/iselamendez.mx\/farmacia\/tienda\/tipo-de-producto\/crema-corporal\/isispharma-secalia-aha-200ml\/","title":{"rendered":"Isispharma Secalia AHA Leche Emoliente 200ml"},"content":{"rendered":"<p><a href=\"https:\/\/www.isispharma.com\/es\/producto\/secalia-a-h-a\/\">Isispharma Secalia AHA 200ml<\/a><\/p>\n<h5>Lecha emoliente queratorreductora. Pieles secas y tendencia at\u00f3picas<\/h5>\n<p>&nbsp;<\/p>\n<h5>\u00bfC\u00f3mo act\u00faa?<\/h5>\n<p>Est\u00e1 especialmente dise\u00f1ada para la piel seca y con tendencia escamosa. Este producto elimina y previene la descamaci\u00f3n de la piel empleando sustancias con propiedades hidratantes y reparadoras que ayudar\u00e1n a la piel a recobrar su suavidad y vitalidad. Gracias a su f\u00f3rmula A.H.A (\u00e1cido glic\u00f3lico + \u00e1cido l\u00e1ctico) ayudar\u00e1 a tener una piel lisa e hidratada<\/p>\n<p>&nbsp;<\/p>\n<h5>Modo de uso:<\/h5>\n<p>Aplica <a href=\"https:\/\/www.isispharma.com\/es\/producto\/secalia-a-h-a\/\">Secalia AHA<\/a> 1 a 2 veces por semana sobre las zonas afectadas, ya una vez la piel este limpia y seca.<\/p>\n<p>Realiza movimientos circulares hasta que el producto sea absorbido por la piel en su totalidad.<\/p>\n<p>&nbsp;<\/p>\n<p><strong>Producto sometido a un control dermatol\u00f3gico<\/strong><br \/>\nAplica una protecci\u00f3n solar adpatada a tu piel y sobre las \u00e1reas de la piel expuestas al sol. Evita exponerte al sol durante el uso de este producto y hasta una semana despu\u00e9s de su interrupci\u00f3n.<\/p>\n","protected":false},"excerpt":{"rendered":"<p>Salud es belleza<\/p>\n<h4>PRODUCTO NUEVO<\/h4>\n","protected":false},"featured_media":17536,"comment_status":"open","ping_status":"closed","template":"","meta":[],"product_brand":[439],"product_cat":[93,80,210,126,590],"product_tag":[],"class_list":{"0":"post-17533","1":"product","2":"type-product","3":"status-publish","4":"has-post-thumbnail","6":"product_brand-isispharma","7":"product_cat-crema-corporal","8":"product_cat-cuerpo","9":"product_cat-hidratante","10":"product_cat-isis-pharma","11":"product_cat-semana-santa","13":"first","14":"instock","15":"shipping-taxable","16":"purchasable","17":"product-type-simple"},"aioseo_notices":[],"_links":{"self":[{"href":"https:\/\/iselamendez.mx\/farmacia\/wp-json\/wp\/v2\/product\/17533","targetHints":{"allow":["GET"]}}],"collection":[{"href":"https:\/\/iselamendez.mx\/farmacia\/wp-json\/wp\/v2\/product"}],"about":[{"href":"https:\/\/iselamendez.mx\/farmacia\/wp-json\/wp\/v2\/types\/product"}],"replies":[{"embeddable":true,"href":"https:\/\/iselamendez.mx\/farmacia\/wp-json\/wp\/v2\/comments?post=17533"}],"wp:featuredmedia":[{"embeddable":true,"href":"https:\/\/iselamendez.mx\/farmacia\/wp-json\/wp\/v2\/media\/17536"}],"wp:attachment":[{"href":"https:\/\/iselamendez.mx\/farmacia\/wp-json\/wp\/v2\/media?parent=17533"}],"wp:term":[{"taxonomy":"product_brand","embeddable":true,"href":"https:\/\/iselamendez.mx\/farmacia\/wp-json\/wp\/v2\/product_brand?post=17533"},{"taxonomy":"product_cat","embeddable":true,"href":"https:\/\/iselamendez.mx\/farmacia\/wp-json\/wp\/v2\/product_cat?post=17533"},{"taxonomy":"product_tag","embeddable":true,"href":"https:\/\/iselamendez.mx\/farmacia\/wp-json\/wp\/v2\/product_tag?post=17533"}],"curies":[{"name":"wp","href":"https:\/\/api.w.org\/{rel}","templated":true}]}}