{"id":17812,"date":"2022-06-27T14:09:35","date_gmt":"2022-06-27T19:09:35","guid":{"rendered":"https:\/\/iselamendez.mx\/farmacia\/?post_type=product&#038;p=17812"},"modified":"2026-04-01T03:20:54","modified_gmt":"2026-04-01T09:20:54","slug":"new-magnesio-de-citrato-90-capsulas","status":"publish","type":"product","link":"https:\/\/iselamendez.mx\/farmacia\/tienda\/funcion\/tratamiento\/suplementos-alimenticios\/new-magnesio-de-citrato-90-capsulas\/","title":{"rendered":"NEW Citrato de Magnesio 90 capsulas"},"content":{"rendered":"<h5>NEW Magnesio de citrato 90 c\u00e1psulas<\/h5>\n<p>&nbsp;<\/p>\n<h5>\u00bfQu\u00e9 es?<\/h5>\n<p>El citrato de magnesio se usa para tratar estre\u00f1imiento de corto plazo. Es un suplemento que pertenece a la clase de laxantes salinos. Funciona al hacer que el agua se retenga con las heces<\/p>\n<p>&nbsp;<\/p>\n<h5>Beneficios:<\/h5>\n<ul>\n<li>Aumenta el n\u00famero de deposiciones y suaviza las heces para que sean m\u00e1s f\u00e1ciles de expulsar.<\/li>\n<li>Contribuye la actividad muscular (contracci\u00f3n y la relajaci\u00f3n)<\/li>\n<li>Ayuda en determinar funciones del sistema nervioso<\/li>\n<li>Limpieza del intestino<\/li>\n<li>Aliviar los calambres en las piernas<\/li>\n<\/ul>\n<p>&nbsp;<\/p>\n<h5>\u00bfSab\u00edas que?<\/h5>\n<p>M\u00e1s de la mitad del magnesio que hay en el cuerpo humano se aloja en los huesos y la otra mitad en m\u00fasculos y tejidos blandos. Activa m\u00e1s de 600 procesos qu\u00edmicos del organismo que influyen en el metabolismo celular y la generaci\u00f3n de energ\u00eda. Aporta un gran abanico de propiedades estructurales, metab\u00f3licas y reguladoras. Ayuda a convertir carbohidratos, prote\u00ednas y grasas en energ\u00eda a nivel celular, lo que explica los altos niveles de magnesio que encontramos en las mitocondrias.<\/p>\n<p>&nbsp;<\/p>\n<h5>Modo de uso:<\/h5>\n<p>Tomar dos c\u00e1psulas al d\u00eda, con alimentos o bien como lo recete.<\/p>\n","protected":false},"excerpt":{"rendered":"<p>Salud es belleza<\/p>\n","protected":false},"featured_media":38771,"comment_status":"open","ping_status":"closed","template":"","meta":[],"product_brand":[451],"product_cat":[336,158,135],"product_tag":[362],"class_list":{"0":"post-17812","1":"product","2":"type-product","3":"status-publish","4":"has-post-thumbnail","6":"product_brand-new","7":"product_cat-new","8":"product_cat-suplementos-alimenticios","9":"product_cat-via-oral","10":"product_tag-new","12":"first","13":"instock","14":"shipping-taxable","15":"purchasable","16":"product-type-simple"},"aioseo_notices":[],"_links":{"self":[{"href":"https:\/\/iselamendez.mx\/farmacia\/wp-json\/wp\/v2\/product\/17812","targetHints":{"allow":["GET"]}}],"collection":[{"href":"https:\/\/iselamendez.mx\/farmacia\/wp-json\/wp\/v2\/product"}],"about":[{"href":"https:\/\/iselamendez.mx\/farmacia\/wp-json\/wp\/v2\/types\/product"}],"replies":[{"embeddable":true,"href":"https:\/\/iselamendez.mx\/farmacia\/wp-json\/wp\/v2\/comments?post=17812"}],"wp:featuredmedia":[{"embeddable":true,"href":"https:\/\/iselamendez.mx\/farmacia\/wp-json\/wp\/v2\/media\/38771"}],"wp:attachment":[{"href":"https:\/\/iselamendez.mx\/farmacia\/wp-json\/wp\/v2\/media?parent=17812"}],"wp:term":[{"taxonomy":"product_brand","embeddable":true,"href":"https:\/\/iselamendez.mx\/farmacia\/wp-json\/wp\/v2\/product_brand?post=17812"},{"taxonomy":"product_cat","embeddable":true,"href":"https:\/\/iselamendez.mx\/farmacia\/wp-json\/wp\/v2\/product_cat?post=17812"},{"taxonomy":"product_tag","embeddable":true,"href":"https:\/\/iselamendez.mx\/farmacia\/wp-json\/wp\/v2\/product_tag?post=17812"}],"curies":[{"name":"wp","href":"https:\/\/api.w.org\/{rel}","templated":true}]}}