{"id":17818,"date":"2022-07-13T14:29:20","date_gmt":"2022-07-13T19:29:20","guid":{"rendered":"https:\/\/iselamendez.mx\/farmacia\/?post_type=product&#038;p=17818"},"modified":"2026-04-11T16:18:55","modified_gmt":"2026-04-11T22:18:55","slug":"dv-berberina-90-capsulas","status":"publish","type":"product","link":"https:\/\/iselamendez.mx\/farmacia\/tienda\/funcion\/tratamiento\/suplementos-alimenticios\/dv-berberina-90-capsulas\/","title":{"rendered":"NEW Berberina 90 capsulas"},"content":{"rendered":"<h5>NEW Berberina 90 c\u00e1psulas<\/h5>\n<h5>\u00bfQu\u00e9 es?<\/h5>\n<p>La berberina es una sustancia qu\u00edmica que se encuentra en algunas plantas como el agracejo europeo, el sello de oro, el hilo de oro, la uva de Oreg\u00f3n, el filodendro y la c\u00farcuma de \u00e1rbol.<\/p>\n<p>Es un suplemento alimenticio que ayuda a los latidos del coraz\u00f3n, lo que podr\u00eda beneficiar a las personas con ciertas condiciones card\u00edacas. Tambi\u00e9n podr\u00eda matar las bacterias, ayudar a regular la forma en que el cuerpo usa el az\u00facar en la sangre y ayudar a reducir la hinchaz\u00f3n. Tiene varias funciones como;<\/p>\n<p>&nbsp;<\/p>\n<p>1.- P\u00e9rdida de peso<\/p>\n<p>Aumenta la capacidad que tienen las c\u00e9lulas de producir energ\u00eda, estimulando tanto la quema de grasa como la disminuci\u00f3n de la producci\u00f3n de grasa corporal. Mejora de la funci\u00f3n de las hormonas reguladoras de la grasa, como la insulina, la adiponectina y la leptina.<\/p>\n<p>&nbsp;<\/p>\n<p>2.- Reducci\u00f3n del colesterol<\/p>\n<p>Ayuda en la p\u00e9rdida de peso, tambi\u00e9n ha mostrado buenos resultados en la reducci\u00f3n del colesterol total y los triglic\u00e9ridos, contribuyendo a la prevenci\u00f3n de enfermedades cardiovasculares, como aterosclerosis, infarto de miocardio y derrame cerebral.<\/p>\n<p>&nbsp;<\/p>\n<p>3.- Regulaci\u00f3n de la flora intestinal<\/p>\n<p>Tiene efecto antimicrobiano y act\u00faa en el intestino inhibiendo la proliferaci\u00f3n de bacterias perjudiciales para el organismo. Con esto, ella tambi\u00e9n favorece la multiplicaci\u00f3n de bacterias beneficiosas, que mejoran el tr\u00e1nsito intestinal, aumentan la protecci\u00f3n del intestino y producen sustancias que ayudan a regular la glucemia.<\/p>\n<p>&nbsp;<\/p>\n<p>4.- Controlar la presi\u00f3n arterial<\/p>\n<p>Tambi\u00e9n tiene la propiedad de controlar los niveles de la presi\u00f3n arterial por sus efectos vasorelajantes sobre los vasos sangu\u00edneos y arterias, siendo indicada para ayudar en el tratamiento de la hipertensi\u00f3n arterial.<\/p>\n<p>&nbsp;<\/p>\n<h5>Modo de uso:<\/h5>\n<p>Tomar 3 c\u00e1psulas al d\u00eda o como le recete el m\u00e9dico.<\/p>\n<p>&nbsp;<\/p>\n","protected":false},"excerpt":{"rendered":"<p>Salud es belleza<\/p>\n<h4>PRODUCTO NUEVO<\/h4>\n","protected":false},"featured_media":38896,"comment_status":"open","ping_status":"closed","template":"","meta":[],"product_brand":[451],"product_cat":[336,158,135],"product_tag":[362],"class_list":{"0":"post-17818","1":"product","2":"type-product","3":"status-publish","4":"has-post-thumbnail","6":"product_brand-new","7":"product_cat-new","8":"product_cat-suplementos-alimenticios","9":"product_cat-via-oral","10":"product_tag-new","12":"first","13":"instock","14":"shipping-taxable","15":"purchasable","16":"product-type-simple"},"aioseo_notices":[],"_links":{"self":[{"href":"https:\/\/iselamendez.mx\/farmacia\/wp-json\/wp\/v2\/product\/17818","targetHints":{"allow":["GET"]}}],"collection":[{"href":"https:\/\/iselamendez.mx\/farmacia\/wp-json\/wp\/v2\/product"}],"about":[{"href":"https:\/\/iselamendez.mx\/farmacia\/wp-json\/wp\/v2\/types\/product"}],"replies":[{"embeddable":true,"href":"https:\/\/iselamendez.mx\/farmacia\/wp-json\/wp\/v2\/comments?post=17818"}],"wp:featuredmedia":[{"embeddable":true,"href":"https:\/\/iselamendez.mx\/farmacia\/wp-json\/wp\/v2\/media\/38896"}],"wp:attachment":[{"href":"https:\/\/iselamendez.mx\/farmacia\/wp-json\/wp\/v2\/media?parent=17818"}],"wp:term":[{"taxonomy":"product_brand","embeddable":true,"href":"https:\/\/iselamendez.mx\/farmacia\/wp-json\/wp\/v2\/product_brand?post=17818"},{"taxonomy":"product_cat","embeddable":true,"href":"https:\/\/iselamendez.mx\/farmacia\/wp-json\/wp\/v2\/product_cat?post=17818"},{"taxonomy":"product_tag","embeddable":true,"href":"https:\/\/iselamendez.mx\/farmacia\/wp-json\/wp\/v2\/product_tag?post=17818"}],"curies":[{"name":"wp","href":"https:\/\/api.w.org\/{rel}","templated":true}]}}