{"id":18416,"date":"2022-08-08T13:58:05","date_gmt":"2022-08-08T18:58:05","guid":{"rendered":"https:\/\/iselamendez.mx\/farmacia\/?post_type=product&#038;p=18416"},"modified":"2026-04-23T00:00:24","modified_gmt":"2026-04-23T06:00:24","slug":"skinceuticals-phyto-a-brighteninig-treatment-30ml","status":"publish","type":"product","link":"https:\/\/iselamendez.mx\/farmacia\/tienda\/funcion\/hidratante\/skinceuticals-phyto-a-brighteninig-treatment-30ml\/","title":{"rendered":"SkinCeuticals Phyto A+ Brighteninig Treatment 30mL"},"content":{"rendered":"<p><a href=\"https:\/\/www.skinceuticals.com.mx\/cuidado-de-la-piel\/categorias\/productos-para-imperfecciones\/phyto-a-brightening-treatment\/SKC-LATAM3606000584525.html\">SkinCeuticals Phyto A+ Brighteninig treatment 30ml<\/a><\/p>\n<h5>Tratamiento hidratante que ayuda a mejorar la luminosidad, el tono y textura de la piel.<\/h5>\n<p>Es una crema hidratante, ligera y sin aceites, con un 3% de \u00e1cido azelaico, un 2% de alfa arbutina y un 5,75% de extraxtos bot\u00e1nicos, act\u00faa sobre los factores clave de las imperfecciones superficiales y la falta de luminosidad. Este tratamiento corrector diario reduce visiblemente el exceso de grasa y las rojeces, a la vez que suaviza la piel y minimiza la apariencia de los poros para mejorar la luminosidad y tono de la piel.<\/p>\n<h4>Tipo de piel:<\/h4>\n<ul>\n<li>Normal<\/li>\n<li>Grasa<\/li>\n<li>Mixta<\/li>\n<li>Sensible<\/li>\n<\/ul>\n<p>&nbsp;<\/p>\n<h5>Problema de la piel:<\/h5>\n<ul>\n<li>Deshidratada<\/li>\n<li>Tono irregular<\/li>\n<li>Imperfecciones<\/li>\n<li>Marcas post acn\u00e9<\/li>\n<\/ul>\n<p>&nbsp;<\/p>\n<h5>Beneficios:<\/h5>\n<ul>\n<li>Suaviza y mejora la textura de la piel.<\/li>\n<li>Unifica el tono de la piel y reduce la grasa superficial que obstruye los poros.<\/li>\n<li>Textura ligera de gel-crema.<\/li>\n<li>Sin aceites ni siliconas.<\/li>\n<li>No comedog\u00e9nico.<\/li>\n<li>Cl\u00ednicamente eficaz y evaluado en todos los tonos de piel.<\/li>\n<\/ul>\n<p>&nbsp;<\/p>\n<h5>Modo de uso:<\/h5>\n<p>Aplica 1 a 2 pulsaciones por la ma\u00f1ana y\/o noche despu\u00e9s de un antioxidante Skinceuticals y seguir con un protector solar.<\/p>\n<p>&nbsp;<\/p>\n","protected":false},"excerpt":{"rendered":"<p>Salud es belleza<\/p>\n<h4>PRODUCTO NUEVO<\/h4>\n<p>&nbsp;<\/p>\n","protected":false},"featured_media":18294,"comment_status":"open","ping_status":"closed","template":"","meta":[],"product_brand":[379],"product_cat":[210,486,79,590,54,202],"product_tag":[367],"class_list":{"0":"post-18416","1":"product","2":"type-product","3":"status-publish","4":"has-post-thumbnail","6":"product_brand-skinceuticals","7":"product_cat-hidratante","8":"product_cat-promociones-2026","9":"product_cat-rostro","10":"product_cat-semana-santa","11":"product_cat-skinceuticals","12":"product_cat-suero-en-gel","13":"product_tag-skinceuticals","15":"first","16":"instock","17":"shipping-taxable","18":"purchasable","19":"product-type-simple"},"aioseo_notices":[],"_links":{"self":[{"href":"https:\/\/iselamendez.mx\/farmacia\/wp-json\/wp\/v2\/product\/18416","targetHints":{"allow":["GET"]}}],"collection":[{"href":"https:\/\/iselamendez.mx\/farmacia\/wp-json\/wp\/v2\/product"}],"about":[{"href":"https:\/\/iselamendez.mx\/farmacia\/wp-json\/wp\/v2\/types\/product"}],"replies":[{"embeddable":true,"href":"https:\/\/iselamendez.mx\/farmacia\/wp-json\/wp\/v2\/comments?post=18416"}],"wp:featuredmedia":[{"embeddable":true,"href":"https:\/\/iselamendez.mx\/farmacia\/wp-json\/wp\/v2\/media\/18294"}],"wp:attachment":[{"href":"https:\/\/iselamendez.mx\/farmacia\/wp-json\/wp\/v2\/media?parent=18416"}],"wp:term":[{"taxonomy":"product_brand","embeddable":true,"href":"https:\/\/iselamendez.mx\/farmacia\/wp-json\/wp\/v2\/product_brand?post=18416"},{"taxonomy":"product_cat","embeddable":true,"href":"https:\/\/iselamendez.mx\/farmacia\/wp-json\/wp\/v2\/product_cat?post=18416"},{"taxonomy":"product_tag","embeddable":true,"href":"https:\/\/iselamendez.mx\/farmacia\/wp-json\/wp\/v2\/product_tag?post=18416"}],"curies":[{"name":"wp","href":"https:\/\/api.w.org\/{rel}","templated":true}]}}