{"id":18727,"date":"2022-08-30T17:03:03","date_gmt":"2022-08-30T22:03:03","guid":{"rendered":"https:\/\/iselamendez.mx\/farmacia\/?post_type=product&#038;p=18727"},"modified":"2026-04-23T00:00:26","modified_gmt":"2026-04-23T06:00:26","slug":"skinceuticals-retinol-0-5-30ml","status":"publish","type":"product","link":"https:\/\/iselamendez.mx\/farmacia\/tienda\/funcion\/tratamiento\/anti-edad\/skinceuticals-retinol-0-5-30ml\/","title":{"rendered":"SkinCeuticals Retinol 0.5% 30mL"},"content":{"rendered":"<p><a href=\"https:\/\/www.skinceuticals.com.mx\/cuidado-de-la-piel\/categorias\/crema-con-retinol\/retinol-0.5\/SKC-LATAM3606000511002.html\">SkinCeuticals Retinol 0.5% 30ml<\/a><\/p>\n<h5>Crema de noche con retinol.<\/h5>\n<p>Una crema de noche concentrada con retinol puro que mejora la apariencia de los signos visibles del envejecimiento y los poros, a la vez que minimiza los brotes.<br \/>\nContiene retinol 0,5\u00a0 de retinol puro y est\u00e1 mejorado con las \u00faltimas tecnolog\u00edas para garantizar una liberaci\u00f3n prolongada. Dise\u00f1ada para ayudar a disminuir la apariencia de las l\u00edneas finas, las arrugas y las manchas de la piel.<\/p>\n<p>&nbsp;<\/p>\n<h4>Tipo de piel:<\/h4>\n<ul>\n<li>Todo de piel<\/li>\n<\/ul>\n<p>&nbsp;<\/p>\n<h5>Problema de la piel:<\/h5>\n<ul>\n<li>Manchas<\/li>\n<li>Impefecciones<\/li>\n<li>Signos de la edad<\/li>\n<\/ul>\n<p>&nbsp;<\/p>\n<h5>Beneficios:<\/h5>\n<ul>\n<li>Promueve la renovaci\u00f3n celular.<\/li>\n<li>Mejora la apariencia de las l\u00edneas finas, las arrugas, las manchas y los poros.<\/li>\n<li>Formulado para minimizar la irritaci\u00f3n com\u00fanmente asociada al uso de cremas nocturnas con retinol.<\/li>\n<li>El envase especializado preserva el ingrediente activo del retinol.<\/li>\n<li>No es comedog\u00e9nico, no contiene parabenos ni fragancias.<\/li>\n<\/ul>\n<p>&nbsp;<\/p>\n<h5>Modo de uso:<\/h5>\n<p>Uso \u00fanicamente por la noche. Limitar el uso inicial a una o dos veces por semana, aumentando gradualmente la frecuencia a una noche s\u00ed y otra no, y luego a todas las noches seg\u00fan la tolerancia. Es importante establecer una tolerancia constante de la piel antes de pasar a una concentraci\u00f3n mayor.<\/p>\n<p>1.- Aplicar una cantidad del tama\u00f1o de un guisante sobre la piel limpia y seca, evitando el contorno de los ojos.<\/p>\n<p>2.- Dejar que el producto se absorba antes de aplicar otros productos para el cuidado de la piel.<\/p>\n<p>3.- Aplicar un protector solar diariamente, de grado dermatol\u00f3gico SPF50+.<\/p>\n<p>Consulta con tu dermat\u00f3logo el uso de este producto.<\/p>\n<p>&nbsp;<\/p>\n","protected":false},"excerpt":{"rendered":"<p>Salud es belleza<\/p>\n<h4><\/h4>\n<p>&nbsp;<\/p>\n","protected":false},"featured_media":18729,"comment_status":"open","ping_status":"closed","template":"","meta":[],"product_brand":[379],"product_cat":[152,486,214,79,54,71],"product_tag":[367],"class_list":{"0":"post-18727","1":"product","2":"type-product","3":"status-publish","4":"has-post-thumbnail","6":"product_brand-skinceuticals","7":"product_cat-anti-edad","8":"product_cat-promociones-2026","9":"product_cat-retinol","10":"product_cat-rostro","11":"product_cat-skinceuticals","12":"product_cat-tratamiento","13":"product_tag-skinceuticals","15":"first","16":"instock","17":"shipping-taxable","18":"purchasable","19":"product-type-simple"},"aioseo_notices":[],"_links":{"self":[{"href":"https:\/\/iselamendez.mx\/farmacia\/wp-json\/wp\/v2\/product\/18727","targetHints":{"allow":["GET"]}}],"collection":[{"href":"https:\/\/iselamendez.mx\/farmacia\/wp-json\/wp\/v2\/product"}],"about":[{"href":"https:\/\/iselamendez.mx\/farmacia\/wp-json\/wp\/v2\/types\/product"}],"replies":[{"embeddable":true,"href":"https:\/\/iselamendez.mx\/farmacia\/wp-json\/wp\/v2\/comments?post=18727"}],"wp:featuredmedia":[{"embeddable":true,"href":"https:\/\/iselamendez.mx\/farmacia\/wp-json\/wp\/v2\/media\/18729"}],"wp:attachment":[{"href":"https:\/\/iselamendez.mx\/farmacia\/wp-json\/wp\/v2\/media?parent=18727"}],"wp:term":[{"taxonomy":"product_brand","embeddable":true,"href":"https:\/\/iselamendez.mx\/farmacia\/wp-json\/wp\/v2\/product_brand?post=18727"},{"taxonomy":"product_cat","embeddable":true,"href":"https:\/\/iselamendez.mx\/farmacia\/wp-json\/wp\/v2\/product_cat?post=18727"},{"taxonomy":"product_tag","embeddable":true,"href":"https:\/\/iselamendez.mx\/farmacia\/wp-json\/wp\/v2\/product_tag?post=18727"}],"curies":[{"name":"wp","href":"https:\/\/api.w.org\/{rel}","templated":true}]}}