{"id":21143,"date":"2022-12-28T17:05:41","date_gmt":"2022-12-28T23:05:41","guid":{"rendered":"https:\/\/iselamendez.mx\/farmacia\/?post_type=product&#038;p=21143"},"modified":"2026-04-15T10:40:07","modified_gmt":"2026-04-15T16:40:07","slug":"patyka-aceite-antiestrias-100ml","status":"publish","type":"product","link":"https:\/\/iselamendez.mx\/farmacia\/tienda\/zona-del-cuerpo\/cuerpo\/patyka-aceite-antiestrias-100ml\/","title":{"rendered":"Patyka Aceite Antiestrias 100ml"},"content":{"rendered":"<h4>Patyka Aceite Antiestrias 100ml<\/h4>\n<p>Desde el 1er mes de embarazo<\/p>\n<p>&nbsp;<\/p>\n<ul>\n<li>Previene<\/li>\n<li>Corrige<\/li>\n<li>Alivia<\/li>\n<\/ul>\n<p>&nbsp;<\/p>\n<p>Te ayudar\u00e1 a tener una piel nutrida, suave y el\u00e1stica a dem\u00e1s que difuminara las estr\u00edas y reduce el picor.<\/p>\n<p>&nbsp;<\/p>\n<h5>Contiene:<\/h5>\n<p>Aceite vegetal de girasol, ciruela, rosa mosqueta y almendra<\/p>\n<p>&nbsp;<\/p>\n<h5>Modo de uso:<\/h5>\n<p>Aplica todas las noches y\/o ma\u00f1anas<\/p>\n<p>&nbsp;<\/p>\n<p>&nbsp;<\/p>\n","protected":false},"excerpt":{"rendered":"<p>Salud es belleza<\/p>\n<p>VENTA EXCLUSIVA SOLO FARMACIA EN L\u00cdNEA<\/p>\n","protected":false},"featured_media":21145,"comment_status":"open","ping_status":"closed","template":"","meta":[],"product_brand":[456],"product_cat":[80,84,285],"product_tag":[364],"class_list":{"0":"post-21143","1":"product","2":"type-product","3":"status-publish","4":"has-post-thumbnail","6":"product_brand-patyka","7":"product_cat-cuerpo","8":"product_cat-locion","9":"product_cat-patyka","10":"product_tag-patyka","12":"first","13":"outofstock","14":"shipping-taxable","15":"purchasable","16":"product-type-simple"},"aioseo_notices":[],"_links":{"self":[{"href":"https:\/\/iselamendez.mx\/farmacia\/wp-json\/wp\/v2\/product\/21143","targetHints":{"allow":["GET"]}}],"collection":[{"href":"https:\/\/iselamendez.mx\/farmacia\/wp-json\/wp\/v2\/product"}],"about":[{"href":"https:\/\/iselamendez.mx\/farmacia\/wp-json\/wp\/v2\/types\/product"}],"replies":[{"embeddable":true,"href":"https:\/\/iselamendez.mx\/farmacia\/wp-json\/wp\/v2\/comments?post=21143"}],"wp:featuredmedia":[{"embeddable":true,"href":"https:\/\/iselamendez.mx\/farmacia\/wp-json\/wp\/v2\/media\/21145"}],"wp:attachment":[{"href":"https:\/\/iselamendez.mx\/farmacia\/wp-json\/wp\/v2\/media?parent=21143"}],"wp:term":[{"taxonomy":"product_brand","embeddable":true,"href":"https:\/\/iselamendez.mx\/farmacia\/wp-json\/wp\/v2\/product_brand?post=21143"},{"taxonomy":"product_cat","embeddable":true,"href":"https:\/\/iselamendez.mx\/farmacia\/wp-json\/wp\/v2\/product_cat?post=21143"},{"taxonomy":"product_tag","embeddable":true,"href":"https:\/\/iselamendez.mx\/farmacia\/wp-json\/wp\/v2\/product_tag?post=21143"}],"curies":[{"name":"wp","href":"https:\/\/api.w.org\/{rel}","templated":true}]}}