{"id":22299,"date":"2023-02-21T10:38:55","date_gmt":"2023-02-21T16:38:55","guid":{"rendered":"https:\/\/iselamendez.mx\/farmacia\/?post_type=product&#038;p=22299"},"modified":"2026-04-17T18:16:40","modified_gmt":"2026-04-18T00:16:40","slug":"svr-hyalu-biotic-50ml","status":"publish","type":"product","link":"https:\/\/iselamendez.mx\/farmacia\/tienda\/funcion\/tratamiento\/anti-edad\/svr-hyalu-biotic-50ml\/","title":{"rendered":"SVR Hyalu Biotic Gel 50ml"},"content":{"rendered":"<h4>SVR Hyalu Biotic 50ml<\/h4>\n<p>Gel Regenerador y rellenador, para pieles deshidratadas, con l\u00edneas de expresi\u00f3n y arrugas, generando una hidrataci\u00f3n por 48 horas.<\/p>\n<pre style=\"text-align: center;\">Probi\u00f3ticos + 2 \u00c1cido Hyaluronic\u00a0 + Vitamina C<\/pre>\n<p>&nbsp;<\/p>\n<h5>\u00bfC\u00f3mo act\u00faa?<\/h5>\n<p>A la piel deshidratada le falta agua y cuando esto ocurre su funci\u00f3n de barrera se ve afectada, el envejecimiento biol\u00f3gico, el estr\u00e9s, el cansancio, la contaminaci\u00f3n y los rayos UV ralentizan los mecanismos naturales de hidrataci\u00f3n de la piel, por lo tanto, se va debilitando la piel en su 3 niveles, esto resulta en molestias en el rostro, perdida de luminosidad, falta de flexibilidad y arrugas de deshidrataci\u00f3n.<\/p>\n<p>Debido a que la producci\u00f3n de \u00e1cido hialur\u00f3nico disminuye a partir de los 25 a\u00f1os, se opt\u00f3 por utilizar un \u00c1CIDO HIALUR\u00d3NICO DE BAJO PESO MOLECULAR combinado con un \u00c1CIDO HIALUR\u00d3NICO DE PESO MOLECULAR MEDIO. Ambos trabajan sin\u00e9rgicamente para mantener el proceso de hidrataci\u00f3n, adem\u00e1s de rellenar y suavizar las arrugas.<\/p>\n<p>\u00a1Hidrataci\u00f3n durante 48H en una textura refrescante y sedosa!<\/p>\n<p>&nbsp;<\/p>\n<p><strong>\u00a1Con sus 3 activos la piel mejora visiblemente!<\/strong><\/p>\n<p><strong>Probi\u00f3ticos pasteurizados<\/strong> protegen y refuerzan la barrera cut\u00e1nea<\/p>\n<p><b>El d\u00fao de \u00c1cido Hialuronico<\/b> Ayuda a alisar arrugas y las l\u00edneas de expresi\u00f3n mientras favorece la hidrataci\u00f3n de la piel.<\/p>\n<p>Por \u00faltimo; la <strong>Vitamina C<\/strong> protege de los radicales libres, los cuales son los causantes del envejecimiento cut\u00e1neo, unifica la piel, reafirma, relaja e ilumina la piel.<\/p>\n<h5><\/h5>\n<h5>Modo de uso<\/h5>\n<p>Aplica SVR Hyalu Biotic Gel Regenerador uniformemente en rostro y cuello ma\u00f1ana y\/o noche. Solo para uso externo.<\/p>\n<p>&nbsp;<\/p>\n<p>&nbsp;<\/p>\n","protected":false},"excerpt":{"rendered":"<p>Salud es Belleza<\/p>\n<p>&nbsp;<\/p>\n","protected":false},"featured_media":66574,"comment_status":"open","ping_status":"closed","template":"","meta":[],"product_brand":[474],"product_cat":[152,161,157,486,79,32,71],"product_tag":[368],"class_list":{"0":"post-22299","1":"product","2":"type-product","3":"status-publish","4":"has-post-thumbnail","6":"product_brand-svr","7":"product_cat-anti-edad","8":"product_cat-crema-facial-tipo-de-producto","9":"product_cat-hidratacion","10":"product_cat-promociones-2026","11":"product_cat-rostro","12":"product_cat-svr","13":"product_cat-tratamiento","14":"product_tag-svr","16":"first","17":"instock","18":"shipping-taxable","19":"purchasable","20":"product-type-simple"},"aioseo_notices":[],"_links":{"self":[{"href":"https:\/\/iselamendez.mx\/farmacia\/wp-json\/wp\/v2\/product\/22299","targetHints":{"allow":["GET"]}}],"collection":[{"href":"https:\/\/iselamendez.mx\/farmacia\/wp-json\/wp\/v2\/product"}],"about":[{"href":"https:\/\/iselamendez.mx\/farmacia\/wp-json\/wp\/v2\/types\/product"}],"replies":[{"embeddable":true,"href":"https:\/\/iselamendez.mx\/farmacia\/wp-json\/wp\/v2\/comments?post=22299"}],"wp:featuredmedia":[{"embeddable":true,"href":"https:\/\/iselamendez.mx\/farmacia\/wp-json\/wp\/v2\/media\/66574"}],"wp:attachment":[{"href":"https:\/\/iselamendez.mx\/farmacia\/wp-json\/wp\/v2\/media?parent=22299"}],"wp:term":[{"taxonomy":"product_brand","embeddable":true,"href":"https:\/\/iselamendez.mx\/farmacia\/wp-json\/wp\/v2\/product_brand?post=22299"},{"taxonomy":"product_cat","embeddable":true,"href":"https:\/\/iselamendez.mx\/farmacia\/wp-json\/wp\/v2\/product_cat?post=22299"},{"taxonomy":"product_tag","embeddable":true,"href":"https:\/\/iselamendez.mx\/farmacia\/wp-json\/wp\/v2\/product_tag?post=22299"}],"curies":[{"name":"wp","href":"https:\/\/api.w.org\/{rel}","templated":true}]}}