{"id":23241,"date":"2023-03-15T13:22:47","date_gmt":"2023-03-15T19:22:47","guid":{"rendered":"https:\/\/iselamendez.mx\/farmacia\/?post_type=product&#038;p=23241"},"modified":"2026-04-01T03:21:52","modified_gmt":"2026-04-01T09:21:52","slug":"noon-double-white-50g","status":"publish","type":"product","link":"https:\/\/iselamendez.mx\/farmacia\/tienda\/funcion\/tratamiento\/despigmentantes\/noon-double-white-50g\/","title":{"rendered":"NOON Double White 50g"},"content":{"rendered":"<h4>NOON Double White 50g<\/h4>\n<p>Sistema Intensivo Avanzado tratamiento integral de blanqueamiento<\/p>\n<p>&nbsp;<\/p>\n<p>Combinaci\u00f3n de Vitamina C, \u00c1cido azelaico y alfa arbutina (5%). Esta poderosa mezcla ayuda a reducir la decoloraci\u00f3n, iguala el tono de la piel y protege la estructura de la piel de los radicales libres. DermShieldTM permite el uso de la crema sin causar irritaci\u00f3n.<\/p>\n<p>&nbsp;<\/p>\n<h5>Modo de uso:<\/h5>\n<p>Aplique una capa delgada de Vit C Serum 11S (A) y luego una capa delgada de Azelaic 20 (B) hasta dos veces al d\u00eda en la cara, el cuello y escote, o seg\u00fan las instrucciones de su especialista en cuidado de la piel. Durante el d\u00eda, se recomienda aplicar tambi\u00e9n el protector solar en polvo.<\/p>\n<p>&nbsp;<\/p>\n<p>&nbsp;<\/p>\n<p>&nbsp;<\/p>\n<p>&nbsp;<\/p>\n","protected":false},"excerpt":{"rendered":"<p>Salud es belleza<\/p>\n","protected":false},"featured_media":23138,"comment_status":"open","ping_status":"closed","template":"","meta":[],"product_brand":[452],"product_cat":[161,154,179,153,79,71],"product_tag":[],"class_list":{"0":"post-23241","1":"product","2":"type-product","3":"status-publish","4":"has-post-thumbnail","6":"product_brand-noon","7":"product_cat-crema-facial-tipo-de-producto","8":"product_cat-despigmentantes","9":"product_cat-noon","10":"product_cat-acne","11":"product_cat-rostro","12":"product_cat-tratamiento","14":"first","15":"outofstock","16":"shipping-taxable","17":"purchasable","18":"product-type-simple"},"aioseo_notices":[],"_links":{"self":[{"href":"https:\/\/iselamendez.mx\/farmacia\/wp-json\/wp\/v2\/product\/23241","targetHints":{"allow":["GET"]}}],"collection":[{"href":"https:\/\/iselamendez.mx\/farmacia\/wp-json\/wp\/v2\/product"}],"about":[{"href":"https:\/\/iselamendez.mx\/farmacia\/wp-json\/wp\/v2\/types\/product"}],"replies":[{"embeddable":true,"href":"https:\/\/iselamendez.mx\/farmacia\/wp-json\/wp\/v2\/comments?post=23241"}],"wp:featuredmedia":[{"embeddable":true,"href":"https:\/\/iselamendez.mx\/farmacia\/wp-json\/wp\/v2\/media\/23138"}],"wp:attachment":[{"href":"https:\/\/iselamendez.mx\/farmacia\/wp-json\/wp\/v2\/media?parent=23241"}],"wp:term":[{"taxonomy":"product_brand","embeddable":true,"href":"https:\/\/iselamendez.mx\/farmacia\/wp-json\/wp\/v2\/product_brand?post=23241"},{"taxonomy":"product_cat","embeddable":true,"href":"https:\/\/iselamendez.mx\/farmacia\/wp-json\/wp\/v2\/product_cat?post=23241"},{"taxonomy":"product_tag","embeddable":true,"href":"https:\/\/iselamendez.mx\/farmacia\/wp-json\/wp\/v2\/product_tag?post=23241"}],"curies":[{"name":"wp","href":"https:\/\/api.w.org\/{rel}","templated":true}]}}