{"id":24872,"date":"2023-04-19T13:26:08","date_gmt":"2023-04-19T19:26:08","guid":{"rendered":"https:\/\/iselamendez.mx\/farmacia\/?post_type=product&#038;p=24872"},"modified":"2026-04-15T10:40:55","modified_gmt":"2026-04-15T16:40:55","slug":"glutanex-nexus-pharma-100-tabletas","status":"publish","type":"product","link":"https:\/\/iselamendez.mx\/farmacia\/tienda\/funcion\/tratamiento\/suplementos-alimenticios\/glutanex-nexus-pharma-100-tabletas\/","title":{"rendered":"Glutanex Tab Glutati\u00f3n 100mg 100 tabletas"},"content":{"rendered":"<h4>Nexus Pharma Glutanex 100 tabletas<\/h4>\n<p>Suplemento alimenticio a base de Glutati\u00f3n GSH<\/p>\n<p>El Glutati\u00f3n es un trip\u00e9ptido formado por el h\u00edgado a partir de los amino\u00e1cidos Glicina, Ciste\u00edna y \u00c1cido\u00a0Glut\u00e1mico.\u00a0 Esta combinaci\u00f3n de amino\u00e1cidos hace del Glutati\u00f3n, un elemento \u00fatil para personas a partir de los 18 a\u00f1os, ya que los niveles de Glutati\u00f3n o sus reservas en el cuerpo comienzan a declinar con el tiempo.<\/p>\n<p>Tabletas de Glutati\u00f3n GSH purificado, sin al\u00e9rgenos ni ingredientes como nueces, l\u00e1cteos, soya, gluten, vitaminas, derivados de pescado o crust\u00e1ceos, az\u00facares, edulcorantes, \u00e1cidos grasos ni herbolaria, que degraden su composici\u00f3n. TAB ayuda a complementar la cantidad de Glutati\u00f3n que el organismo humano produce de manera natural, el cual se adquiere de alimentos naturales como las espinacas, sand\u00eda, toronja, esp\u00e1rragos, aguacate, fresas, calabaza, br\u00f3coli, coliflor, nueces, ajo, tomates, entre otros. Adecuada ingesta de Glutati\u00f3n junto con una dieta balanceada y estilo de vida saludable.<\/p>\n<p>&nbsp;<\/p>\n<h5>Modo de uso:<\/h5>\n<ul>\n<li>Tomar entre 1 y 3 tabletas al d\u00eda con o sin alimentos<\/li>\n<li>3 meses de uso, 1 de descanso, retomar.<\/li>\n<li>No apto para menores de 18 a\u00f1os<\/li>\n<li>No exceder la porci\u00f3n m\u00e1xima indicada<\/li>\n<li>Uso a partir de los 18 a\u00f1os.<\/li>\n<\/ul>\n","protected":false},"excerpt":{"rendered":"<p>Salud es belleza<\/p>\n","protected":false},"featured_media":24839,"comment_status":"open","ping_status":"closed","template":"","meta":[],"product_brand":[430],"product_cat":[334,92,307,158,135],"product_tag":[363],"class_list":{"0":"post-24872","1":"product","2":"type-product","3":"status-publish","4":"has-post-thumbnail","6":"product_brand-glutanex","7":"product_cat-glutanex","8":"product_cat-marcas","9":"product_cat-nexus-pharma","10":"product_cat-suplementos-alimenticios","11":"product_cat-via-oral","12":"product_tag-nexus-pharma","14":"first","15":"instock","16":"shipping-taxable","17":"purchasable","18":"product-type-simple"},"aioseo_notices":[],"_links":{"self":[{"href":"https:\/\/iselamendez.mx\/farmacia\/wp-json\/wp\/v2\/product\/24872","targetHints":{"allow":["GET"]}}],"collection":[{"href":"https:\/\/iselamendez.mx\/farmacia\/wp-json\/wp\/v2\/product"}],"about":[{"href":"https:\/\/iselamendez.mx\/farmacia\/wp-json\/wp\/v2\/types\/product"}],"replies":[{"embeddable":true,"href":"https:\/\/iselamendez.mx\/farmacia\/wp-json\/wp\/v2\/comments?post=24872"}],"wp:featuredmedia":[{"embeddable":true,"href":"https:\/\/iselamendez.mx\/farmacia\/wp-json\/wp\/v2\/media\/24839"}],"wp:attachment":[{"href":"https:\/\/iselamendez.mx\/farmacia\/wp-json\/wp\/v2\/media?parent=24872"}],"wp:term":[{"taxonomy":"product_brand","embeddable":true,"href":"https:\/\/iselamendez.mx\/farmacia\/wp-json\/wp\/v2\/product_brand?post=24872"},{"taxonomy":"product_cat","embeddable":true,"href":"https:\/\/iselamendez.mx\/farmacia\/wp-json\/wp\/v2\/product_cat?post=24872"},{"taxonomy":"product_tag","embeddable":true,"href":"https:\/\/iselamendez.mx\/farmacia\/wp-json\/wp\/v2\/product_tag?post=24872"}],"curies":[{"name":"wp","href":"https:\/\/api.w.org\/{rel}","templated":true}]}}