{"id":30886,"date":"2023-10-12T13:41:57","date_gmt":"2023-10-12T19:41:57","guid":{"rendered":"https:\/\/iselamendez.mx\/farmacia\/?post_type=product&#038;p=30886"},"modified":"2026-04-13T10:30:27","modified_gmt":"2026-04-13T16:30:27","slug":"svr-sebiaclear-gel-moussant-eco-refill-400ml","status":"publish","type":"product","link":"https:\/\/iselamendez.mx\/farmacia\/tienda\/funcion\/tratamiento\/acne\/svr-sebiaclear-gel-moussant-eco-refill-400ml\/","title":{"rendered":"SVR Sebiaclear Gel Moussant Eco-Refill 400ml"},"content":{"rendered":"<h4>SVR Sebiaclear Gel Moussant Eco-Refill 400ml<\/h4>\n<p>Limpiador sin jab\u00f3n, Purificante y desincrustante<\/p>\n<h5><\/h5>\n<h5>\u00bfC\u00f3mo act\u00faa?<\/h5>\n<p>Para pieles sensibles, mixtas a grasas y con tendencia acneica. Rostro y cuerpo.<\/p>\n<p>Para eliminar las imperfecciones tenemos la convicci\u00f3n de que debemos usar productos agresivos para nuestra piel. Pero, por el contrario, lo necesario es limpiar suavemente, para no estimular la producci\u00f3n de sebo, y no irritarla a\u00fan m\u00e1s.<br \/>\nLimpiador sin jab\u00f3n que purifica y desincrusta suavemente la piel. Su espuma cremosa ayuda a eliminar las impurezas y deshacerse del exceso de sebo sin resecar. F\u00e1cil de aclarar, deja la piel perfectamente limpia, fresca y matificada.<\/p>\n<p>Las pieles mixtas a grasas producen cantidades excesivas de sebo, que causan brillos, hacen visibles los poros y promueven la aparici\u00f3n de imperfecciones.<\/p>\n<p>Una f\u00f3rmula adecuada para pieles sensibles, mixtas a grasas y con tendencia acneica.<\/p>\n<p>&nbsp;<\/p>\n<h5>Beneficios:<\/h5>\n<p>\u2022 Piel se purifica<br \/>\n\u2022 El exceso de sebo se elimina<br \/>\n\u2022 Los poros se desincrustan<br \/>\n\u2022 Piel suave<\/p>\n<p>&nbsp;<\/p>\n<h5>Modo de uso:<\/h5>\n<p>Aplicar tu <a href=\"https:\/\/es.labo-svr.com\/products\/sebiaclear-gel-moussant\">Sebiaclear Gel<\/a> sobre la piel h\u00fameda hasta conseguir una ligera espuma, masajear y aclarar.<\/p>\n<p>\u00a1Echa un vistazo a nuestra l\u00ednea\u00a0<a href=\"https:\/\/iselamendez.mx\/farmacia\/?s=sebiaclear\">contra acn\u00e9<\/a>!<\/p>\n<p>&nbsp;<\/p>\n<p>&nbsp;<\/p>\n","protected":false},"excerpt":{"rendered":"<p>Salud es belleza<\/p>\n<h5><\/h5>\n","protected":false},"featured_media":31002,"comment_status":"open","ping_status":"closed","template":"","meta":[],"product_brand":[474],"product_cat":[80,87,165,114,291,153,486,79,32],"product_tag":[368],"class_list":{"0":"post-30886","1":"product","2":"type-product","3":"status-publish","4":"has-post-thumbnail","6":"product_brand-svr","7":"product_cat-cuerpo","8":"product_cat-gel","9":"product_cat-gel-de-ducha-tipo-de-producto","10":"product_cat-limpieza","11":"product_cat-limpieza-facial","12":"product_cat-acne","13":"product_cat-promociones-2026","14":"product_cat-rostro","15":"product_cat-svr","16":"product_tag-svr","18":"first","19":"instock","20":"shipping-taxable","21":"purchasable","22":"product-type-simple"},"aioseo_notices":[],"_links":{"self":[{"href":"https:\/\/iselamendez.mx\/farmacia\/wp-json\/wp\/v2\/product\/30886","targetHints":{"allow":["GET"]}}],"collection":[{"href":"https:\/\/iselamendez.mx\/farmacia\/wp-json\/wp\/v2\/product"}],"about":[{"href":"https:\/\/iselamendez.mx\/farmacia\/wp-json\/wp\/v2\/types\/product"}],"replies":[{"embeddable":true,"href":"https:\/\/iselamendez.mx\/farmacia\/wp-json\/wp\/v2\/comments?post=30886"}],"wp:featuredmedia":[{"embeddable":true,"href":"https:\/\/iselamendez.mx\/farmacia\/wp-json\/wp\/v2\/media\/31002"}],"wp:attachment":[{"href":"https:\/\/iselamendez.mx\/farmacia\/wp-json\/wp\/v2\/media?parent=30886"}],"wp:term":[{"taxonomy":"product_brand","embeddable":true,"href":"https:\/\/iselamendez.mx\/farmacia\/wp-json\/wp\/v2\/product_brand?post=30886"},{"taxonomy":"product_cat","embeddable":true,"href":"https:\/\/iselamendez.mx\/farmacia\/wp-json\/wp\/v2\/product_cat?post=30886"},{"taxonomy":"product_tag","embeddable":true,"href":"https:\/\/iselamendez.mx\/farmacia\/wp-json\/wp\/v2\/product_tag?post=30886"}],"curies":[{"name":"wp","href":"https:\/\/api.w.org\/{rel}","templated":true}]}}