{"id":31438,"date":"2023-11-02T12:16:45","date_gmt":"2023-11-02T18:16:45","guid":{"rendered":"https:\/\/iselamendez.mx\/farmacia\/?post_type=product&#038;p=31438"},"modified":"2026-04-01T03:22:35","modified_gmt":"2026-04-01T09:22:35","slug":"svr-physiopure-gelee-moussante-400ml","status":"publish","type":"product","link":"https:\/\/iselamendez.mx\/farmacia\/tienda\/funcion\/tratamiento\/piel-sensible\/svr-physiopure-gelee-moussante-400ml\/","title":{"rendered":"SVR Physiopure Gelee Moussante 400ml"},"content":{"rendered":"<h4>SVR Physiopure Gelee Moussante 400ml<\/h4>\n<h5>Purifica y limpia la piel sin resecarla.<\/h5>\n<div><\/div>\n<div>Su espuma suave y cremosa elimina las impurezas, la contaminaci\u00f3n y todo rastro de maquillaje, incluso el resistente al agua. La piel queda perfectamente limpia, fresca, oxigenada y purificada.<\/div>\n<div><\/div>\n<h5>Beneficios:<\/h5>\n<div>\n<ul>\n<li>Textura espumosa ultrafresca<\/li>\n<li>Fragancia fresca<\/li>\n<\/ul>\n<p>&nbsp;<\/p>\n<h5>La piel tendr\u00e1 como resultado:<\/h5>\n<ul>\n<li>M\u00e1s suave y limpia<\/li>\n<li>Calmada y no se siente tirante<\/li>\n<li>Elimina el maquillaje, incluso el resistente al agua.<\/li>\n<li>Fresca y llena de energ\u00eda.<\/li>\n<\/ul>\n<\/div>\n<p>&nbsp;<\/p>\n<h5>Modo de uso:<\/h5>\n<div>Con el rostro h\u00famedo, haz ligeros masajes y despu\u00e9s enjuaga, aplica por la ma\u00f1ana y la noche.<\/div>\n<div><\/div>\n<div>\n<p>&nbsp;<\/p>\n<\/div>\n","protected":false},"excerpt":{"rendered":"<p>Salud es belleza<\/p>\n","protected":false},"featured_media":31441,"comment_status":"open","ping_status":"closed","template":"","meta":[],"product_brand":[474],"product_cat":[87,114,291,113,486,79,32],"product_tag":[368],"class_list":{"0":"post-31438","1":"product","2":"type-product","3":"status-publish","4":"has-post-thumbnail","6":"product_brand-svr","7":"product_cat-gel","8":"product_cat-limpieza","9":"product_cat-limpieza-facial","10":"product_cat-piel-sensible","11":"product_cat-promociones-2026","12":"product_cat-rostro","13":"product_cat-svr","14":"product_tag-svr","16":"first","17":"instock","18":"shipping-taxable","19":"purchasable","20":"product-type-simple"},"aioseo_notices":[],"_links":{"self":[{"href":"https:\/\/iselamendez.mx\/farmacia\/wp-json\/wp\/v2\/product\/31438","targetHints":{"allow":["GET"]}}],"collection":[{"href":"https:\/\/iselamendez.mx\/farmacia\/wp-json\/wp\/v2\/product"}],"about":[{"href":"https:\/\/iselamendez.mx\/farmacia\/wp-json\/wp\/v2\/types\/product"}],"replies":[{"embeddable":true,"href":"https:\/\/iselamendez.mx\/farmacia\/wp-json\/wp\/v2\/comments?post=31438"}],"wp:featuredmedia":[{"embeddable":true,"href":"https:\/\/iselamendez.mx\/farmacia\/wp-json\/wp\/v2\/media\/31441"}],"wp:attachment":[{"href":"https:\/\/iselamendez.mx\/farmacia\/wp-json\/wp\/v2\/media?parent=31438"}],"wp:term":[{"taxonomy":"product_brand","embeddable":true,"href":"https:\/\/iselamendez.mx\/farmacia\/wp-json\/wp\/v2\/product_brand?post=31438"},{"taxonomy":"product_cat","embeddable":true,"href":"https:\/\/iselamendez.mx\/farmacia\/wp-json\/wp\/v2\/product_cat?post=31438"},{"taxonomy":"product_tag","embeddable":true,"href":"https:\/\/iselamendez.mx\/farmacia\/wp-json\/wp\/v2\/product_tag?post=31438"}],"curies":[{"name":"wp","href":"https:\/\/api.w.org\/{rel}","templated":true}]}}