{"id":31619,"date":"2023-11-09T17:06:34","date_gmt":"2023-11-09T23:06:34","guid":{"rendered":"https:\/\/iselamendez.mx\/farmacia\/?post_type=product&#038;p=31619"},"modified":"2026-04-17T18:16:36","modified_gmt":"2026-04-18T00:16:36","slug":"skinceuticals-a-g-e-advanced-eye-15ml","status":"publish","type":"product","link":"https:\/\/iselamendez.mx\/farmacia\/tienda\/tipo-de-producto\/crema-contorno-de-ojos-tipo-de-producto\/skinceuticals-a-g-e-advanced-eye-15ml\/","title":{"rendered":"SkinCeuticals A.G.E. Advanced Eye 15mL"},"content":{"rendered":"<h1><strong>Skinceuticals A.G.E. Advanced Eye 15ml<\/strong><\/h1>\n<p>.<strong>Descripci\u00f3n larga:<\/strong> <strong>Skinceuticals A.G.E. Advanced Eye<\/strong> es una crema antiedad avanzada dise\u00f1ada espec\u00edficamente para la delicada zona del contorno de ojos. Esta f\u00f3rmula poderosa aborda los signos del envejecimiento causados por los productos finales de la glicaci\u00f3n avanzada (A.G.E.), que resultan de la acumulaci\u00f3n de az\u00facares en la piel. Con ingredientes activos altamente concentrados, <strong>Skinceuticals A.G.E. Advanced Eye<\/strong> reduce visiblemente la apariencia de l\u00edneas finas, arrugas, ojeras y bolsas, mejorando la elasticidad y firmeza de la piel. Ideal para quienes buscan rejuvenecer la mirada, esta crema brinda una soluci\u00f3n integral para un contorno de ojos m\u00e1s joven y revitalizado.<\/p>\n<p><strong>Beneficios:<\/strong><\/p>\n<ul>\n<li><strong>Reduce visiblemente las l\u00edneas finas y arrugas<\/strong> alrededor de los ojos.<\/li>\n<li><strong>Disminuye las ojeras<\/strong> y las bolsas, iluminando la mirada.<\/li>\n<li><strong>Mejora la elasticidad<\/strong> y firmeza de la piel en el contorno de ojos.<\/li>\n<li><strong>Hidrata profundamente<\/strong>, dejando la piel suave y revitalizada.<\/li>\n<\/ul>\n<p><strong>Ingredientes:<\/strong><\/p>\n<ul>\n<li><strong>Proxylane\u2122<\/strong>: Mejora la elasticidad y densidad de la piel.<\/li>\n<li><strong>Extracto de ar\u00e1ndano<\/strong>: Poderoso antioxidante que combate el da\u00f1o causado por los radicales libres.<\/li>\n<li><strong>Complejo de Flavonoides y P\u00e9ptidos<\/strong>: Refuerza la microcirculaci\u00f3n y disminuye las ojeras y bolsas.<\/li>\n<\/ul>\n<p><strong>C\u00f3mo usar:<\/strong><\/p>\n<ol>\n<li>Limpia y seca suavemente la zona del contorno de ojos.<\/li>\n<li>Aplica una peque\u00f1a cantidad de <strong>Skinceuticals A.G.E. Advanced Eye<\/strong> en el contorno de los ojos, masajeando suavemente con las yemas de los dedos hasta su completa absorci\u00f3n.<\/li>\n<li>Utiliza por la ma\u00f1ana y por la noche para obtener resultados \u00f3ptimos.<\/li>\n<\/ol>\n<p><strong>\u00a1No pierdas la oportunidad de rejuvenecer tu mirada con Skinceuticals A.G.E. Advanced Eye! Compra ahora en <a href=\"https:\/\/iselamendez.mx\/farmacia\/programa-de-lealtad-boutique-isela-mendez\" target=\"_new\" rel=\"noopener\">Farmacia en L\u00ednea Isela M\u00e9ndez<\/a> y disfruta de una piel visiblemente m\u00e1s joven y radiante.<\/strong><\/p>\n<h2>Conclusi\u00f3n del producto<\/h2>\n<p><strong>Skinceuticals A.G.E. Advanced Eye<\/strong> es la soluci\u00f3n definitiva para combatir los signos del envejecimiento en el contorno de ojos. <strong>Adqui\u00e9relo en <a href=\"https:\/\/iselamendez.mx\/farmacia\/programa-de-lealtad-boutique-isela-mendez\" target=\"_new\" rel=\"noopener\">Farmacia en L\u00ednea Isela M\u00e9ndez<\/a><\/strong> y revitaliza tu mirada con una crema de alto rendimiento.<\/p>\n","protected":false},"excerpt":{"rendered":"<p>Salud es belleza<\/p>\n","protected":false},"featured_media":31780,"comment_status":"open","ping_status":"closed","template":"","meta":[],"product_brand":[379],"product_cat":[203,162,519,78,486,54],"product_tag":[367],"class_list":{"0":"post-31619","1":"product","2":"type-product","3":"status-publish","4":"has-post-thumbnail","6":"product_brand-skinceuticals","7":"product_cat-antioxidante","8":"product_cat-crema-contorno-de-ojos-tipo-de-producto","9":"product_cat-invierno","10":"product_cat-ojos","11":"product_cat-promociones-2026","12":"product_cat-skinceuticals","13":"product_tag-skinceuticals","15":"first","16":"instock","17":"shipping-taxable","18":"purchasable","19":"product-type-simple"},"aioseo_notices":[],"_links":{"self":[{"href":"https:\/\/iselamendez.mx\/farmacia\/wp-json\/wp\/v2\/product\/31619","targetHints":{"allow":["GET"]}}],"collection":[{"href":"https:\/\/iselamendez.mx\/farmacia\/wp-json\/wp\/v2\/product"}],"about":[{"href":"https:\/\/iselamendez.mx\/farmacia\/wp-json\/wp\/v2\/types\/product"}],"replies":[{"embeddable":true,"href":"https:\/\/iselamendez.mx\/farmacia\/wp-json\/wp\/v2\/comments?post=31619"}],"wp:featuredmedia":[{"embeddable":true,"href":"https:\/\/iselamendez.mx\/farmacia\/wp-json\/wp\/v2\/media\/31780"}],"wp:attachment":[{"href":"https:\/\/iselamendez.mx\/farmacia\/wp-json\/wp\/v2\/media?parent=31619"}],"wp:term":[{"taxonomy":"product_brand","embeddable":true,"href":"https:\/\/iselamendez.mx\/farmacia\/wp-json\/wp\/v2\/product_brand?post=31619"},{"taxonomy":"product_cat","embeddable":true,"href":"https:\/\/iselamendez.mx\/farmacia\/wp-json\/wp\/v2\/product_cat?post=31619"},{"taxonomy":"product_tag","embeddable":true,"href":"https:\/\/iselamendez.mx\/farmacia\/wp-json\/wp\/v2\/product_tag?post=31619"}],"curies":[{"name":"wp","href":"https:\/\/api.w.org\/{rel}","templated":true}]}}