{"id":32590,"date":"2023-12-02T14:34:00","date_gmt":"2023-12-02T20:34:00","guid":{"rendered":"https:\/\/iselamendez.mx\/farmacia\/?post_type=product&#038;p=32590"},"modified":"2026-04-15T10:41:32","modified_gmt":"2026-04-15T16:41:32","slug":"lazartigue-la-couleur-absolue-6-30-golden-dark-blond","status":"publish","type":"product","link":"https:\/\/iselamendez.mx\/farmacia\/tienda\/zona-del-cuerpo\/cabeza\/lazartigue-la-couleur-absolue-6-30-golden-dark-blond\/","title":{"rendered":"Lazartigue La Couleur Absolue Tinte Natural 6.30 Rubio Oscuro Dorado"},"content":{"rendered":"<h4><a href=\"https:\/\/lazartigue.com\/\">Lazartigue La Couleur Absolue 6.30 Golden Dark Blond<\/a><\/h4>\n<p><a href=\"https:\/\/lazartigue.com\/\">La Couleur Absolue<\/a> es una coloraci\u00f3n permanente sin amon\u00edaco con extractos bot\u00e1nicos.<\/p>\n<p>&nbsp;<\/p>\n<p>Acci\u00f3n y resultados<\/p>\n<p>Lazartigue crea la primera coloraci\u00f3n con ingredientes vegetales activos que nutren, hidratan y protegen la fibra. Gracias a su alta concentraci\u00f3n en pigmentos profesionales ofrece una expresi\u00f3n absoluta del color y un brillo incomparable y duradero. Enriquecida con leche de arroz y aceite de reina de los prados, protege y nutre intensamente la fibra<\/p>\n<p>&nbsp;<\/p>\n<h5>Beneficios:<\/h5>\n<p><a href=\"https:\/\/iselamendez.mx\/farmacia\/?s=lazartigue&amp;post_type=product&amp;dgwt_wcas=1\">Potencializa el color<\/a>:<\/p>\n<p>El suero profesional activador de la coloraci\u00f3n enriquecido con aceite de arg\u00e1n y manteca de bacuri protege la fibra y la prepara perfectamente para recibir el color. El resultado de la coloraci\u00f3n sobre la cabellera es \u00f3ptimo y uniforme. Directamente inspirada en las coloraciones realizadas en el sal\u00f3n, la crema de coloraci\u00f3n posee un alto contenido de pigmentos profesionales y garantiza un color intenso, profundo y rico en matices, con un resultado natural. Permanente, <a href=\"https:\/\/iselamendez.mx\/farmacia\/?s=lazartigue&amp;post_type=product&amp;dgwt_wcas=1\">cubre el 100 %<\/a> de las canas desde la primera aplicaci\u00f3n.<\/p>\n<p>&nbsp;<\/p>\n<p>Es respetuoso con el cuero cabelludo y de la fibra capilar:<\/p>\n<p>No contiene amon\u00edaco, PPD ni resorcinol, para ofrecer al cuero cabelludo y a la fibra un respeto absoluto con total naturalidad.\u00a0 Enriquecida con extracto de malva, conocido por sus propiedades calmantes, esta f\u00f3rmula ayuda a proteger el cuero cabelludo de las irritaciones y el picor provocados por la coloraci\u00f3n.<\/p>\n<p>&nbsp;<\/p>\n<p>Aporta brillo y sedosidad absoluto al cabello:<\/p>\n<p>Su f\u00f3rmula de tratamiento cremosa sin aceite mineral es rica en aceite de arg\u00e1n y<br \/>\nleche de aloe vera, para ofrecer a la fibra alta nutrici\u00f3n e hidrataci\u00f3n<br \/>\nintensa. La cabellera est\u00e1 el\u00e1stica, irradia un brillo incomparable y<br \/>\nexpresa perfectamente la riqueza del color.<\/p>\n<p>&nbsp;<\/p>\n<h5>Modo de uso:<\/h5>\n<p>Asegurarse de seguir todas las instrucciones del prospecto en el interior de la caja antes de usar.<\/p>\n<p>&nbsp;<\/p>\n<p>&nbsp;<\/p>\n<p>&nbsp;<\/p>\n","protected":false},"excerpt":{"rendered":"<p>Salud es belleza<\/p>\n","protected":false},"featured_media":32623,"comment_status":"open","ping_status":"closed","template":"","meta":[],"product_brand":[391],"product_cat":[112,196,486,302],"product_tag":[358],"class_list":{"0":"post-32590","1":"product","2":"type-product","3":"status-publish","4":"has-post-thumbnail","6":"product_brand-lazartigue","7":"product_cat-cabeza","8":"product_cat-lazartigue","9":"product_cat-promociones-2026","10":"product_cat-tinte","11":"product_tag-lazartigue","13":"first","14":"instock","15":"shipping-taxable","16":"purchasable","17":"product-type-simple"},"aioseo_notices":[],"_links":{"self":[{"href":"https:\/\/iselamendez.mx\/farmacia\/wp-json\/wp\/v2\/product\/32590","targetHints":{"allow":["GET"]}}],"collection":[{"href":"https:\/\/iselamendez.mx\/farmacia\/wp-json\/wp\/v2\/product"}],"about":[{"href":"https:\/\/iselamendez.mx\/farmacia\/wp-json\/wp\/v2\/types\/product"}],"replies":[{"embeddable":true,"href":"https:\/\/iselamendez.mx\/farmacia\/wp-json\/wp\/v2\/comments?post=32590"}],"wp:featuredmedia":[{"embeddable":true,"href":"https:\/\/iselamendez.mx\/farmacia\/wp-json\/wp\/v2\/media\/32623"}],"wp:attachment":[{"href":"https:\/\/iselamendez.mx\/farmacia\/wp-json\/wp\/v2\/media?parent=32590"}],"wp:term":[{"taxonomy":"product_brand","embeddable":true,"href":"https:\/\/iselamendez.mx\/farmacia\/wp-json\/wp\/v2\/product_brand?post=32590"},{"taxonomy":"product_cat","embeddable":true,"href":"https:\/\/iselamendez.mx\/farmacia\/wp-json\/wp\/v2\/product_cat?post=32590"},{"taxonomy":"product_tag","embeddable":true,"href":"https:\/\/iselamendez.mx\/farmacia\/wp-json\/wp\/v2\/product_tag?post=32590"}],"curies":[{"name":"wp","href":"https:\/\/api.w.org\/{rel}","templated":true}]}}