{"id":34399,"date":"2024-02-06T17:42:55","date_gmt":"2024-02-06T23:42:55","guid":{"rendered":"https:\/\/iselamendez.mx\/farmacia\/?post_type=product&#038;p=34399"},"modified":"2026-04-23T15:37:30","modified_gmt":"2026-04-23T21:37:30","slug":"filorga-time-filler-shot-5xp","status":"publish","type":"product","link":"https:\/\/iselamendez.mx\/farmacia\/tienda\/marcas\/filorga\/filorga-time-filler-shot-5xp\/","title":{"rendered":"Filorga Time Filler Shot 5XP Serum 15ml"},"content":{"rendered":"<h1>Filorga Time-Filler Shot 5XP<\/h1>\n<p><strong>Boutique en L\u00ednea<\/strong> trae para los amantes de la marca <a href=\"https:\/\/iselamendez.mx\/farmacia\/categoria-producto\/marcas\/filorga\/\">Filorga<\/a>, su nuevo y exclusivo producto <a href=\"https:\/\/es.filorga.com\/product\/time-filler-shot-5xp\/\">Filorga Time-Filler Shot 5XP<\/a>.\u00a0S\u00e9rum concentrado para tratar 5 arrugas de expresi\u00f3n: arrugas de la frente, arrugas de la pata de gallo, arrugas del entrecejo, arruga de marioneta y arrugas del c\u00f3digo de barras. <strong>Complejo pept\u00eddico<\/strong> que mejora la relajaci\u00f3n muscular y evita la aparici\u00f3n de arrugas de expresi\u00f3n. Pel\u00edcula molecular hidratante que mejora la penetraci\u00f3n de los activos y proporciona una hidrataci\u00f3n inmediata y a largo plazo. <strong>Fermento marino<\/strong> que proporciona firmeza y reforzando el tono muscular.<\/p>\n<h3>Ingredientes del producto:<\/h3>\n<p>AQUA (WATER, EAU), PENTYLENE GLYCOL, GLYCERYL ISOSTEARATE, ISOSTEARYL ISOSTEARATE, C13-15 ALKANE, BETAINE, GLYCERIN, ACRYLATES\/C10-30 ALKYL ACRYLATE CROSSPOLYMER, XANTHAN GUM, METHYL GLUCETH-20, ORYZA SATIVA (RICE) STARCH, POLYGLYCERYL-3 LAURATE, CAPRYLYL GLYCOL, SODIUM LEVULINATE, LEVULINIC ACID, PARFUM (FRAGRANCE), POLYGLYCERYL-6 OLEATE, HYDROLYZED WHEAT PROTEIN, ETHYLHEXYLGLYCERIN, HYDROLYZED SOY PROTEIN, TETRASODIUM GLUTAMATE DIACETATE, POTASSIUM SORBATE, BUTYLENE GLYCOL, PECTIN, HYDROXYETHYLCELLULOSE, BACILLUS\/SOYBEAN FERMENT EXTRACT, SODIUM BENZOATE, ARGININE, PROLINE, SERINE, SODIUM HYDROXIDE, GLUCOSE, ACETYL OCTAPEPTIDE-3, CHONDRUS CRISPUS (CARRAGEENAN) EXTRACT, SODIUM HYALURONATE, ACETYL HEXAPEPTIDE-8, TOCOPHEROL, DISODIUM PHOSPHATE, POLYSORBATE 60, SODIUM PHOSPHATE.<\/p>\n<h3>Presentacion:<\/h3>\n<p><strong>S\u00e9rum blanco de textura gel.<\/strong> F\u00e1cil de extender, de absorci\u00f3n r\u00e1pida y acabado ligero.<\/p>\n<h3>Beneficios:<\/h3>\n<p>Mejora la relajaci\u00f3n muscular y evita la aparici\u00f3n de arrugas de expresi\u00f3n.<br \/>\nMejora la penetraci\u00f3n de los activos y proporciona una hidrataci\u00f3n inmediata y a largo plazo.<br \/>\nProporciona firmeza y reforzando el tono muscular.<\/p>\n<h3>Modo de empleo:<\/h3>\n<p>Aplicar antes del s\u00e9rum y crema habitual. Utilizar el aplicador de zapac para aplicar directamente en las arrugas de expresi\u00f3n. Posteriormente masajear con la punta de los dedos con peque\u00f1os movimientos circulares.<\/p>\n<h3>Notas del producto:<\/h3>\n<h5>NUESTRO COMPROMISO: LA SEGURIDAD Y TRANSPARENCIA DE NUESTRAS F\u00d3RMULAS.<\/h5>\n<h5>Producto <strong>exclusivo<\/strong> de Boutique Isela M\u00e9ndez de la marca <a href=\"https:\/\/es.filorga.com\/product\/time-filler-shot-5xp\/\"><strong>Filorga<\/strong>.<\/a><\/h5>\n<p><iframe loading=\"lazy\" title=\"New FILORGA serum TIME-FILLER SHOT 5XP : smooth your wrinkles, not your expressions\" width=\"1100\" height=\"619\" src=\"https:\/\/www.youtube.com\/embed\/WlCNDEJIlnM?feature=oembed\" frameborder=\"0\" allow=\"accelerometer; autoplay; clipboard-write; encrypted-media; gyroscope; picture-in-picture; web-share\" referrerpolicy=\"strict-origin-when-cross-origin\" allowfullscreen><\/iframe><\/p>\n","protected":false},"excerpt":{"rendered":"<p>Filorga Time-Filler Shot 5XP Boutique en L\u00ednea trae para los amantes de la marca Filorga, su nuevo y exclusivo producto Filorga Time-Filler Shot 5XP.\u00a0S\u00e9rum concentrado para tratar 5 arrugas de expresi\u00f3n: arrugas de la frente, arrugas de la pata de [&hellip;]<\/p>\n","protected":false},"featured_media":35158,"comment_status":"open","ping_status":"closed","template":"","meta":[],"product_brand":[423],"product_cat":[49,486],"product_tag":[346],"class_list":{"0":"post-34399","1":"product","2":"type-product","3":"status-publish","4":"has-post-thumbnail","6":"product_brand-filorga","7":"product_cat-filorga","8":"product_cat-promociones-2026","9":"product_tag-filorga","11":"first","12":"instock","13":"shipping-taxable","14":"purchasable","15":"product-type-simple"},"aioseo_notices":[],"_links":{"self":[{"href":"https:\/\/iselamendez.mx\/farmacia\/wp-json\/wp\/v2\/product\/34399","targetHints":{"allow":["GET"]}}],"collection":[{"href":"https:\/\/iselamendez.mx\/farmacia\/wp-json\/wp\/v2\/product"}],"about":[{"href":"https:\/\/iselamendez.mx\/farmacia\/wp-json\/wp\/v2\/types\/product"}],"replies":[{"embeddable":true,"href":"https:\/\/iselamendez.mx\/farmacia\/wp-json\/wp\/v2\/comments?post=34399"}],"wp:featuredmedia":[{"embeddable":true,"href":"https:\/\/iselamendez.mx\/farmacia\/wp-json\/wp\/v2\/media\/35158"}],"wp:attachment":[{"href":"https:\/\/iselamendez.mx\/farmacia\/wp-json\/wp\/v2\/media?parent=34399"}],"wp:term":[{"taxonomy":"product_brand","embeddable":true,"href":"https:\/\/iselamendez.mx\/farmacia\/wp-json\/wp\/v2\/product_brand?post=34399"},{"taxonomy":"product_cat","embeddable":true,"href":"https:\/\/iselamendez.mx\/farmacia\/wp-json\/wp\/v2\/product_cat?post=34399"},{"taxonomy":"product_tag","embeddable":true,"href":"https:\/\/iselamendez.mx\/farmacia\/wp-json\/wp\/v2\/product_tag?post=34399"}],"curies":[{"name":"wp","href":"https:\/\/api.w.org\/{rel}","templated":true}]}}