{"id":34453,"date":"2024-02-08T12:51:23","date_gmt":"2024-02-08T18:51:23","guid":{"rendered":"https:\/\/iselamendez.mx\/farmacia\/?post_type=product&#038;p=34453"},"modified":"2026-04-22T15:18:57","modified_gmt":"2026-04-22T21:18:57","slug":"nanogen-shampoo-para-mujer-240ml","status":"publish","type":"product","link":"https:\/\/iselamendez.mx\/farmacia\/tienda\/funcion\/cuidado-capilar\/nanogen-shampoo-para-mujer-240ml\/","title":{"rendered":"Nanogen Shampoo para Mujer 240ml"},"content":{"rendered":"<p>Dale m\u00e1s volumen a tu cabello con el shampoo para darle grosor. Limpia tu cabello suavemente mientras crea un efecto de mayor cuerpo en tu cabello desde la primera lavada. Formulado con aloe y manzanilla, este shampoo calmante ayuda a reducir la irritaci\u00f3n del cuero cabelludo dej\u00e1ndolo brillante y nutrido.<\/p>\n<ul>\n<li>UNISEX<\/li>\n<li>NO PROBADO EN ANIMALES<\/li>\n<li>LIBRE DE PARABENO<\/li>\n<li>LIBRE DE SLS\/SLES<\/li>\n<li>LIBRE DE SILICON<\/li>\n<li>PARA QUIENES USAN MINOXIDIL<\/li>\n<\/ul>\n<p><strong>BENEFICIOS<\/strong><br \/>\nEste shampoo es ideal para mujeres que tienen cabello con textura muy fina. Contiene nuestro complejo Hair Growth Factor que fomenta el efecto de grosor en el cabello e incide en el crecimiento del mismo. Formulado con aloe y manzanilla, este shampoo calmante ayuda a reducir la irritaci\u00f3n del cuero cabelludo, dej\u00e1ndolo brillante y nutrido. Puede ser usado con productos que contiene minoxidil y es perfecto para usarse junto con nuestro Thickening Hair Treatment Conditioner for Women.<\/p>\n<p><strong>PREGUNTAS FRECUENTES<\/strong><br \/>\n<strong><em>\u00bfQu\u00e9 tan seguido debo usar el shampoo y acondicionadores de Nanogen?<\/em><\/strong><\/p>\n<p>Recomendamos que uses el shampoo cada vez que laves tu cabello. Para mejores resultados puedes usarlo junto con otros productos del r\u00e9gimen Nanogen como parte de tu rutina.<\/p>\n<p><strong><em>\u00bfEl shampoo y acondicionadores Nanogen son seguros de usar en cabello con tratamientos de color?<\/em><\/strong><\/p>\n<p>S\u00ed, es apto para usar en cabello te\u00f1ido, pero para mantener el color recomendamos no utilizarlo tan frecuentemente.<\/p>\n<p><em><strong>\u00bfQu\u00e9 es SLS y por qu\u00e9 no lo usan?<\/strong><\/em><\/p>\n<p>El Lauril Sulfato de Sodio (SLS) es un surfactante que funciona como un gran limpiador y generador de espuma. Pero puede llegar a ser irritante y sus alternativas suelen hacer menos espuma y no limpian a profundidad. Nosotros usamos ALS que tienen las mismas propiedades que el SLS, pero sin la irritaci\u00f3n. Se trata de una mol\u00e9cula m\u00e1s grande por lo que es m\u00e1s dif\u00edcil que penetre en el cuero cabelludo. Nanogen es una marca 100% libre de SLS.<\/p>\n<p><em><strong>\u00bfSus productos contienen parabenos?<\/strong><\/em><\/p>\n<p>No, nuestros productos son libres de parabenos.<\/p>\n<p><em><strong>\u00bfHacen pruebas en animales?<\/strong><\/em><\/p>\n<p>Definitivamente no. Nanogen est\u00e1 en contra de hacer pruebas en animales. Como parte de los estrictos requerimientos de la regulaci\u00f3n europea (2013), nosotros no probamos en animales y tampoco pedimos a otras compa\u00f1\u00edas que lo hagan en nuestro nombre. Esperamos que llegue un d\u00eda en el que las pruebas en animales sean prohibidas a nivel mundial.<\/p>\n<p><em><strong>\u00bfC\u00d3MO FUNCIONA?<\/strong><\/em><br \/>\nNanogen\u2019s Thickening Hair Treatment Shampoo for Women da resultados impresionantes desde el primer uso, pero su f\u00f3rmula es suficientemente ligera para usarse de forma diaria en tu rutina de cabello. El cabello se ve m\u00e1s brillante al instante y obtiene volumen de forma natural. Es perfecto para eliminar nuestras Keratin Hair Fibres y rompe las cargas electrost\u00e1ticas y pol\u00edmeros de nuestro fijador de fibras.<\/p>\n<p>&nbsp;<\/p>\n","protected":false},"excerpt":{"rendered":"<p>Dale m\u00e1s volumen a tu cabello con el shampoo para darle grosor. Limpia tu cabello suavemente mientras crea un efecto de mayor cuerpo en tu cabello desde la primera lavada. Formulado con aloe y manzanilla, este shampoo calmante ayuda a [&hellip;]<\/p>\n","protected":false},"featured_media":34584,"comment_status":"open","ping_status":"closed","template":"","meta":[],"product_brand":[449],"product_cat":[209,92,320,590],"product_tag":[361],"class_list":{"0":"post-34453","1":"product","2":"type-product","3":"status-publish","4":"has-post-thumbnail","6":"product_brand-nanogen","7":"product_cat-cuidado-capilar","8":"product_cat-marcas","9":"product_cat-nanogen","10":"product_cat-semana-santa","11":"product_tag-nanogen","13":"first","14":"instock","15":"shipping-taxable","16":"purchasable","17":"product-type-simple"},"aioseo_notices":[],"_links":{"self":[{"href":"https:\/\/iselamendez.mx\/farmacia\/wp-json\/wp\/v2\/product\/34453","targetHints":{"allow":["GET"]}}],"collection":[{"href":"https:\/\/iselamendez.mx\/farmacia\/wp-json\/wp\/v2\/product"}],"about":[{"href":"https:\/\/iselamendez.mx\/farmacia\/wp-json\/wp\/v2\/types\/product"}],"replies":[{"embeddable":true,"href":"https:\/\/iselamendez.mx\/farmacia\/wp-json\/wp\/v2\/comments?post=34453"}],"wp:featuredmedia":[{"embeddable":true,"href":"https:\/\/iselamendez.mx\/farmacia\/wp-json\/wp\/v2\/media\/34584"}],"wp:attachment":[{"href":"https:\/\/iselamendez.mx\/farmacia\/wp-json\/wp\/v2\/media?parent=34453"}],"wp:term":[{"taxonomy":"product_brand","embeddable":true,"href":"https:\/\/iselamendez.mx\/farmacia\/wp-json\/wp\/v2\/product_brand?post=34453"},{"taxonomy":"product_cat","embeddable":true,"href":"https:\/\/iselamendez.mx\/farmacia\/wp-json\/wp\/v2\/product_cat?post=34453"},{"taxonomy":"product_tag","embeddable":true,"href":"https:\/\/iselamendez.mx\/farmacia\/wp-json\/wp\/v2\/product_tag?post=34453"}],"curies":[{"name":"wp","href":"https:\/\/api.w.org\/{rel}","templated":true}]}}