{"id":37925,"date":"2024-05-28T14:09:05","date_gmt":"2024-05-28T20:09:05","guid":{"rendered":"https:\/\/iselamendez.mx\/farmacia\/?post_type=product&#038;p=37925"},"modified":"2026-04-21T23:05:43","modified_gmt":"2026-04-22T05:05:43","slug":"facekini-isela-mendez-negro-unitalla","status":"publish","type":"product","link":"https:\/\/iselamendez.mx\/farmacia\/tienda\/marcas\/isela-mendez\/facekini-isela-mendez-negro-unitalla\/","title":{"rendered":"Isela M\u00e9ndez Facekini Negro Unitalla"},"content":{"rendered":"<p>M\u00e1scara de protecci\u00f3n solar de cara completa de 3 agujeros, m\u00e1scara de cara fina tipo balaclava para mujeres<\/p>\n","protected":false},"excerpt":{"rendered":"<p>M\u00e1scara de protecci\u00f3n solar de cara completa de 3 agujeros, m\u00e1scara de cara fina tipo balaclava para mujeres<\/p>\n","protected":false},"featured_media":37909,"comment_status":"open","ping_status":"closed","template":"","meta":[],"product_brand":[438],"product_cat":[276,190,83,79,590],"product_tag":[],"class_list":{"0":"post-37925","1":"product","2":"type-product","3":"status-publish","4":"has-post-thumbnail","6":"product_brand-isela-mendez","7":"product_cat-accesorios","8":"product_cat-isela-mendez","9":"product_cat-protector-solar","10":"product_cat-rostro","11":"product_cat-semana-santa","13":"first","14":"outofstock","15":"shipping-taxable","16":"purchasable","17":"product-type-simple"},"aioseo_notices":[],"_links":{"self":[{"href":"https:\/\/iselamendez.mx\/farmacia\/wp-json\/wp\/v2\/product\/37925","targetHints":{"allow":["GET"]}}],"collection":[{"href":"https:\/\/iselamendez.mx\/farmacia\/wp-json\/wp\/v2\/product"}],"about":[{"href":"https:\/\/iselamendez.mx\/farmacia\/wp-json\/wp\/v2\/types\/product"}],"replies":[{"embeddable":true,"href":"https:\/\/iselamendez.mx\/farmacia\/wp-json\/wp\/v2\/comments?post=37925"}],"wp:featuredmedia":[{"embeddable":true,"href":"https:\/\/iselamendez.mx\/farmacia\/wp-json\/wp\/v2\/media\/37909"}],"wp:attachment":[{"href":"https:\/\/iselamendez.mx\/farmacia\/wp-json\/wp\/v2\/media?parent=37925"}],"wp:term":[{"taxonomy":"product_brand","embeddable":true,"href":"https:\/\/iselamendez.mx\/farmacia\/wp-json\/wp\/v2\/product_brand?post=37925"},{"taxonomy":"product_cat","embeddable":true,"href":"https:\/\/iselamendez.mx\/farmacia\/wp-json\/wp\/v2\/product_cat?post=37925"},{"taxonomy":"product_tag","embeddable":true,"href":"https:\/\/iselamendez.mx\/farmacia\/wp-json\/wp\/v2\/product_tag?post=37925"}],"curies":[{"name":"wp","href":"https:\/\/api.w.org\/{rel}","templated":true}]}}