{"id":43042,"date":"2024-10-23T14:54:01","date_gmt":"2024-10-23T20:54:01","guid":{"rendered":"https:\/\/iselamendez.mx\/farmacia\/?post_type=product&#038;p=43042"},"modified":"2026-04-21T23:05:51","modified_gmt":"2026-04-22T05:05:51","slug":"filorga-ncef-revitalize-crema-50ml","status":"publish","type":"product","link":"https:\/\/iselamendez.mx\/farmacia\/tienda\/funcion\/tratamiento\/anti-edad\/filorga-ncef-revitalize-crema-50ml\/","title":{"rendered":"Filorga NCEF Revitalize Crema 50ml"},"content":{"rendered":"<h2><strong>Filorga NCEF-REVITALIZE Crema 50ml<\/strong><\/h2>\n<h4><em><strong>\u00a1 PRESENTACION ESPECIAL DE PROMOCION !<\/strong><\/em><br \/>\n<em><strong>HASTA AGOTAR EXISTENCIAS<\/strong><\/em><\/h4>\n<h4><strong>Crema Anti edad Poli Revitalizante Reafirmante<\/strong><\/h4>\n<p>Un tratamiento anti edad concentrado en NCEF para una acci\u00f3n revitalizante y una disminuci\u00f3n de los signos de la edad (Arrugas &#8211; Firmeza &#8211; Luminosidad)<\/p>\n<h4>Una formula concentrada en NCEF, complejo poli revitalizante \u00fanico inspirado en los procedimientos anti edad, para una acci\u00f3n revitalizante<\/h4>\n<h4>Con 5 trip\u00e9ptidos que act\u00faan de manera simult\u00e1nea para un efecto alisador y reafirmante<\/h4>\n<h4>Resultado: la piel esta m\u00e1s lisa, firme y luminosa<\/h4>\n<h4>Textura untuosa y acabado sedoso<\/h4>\n<h4>Utilizaci\u00f3n: aplicar por la ma\u00f1ana y la noche, despu\u00e9s del serum, sobre todo el rostro, el cuello y el escote<\/h4>\n","protected":false},"excerpt":{"rendered":"<p>Filorga NCEF-REVITALIZE Crema 50ml \u00a1 PRESENTACION ESPECIAL DE PROMOCION ! HASTA AGOTAR EXISTENCIAS Crema Anti edad Poli Revitalizante Reafirmante Un tratamiento anti edad concentrado en NCEF para una acci\u00f3n revitalizante y una disminuci\u00f3n de los signos de la edad (Arrugas [&hellip;]<\/p>\n","protected":false},"featured_media":43061,"comment_status":"open","ping_status":"closed","template":"","meta":[],"product_brand":[423],"product_cat":[152,161,49,486,200,79],"product_tag":[346],"class_list":{"0":"post-43042","1":"product","2":"type-product","3":"status-publish","4":"has-post-thumbnail","6":"product_brand-filorga","7":"product_cat-anti-edad","8":"product_cat-crema-facial-tipo-de-producto","9":"product_cat-filorga","10":"product_cat-promociones-2026","11":"product_cat-reafirmante","12":"product_cat-rostro","13":"product_tag-filorga","15":"first","16":"instock","17":"shipping-taxable","18":"purchasable","19":"product-type-simple"},"aioseo_notices":[],"_links":{"self":[{"href":"https:\/\/iselamendez.mx\/farmacia\/wp-json\/wp\/v2\/product\/43042","targetHints":{"allow":["GET"]}}],"collection":[{"href":"https:\/\/iselamendez.mx\/farmacia\/wp-json\/wp\/v2\/product"}],"about":[{"href":"https:\/\/iselamendez.mx\/farmacia\/wp-json\/wp\/v2\/types\/product"}],"replies":[{"embeddable":true,"href":"https:\/\/iselamendez.mx\/farmacia\/wp-json\/wp\/v2\/comments?post=43042"}],"wp:featuredmedia":[{"embeddable":true,"href":"https:\/\/iselamendez.mx\/farmacia\/wp-json\/wp\/v2\/media\/43061"}],"wp:attachment":[{"href":"https:\/\/iselamendez.mx\/farmacia\/wp-json\/wp\/v2\/media?parent=43042"}],"wp:term":[{"taxonomy":"product_brand","embeddable":true,"href":"https:\/\/iselamendez.mx\/farmacia\/wp-json\/wp\/v2\/product_brand?post=43042"},{"taxonomy":"product_cat","embeddable":true,"href":"https:\/\/iselamendez.mx\/farmacia\/wp-json\/wp\/v2\/product_cat?post=43042"},{"taxonomy":"product_tag","embeddable":true,"href":"https:\/\/iselamendez.mx\/farmacia\/wp-json\/wp\/v2\/product_tag?post=43042"}],"curies":[{"name":"wp","href":"https:\/\/api.w.org\/{rel}","templated":true}]}}