{"id":43865,"date":"2024-11-11T18:45:39","date_gmt":"2024-11-12T00:45:39","guid":{"rendered":"https:\/\/iselamendez.mx\/farmacia\/?post_type=product&#038;p=43865"},"modified":"2026-04-11T16:21:30","modified_gmt":"2026-04-11T22:21:30","slug":"medik8-total-moisture-daily-facial-cream-50ml","status":"publish","type":"product","link":"https:\/\/iselamendez.mx\/farmacia\/tienda\/funcion\/tratamiento\/hidratacion\/medik8-total-moisture-daily-facial-cream-50ml\/","title":{"rendered":"Medik8 Total Moisture Daily Facial Cream 50ml"},"content":{"rendered":"<div class=\"product-block\"><b>Hidrataci\u00f3n Profunda para una piel radiante<\/b><\/div>\n<div><\/div>\n<div class=\"product-block\">\n<div class=\"rte\">\n<p>La crema hidratante facial\u00a0<strong>Total Moisture Daily Facial Cream<\/strong>\u00a0de\u00a0<a href=\"https:\/\/purenichelab.com\/collections\/medik8\"><strong>Medik8<\/strong><\/a>\u00a0es tu aliada para una piel hidratada y saludable. Dise\u00f1ada por expertos, esta f\u00f3rmula multiacci\u00f3n combina tecnolog\u00eda avanzada con ingredientes clave para brindarte resultados cl\u00ednicamente probados. Aqu\u00ed est\u00e1 todo lo que necesitas saber:<\/p>\n<p>1.\u00a0<strong>Hidrataci\u00f3n Profunda<\/strong>: Esta crema humectante facial infunde hidrataci\u00f3n en las capas m\u00e1s profundas de la piel. Su f\u00f3rmula ligera pero intensamente hidratante es perfecta para usar tanto de d\u00eda como de noche.<\/p>\n<p>2.\u00a0<strong>Apoyo Esencial<\/strong>: Adem\u00e1s de hidratar, la crema facial hidratante proporciona un apoyo esencial a la barrera cut\u00e1nea y al microbioma. Esto mejora la salud general de la piel y la deja equilibrada y visiblemente flexible.<\/p>\n<p>3.\u00a0<strong>Reducci\u00f3n de Poros<\/strong>: La f\u00f3rmula no comedog\u00e9nica de Total Moisture Daily Facial Cream ha demostrado reducir el aspecto de los poros existentes mientras hidrata profundamente.<\/p>\n<p><strong>Ingredientes Clave y Tecnolog\u00eda<\/strong>:<\/p>\n<p>&#8211;\u00a0<strong>P\u00e9ptido Prebi\u00f3tico<\/strong>: Ayuda a mantener un equilibrio saludable en el microbioma de la piel.<br \/>\n&#8211;\u00a0<strong>\u00c1cido Hialur\u00f3nico de M\u00faltiple Peso<\/strong>: Hidrata en profundidad y retiene la humedad.<br \/>\n&#8211;\u00a0<strong>Ceramidas y L\u00edpidos<\/strong>: Refuerzan la barrera cut\u00e1nea y mantienen la piel suave y flexible.<\/p>\n<p>\u00a1Consigue una piel luminosa y bien hidratada con la crema hidratante facial Total Moisture Daily Facial Cream de Medik8! \ud83c\udf1f<\/p>\n<\/div>\n<div><\/div>\n<h4 class=\"rte\">C\u00f3mo aplicar Total Moisture Daily Facial Cream<\/h4>\n<div class=\"rte\">\n<div id=\"Product-content-tab9044839596369\" class=\"collapsible-content collapsible-content--all is-open\">\n<div class=\"collapsible-content__inner rte\">\n<p><span class=\"metafield-multi_line_text_field\">Despu\u00e9s de la limpieza de la piel aplicar en el rostro, cuello y escote con movimiento ascendientes. Por la ma\u00f1ana seguir con la aplicaci\u00f3n de tu protector solar.<\/span><\/p>\n<p>NOTA:<br \/>\nEl frasco de vidrio exterior, la olla interior y la tapa son ampliamente reciclables. La olla interior y la tapa contienen un 30% de contenido reciclado. Puedes ahorrar casi 1 kg de envases al a\u00f1o si compras un bote de repuesto en lugar del tarro completo.*<\/p>\n<p>*basado en 6 recargas<\/p>\n<p><strong>Cuando:<\/strong>\u00a0Ma\u00f1ana y\/o noche<\/p>\n<p><strong>Donde:<\/strong>\u00a0Rostro, cuello y escote<\/p>\n<p>&nbsp;<\/p>\n<\/div>\n<\/div>\n<h4>Beneficios del Total Moisture Daily Facial Cream<\/h4>\n<p>&nbsp;<\/p>\n<p><span class=\"metafield-multi_line_text_field\">Repulpa y Suaviza: Proporciona resultados instant\u00e1neos de suavidad y repulpamiento1.<\/span><\/p>\n<p>Hidrataci\u00f3n Duradera: Ofrece hasta 100 horas de hidrataci\u00f3n y un aumento instant\u00e1neo del 55% en la hidrataci\u00f3n de la piel2.<\/p>\n<p>Refuerzo de Barrera Cut\u00e1nea: Mejora la salud de la piel y refuerza la barrera cut\u00e1nea en un 30% en solo 1 hora2.<\/p>\n<p>Sensaci\u00f3n Reconfrotante: El 100% de los usuarios estuvo de acuerdo en que su piel se sent\u00eda menos seca y tirante1.<\/p>\n<\/div>\n<\/div>\n","protected":false},"excerpt":{"rendered":"<p>Hidrataci\u00f3n Profunda para una piel radiante La crema hidratante facial\u00a0Total Moisture Daily Facial Cream\u00a0de\u00a0Medik8\u00a0es tu aliada para una piel hidratada y saludable. Dise\u00f1ada por expertos, esta f\u00f3rmula multiacci\u00f3n combina tecnolog\u00eda avanzada con ingredientes clave para brindarte resultados cl\u00ednicamente probados. Aqu\u00ed [&hellip;]<\/p>\n","protected":false},"featured_media":43937,"comment_status":"open","ping_status":"closed","template":"","meta":[],"product_brand":[381],"product_cat":[161,210,157,299,486,79,590],"product_tag":[360],"class_list":{"0":"post-43865","1":"product","2":"type-product","3":"status-publish","4":"has-post-thumbnail","6":"product_brand-medik8","7":"product_cat-crema-facial-tipo-de-producto","8":"product_cat-hidratante","9":"product_cat-hidratacion","10":"product_cat-medik8","11":"product_cat-promociones-2026","12":"product_cat-rostro","13":"product_cat-semana-santa","14":"product_tag-medik8","16":"first","17":"instock","18":"shipping-taxable","19":"purchasable","20":"product-type-simple"},"aioseo_notices":[],"_links":{"self":[{"href":"https:\/\/iselamendez.mx\/farmacia\/wp-json\/wp\/v2\/product\/43865","targetHints":{"allow":["GET"]}}],"collection":[{"href":"https:\/\/iselamendez.mx\/farmacia\/wp-json\/wp\/v2\/product"}],"about":[{"href":"https:\/\/iselamendez.mx\/farmacia\/wp-json\/wp\/v2\/types\/product"}],"replies":[{"embeddable":true,"href":"https:\/\/iselamendez.mx\/farmacia\/wp-json\/wp\/v2\/comments?post=43865"}],"wp:featuredmedia":[{"embeddable":true,"href":"https:\/\/iselamendez.mx\/farmacia\/wp-json\/wp\/v2\/media\/43937"}],"wp:attachment":[{"href":"https:\/\/iselamendez.mx\/farmacia\/wp-json\/wp\/v2\/media?parent=43865"}],"wp:term":[{"taxonomy":"product_brand","embeddable":true,"href":"https:\/\/iselamendez.mx\/farmacia\/wp-json\/wp\/v2\/product_brand?post=43865"},{"taxonomy":"product_cat","embeddable":true,"href":"https:\/\/iselamendez.mx\/farmacia\/wp-json\/wp\/v2\/product_cat?post=43865"},{"taxonomy":"product_tag","embeddable":true,"href":"https:\/\/iselamendez.mx\/farmacia\/wp-json\/wp\/v2\/product_tag?post=43865"}],"curies":[{"name":"wp","href":"https:\/\/api.w.org\/{rel}","templated":true}]}}