{"id":44906,"date":"2024-11-25T14:59:10","date_gmt":"2024-11-25T20:59:10","guid":{"rendered":"https:\/\/iselamendez.mx\/farmacia\/?post_type=product&#038;p=44906"},"modified":"2026-04-15T10:42:11","modified_gmt":"2026-04-15T16:42:11","slug":"lazartigue-clear-paso-2-shampoo-250ml","status":"publish","type":"product","link":"https:\/\/iselamendez.mx\/farmacia\/tienda\/funcion\/tratamiento\/anti-caspa\/lazartigue-clear-paso-2-shampoo-250ml\/","title":{"rendered":"Lazartigue Clear Paso 2 Shampoo 250ml"},"content":{"rendered":"<h1><strong>Lazartigue Clear Paso 2 250ml<\/strong><\/h1>\n<p><strong>Descripcion<\/strong><\/p>\n<p>Tras un m\u00ednimo de 15 d\u00edas de uso, este shampoo antirrepetici\u00f3n elimina la caspa persistente y evita su reaparici\u00f3n. Elaborado con un 96% de ingredientes naturales, su f\u00f3rmula, cl\u00ednicamente probada, act\u00faa de forma espec\u00edfica para mantener el equilibrio de la microbiota del cuero cabelludo y reducir las molestias. El producto ayuda a prevenir la reaparici\u00f3n de la caspa. El shampoo elimina las impurezas sin da\u00f1ar el cuero cabelludo y deja una agradable sensaci\u00f3n de frescor. El picor y el enrojecimiento se reducen.<\/p>\n<p>&nbsp;<\/p>\n<p><strong>Elimina la caspa persistente &#8211; Acci\u00f3n antirrecurrente &#8211; Preserva el equilibrio de la microbiota &#8211; Alivia el picor<\/strong><\/p>\n<p>Su textura de gel sensorial sumerge el cabello en un ba\u00f1o de frescor mentolado con un fondo amaderado de s\u00e1ndalo.<\/p>\n<p><strong>Sin sulfatos &#8211; Sin silicona &#8211; F\u00f3rmula biodegradable &#8211; Vegano<\/strong><\/p>\n<p>Lazartigue ofrece un d\u00fao de champ\u00fas para combatir la caspa de forma eficaz y duradera. Utilizado como relevo para prolongar la acci\u00f3n del Champ\u00fa de Tratamiento Intensivo Clear, este champ\u00fa normalizador antirrecurrencia limita la reaparici\u00f3n de la caspa seca o grasa manteniendo el equilibrio de la microbiota del cuero cabelludo.<\/p>\n<p><strong>Eficacia probada :<\/strong><\/p>\n<p><strong>85%*\u00a0<\/strong>El producto previene de forma duradera la reaparici\u00f3n de nueva caspa\u00a0\u00a0<strong>95%*<\/strong>\u00a0D\u00eda tras d\u00eda, la caspa es menos visible\u00a0<strong>90%*<\/strong>\u00a0El producto reduce la irritaci\u00f3n y el enrojecimiento<\/p>\n<p><em>*Autoevaluaci\u00f3n en 21 voluntarios, aplicaci\u00f3n 3 veces por semana durante 6 semanas, % de satisfacci\u00f3n<\/em><\/p>\n<p><strong>-35%**<\/strong>\u00a0de la caspa\u00a0<strong>-52%**<\/strong>\u00a0de prurito<\/p>\n<p><em>**Comparaci\u00f3n cl\u00ednica en 21 voluntarios, aplicaci\u00f3n 3 veces por semana durante 6 semanas, % de variaci\u00f3n<\/em><\/p>\n<p><strong>FORTALEZAS<\/strong><\/p>\n<ul>\n<li>F\u00f3rmula compuesta por un 96% de ingredientes naturales y biodegradables<\/li>\n<li>Sin sulfatos, sin silicona, vegano<\/li>\n<li>Recomendamos utilizar el champ\u00fa Clear Intensive Treatment durante al menos 2 semanas para eliminar inmediatamente la caspa y, a continuaci\u00f3n, utilizar el champ\u00fa Clear Normalizing durante 6 semanas para prevenir la reaparici\u00f3n de la caspa.<\/li>\n<\/ul>\n<p><strong>Para una tolerancia \u00f3ptima y unos resultados duraderos, la gama de champ\u00fas Clear est\u00e1 formulada a base de una limpieza suave y sin sulfatos para respetar al m\u00e1ximo el equilibrio del cuero cabelludo.\u00a0<\/strong><\/p>\n","protected":false},"excerpt":{"rendered":"<p>Lazartigue Clear Paso 2 250ml Descripcion Tras un m\u00ednimo de 15 d\u00edas de uso, este shampoo antirrepetici\u00f3n elimina la caspa persistente y evita su reaparici\u00f3n. Elaborado con un 96% de ingredientes naturales, su f\u00f3rmula, cl\u00ednicamente probada, act\u00faa de forma espec\u00edfica [&hellip;]<\/p>\n","protected":false},"featured_media":45251,"comment_status":"open","ping_status":"closed","template":"","meta":[],"product_brand":[391],"product_cat":[174,112,196,486,68],"product_tag":[358],"class_list":{"0":"post-44906","1":"product","2":"type-product","3":"status-publish","4":"has-post-thumbnail","6":"product_brand-lazartigue","7":"product_cat-anti-caspa","8":"product_cat-cabeza","9":"product_cat-lazartigue","10":"product_cat-promociones-2026","11":"product_cat-shampoo","12":"product_tag-lazartigue","14":"first","15":"outofstock","16":"shipping-taxable","17":"purchasable","18":"product-type-simple"},"aioseo_notices":[],"_links":{"self":[{"href":"https:\/\/iselamendez.mx\/farmacia\/wp-json\/wp\/v2\/product\/44906","targetHints":{"allow":["GET"]}}],"collection":[{"href":"https:\/\/iselamendez.mx\/farmacia\/wp-json\/wp\/v2\/product"}],"about":[{"href":"https:\/\/iselamendez.mx\/farmacia\/wp-json\/wp\/v2\/types\/product"}],"replies":[{"embeddable":true,"href":"https:\/\/iselamendez.mx\/farmacia\/wp-json\/wp\/v2\/comments?post=44906"}],"wp:featuredmedia":[{"embeddable":true,"href":"https:\/\/iselamendez.mx\/farmacia\/wp-json\/wp\/v2\/media\/45251"}],"wp:attachment":[{"href":"https:\/\/iselamendez.mx\/farmacia\/wp-json\/wp\/v2\/media?parent=44906"}],"wp:term":[{"taxonomy":"product_brand","embeddable":true,"href":"https:\/\/iselamendez.mx\/farmacia\/wp-json\/wp\/v2\/product_brand?post=44906"},{"taxonomy":"product_cat","embeddable":true,"href":"https:\/\/iselamendez.mx\/farmacia\/wp-json\/wp\/v2\/product_cat?post=44906"},{"taxonomy":"product_tag","embeddable":true,"href":"https:\/\/iselamendez.mx\/farmacia\/wp-json\/wp\/v2\/product_tag?post=44906"}],"curies":[{"name":"wp","href":"https:\/\/api.w.org\/{rel}","templated":true}]}}