{"id":45941,"date":"2024-12-28T10:48:28","date_gmt":"2024-12-28T16:48:28","guid":{"rendered":"https:\/\/iselamendez.mx\/farmacia\/?post_type=product&#038;p=45941"},"modified":"2026-04-21T23:05:55","modified_gmt":"2026-04-22T05:05:55","slug":"svr-sensifine-masque-sos-75ml","status":"publish","type":"product","link":"https:\/\/iselamendez.mx\/farmacia\/tienda\/funcion\/tratamiento\/piel-sensible\/svr-sensifine-masque-sos-75ml\/","title":{"rendered":"SVR Sensifine Masque SOS 75ml"},"content":{"rendered":"<h2>SVR Sensifine Masque SOS 75ml<\/h2>\n<p>SENSIFINE Mascarilla SOS calma la piel con lesiones gracias a su f\u00f3rmula minimalista y sin perfume, concentrada en vitamina B12 y aceite de Babassu. En tan s\u00f3lo 10 minutos, esta mascarilla sin aclarado calma e hidrata la piel irritada. Apta para todo tipo de pieles, incluso las m\u00e1s sensibles y al\u00e9rgicas, no esperes m\u00e1s y reg\u00e1late una pausa de bienestar con la mascarilla SENSIFINE SOS.<\/p>\n<p>&nbsp;<\/p>\n<h5 class=\"font-medium text-[32px] lg:text-[36px] mb-4\">RESULTADOS<\/h5>\n<h5 class=\"text-h5 mb-2\">PIEL INMEDIATAMENTE CALMADA Y CONFORTABLE<\/h5>\n<p class=\"lg:text-[18px] text-big\">.\u2022 100\u00a0% de reducci\u00f3n de los signos de incomodidad, la piel est\u00e1 hidratada, flexible y suave<sup>1<\/sup>.<\/p>\n<p class=\"lg:text-[18px] text-big\">\u2022 88\u00a0% de la piel se calma de forma extrema y duradera<sup>1<\/sup>.<\/p>\n<p class=\"lg:text-[18px] text-big\">\u2022 83\u00a0% de las pieles se calman tras una sola aplicaci\u00f3n<sup>1<\/sup>.<\/p>\n<h5 class=\"text-h5 mb-2\">QUE NOS ENCANTA UTILIZAR<\/h5>\n<p class=\"lg:text-[18px] text-big\">.\u2022 100\u00a0% la mascarilla es f\u00e1cil de usar y no deja la piel pegajosa.<sup>1<\/sup><\/p>\n<p class=\"lg:text-[18px] text-big\">\u2022 92\u00a0% su textura cremosa es agradable y proporciona un efecto de frescor inmediato\u00a0<sup>1<\/sup>.<\/p>\n<div class=\"divider before:h-[1px] after:h-[1px] my-[8px]\"><\/div>\n<p class=\"lg:text-[18px] text-big\">\n<p class=\"lg:text-[18px] text-big\">\n","protected":false},"excerpt":{"rendered":"<p>SVR Sensifine Masque SOS 75ml SENSIFINE Mascarilla SOS calma la piel con lesiones gracias a su f\u00f3rmula minimalista y sin perfume, concentrada en vitamina B12 y aceite de Babassu. En tan s\u00f3lo 10 minutos, esta mascarilla sin aclarado calma e [&hellip;]<\/p>\n","protected":false},"featured_media":46584,"comment_status":"open","ping_status":"closed","template":"","meta":[],"product_brand":[474],"product_cat":[167,213,113,486,79,32],"product_tag":[368],"class_list":{"0":"post-45941","1":"product","2":"type-product","3":"status-publish","4":"has-post-thumbnail","6":"product_brand-svr","7":"product_cat-mascarilla-facial-tipo-de-producto","8":"product_cat-piel-rojeces","9":"product_cat-piel-sensible","10":"product_cat-promociones-2026","11":"product_cat-rostro","12":"product_cat-svr","13":"product_tag-svr","15":"first","16":"instock","17":"shipping-taxable","18":"purchasable","19":"product-type-simple"},"aioseo_notices":[],"_links":{"self":[{"href":"https:\/\/iselamendez.mx\/farmacia\/wp-json\/wp\/v2\/product\/45941","targetHints":{"allow":["GET"]}}],"collection":[{"href":"https:\/\/iselamendez.mx\/farmacia\/wp-json\/wp\/v2\/product"}],"about":[{"href":"https:\/\/iselamendez.mx\/farmacia\/wp-json\/wp\/v2\/types\/product"}],"replies":[{"embeddable":true,"href":"https:\/\/iselamendez.mx\/farmacia\/wp-json\/wp\/v2\/comments?post=45941"}],"wp:featuredmedia":[{"embeddable":true,"href":"https:\/\/iselamendez.mx\/farmacia\/wp-json\/wp\/v2\/media\/46584"}],"wp:attachment":[{"href":"https:\/\/iselamendez.mx\/farmacia\/wp-json\/wp\/v2\/media?parent=45941"}],"wp:term":[{"taxonomy":"product_brand","embeddable":true,"href":"https:\/\/iselamendez.mx\/farmacia\/wp-json\/wp\/v2\/product_brand?post=45941"},{"taxonomy":"product_cat","embeddable":true,"href":"https:\/\/iselamendez.mx\/farmacia\/wp-json\/wp\/v2\/product_cat?post=45941"},{"taxonomy":"product_tag","embeddable":true,"href":"https:\/\/iselamendez.mx\/farmacia\/wp-json\/wp\/v2\/product_tag?post=45941"}],"curies":[{"name":"wp","href":"https:\/\/api.w.org\/{rel}","templated":true}]}}