{"id":47433,"date":"2025-01-08T18:16:20","date_gmt":"2025-01-09T00:16:20","guid":{"rendered":"https:\/\/iselamendez.mx\/farmacia\/?post_type=product&#038;p=47433"},"modified":"2026-04-15T10:42:17","modified_gmt":"2026-04-15T16:42:17","slug":"lazartigue-clear-paso-1-shampoo-250ml","status":"publish","type":"product","link":"https:\/\/iselamendez.mx\/farmacia\/tienda\/funcion\/tratamiento\/anti-caspa\/lazartigue-clear-paso-1-shampoo-250ml\/","title":{"rendered":"Lazartigue Clear Paso 1 Shampoo 250ml"},"content":{"rendered":"<h1><strong>Lazartigue Clear Paso 1 Shampoo 250ml<\/strong><\/h1>\n<h3 class=\"product__section-title\">Descripci\u00f3n<\/h3>\n<div class=\"product__section-content\">\n<p>Este champ\u00fa de tratamiento elimina inmediatamente la caspa y limpia el cuero cabelludo gracias a una combinaci\u00f3n de ingredientes eficaces. Compuesta por un 95% de ingredientes naturales, su f\u00f3rmula, cl\u00ednicamente probada, act\u00faa de forma espec\u00edfica para reequilibrar la microbiota del cuero cabelludo, reducir las molestias y regular la secreci\u00f3n de sebo. Desde la primera aplicaci\u00f3n, se elimina la caspa y se calman las irritaciones. El champ\u00fa elimina las impurezas sin da\u00f1ar el cuero cabelludo y proporciona una agradable sensaci\u00f3n de frescor. Adecuado para la caspa seca y grasa.<\/p>\n<p><strong>Elimina inmediatamente la caspa &#8211; Reequilibra la microbiota del cuero cabelludo &#8211; Alivia los picores<\/strong><\/p>\n<p>Su textura de gel sensorial sumerge el cabello en un ba\u00f1o de frescor mentolado con un fondo amaderado de s\u00e1ndalo.<\/p>\n<p><strong>Vegano &#8211; Sin silicona &#8211; Sin sulfatos &#8211; F\u00f3rmula biodegradable<\/strong><\/p>\n<\/div>\n<p>Lazartigue ofrece un d\u00fao de champ\u00fas para combatir la caspa de forma eficaz y duradera. Utilizado en la fase de ataque, el champ\u00fa Clear Treatment elimina inmediatamente todo tipo de caspa, tanto seca como grasa, a la vez que reequilibra la microbiota del cuero cabelludo.<\/p>\n<p><strong>Eficacia probada :<\/strong><\/p>\n<p>El\u00a0<strong>72%<\/strong>* de la caspa se elimina inmediatamente<\/p>\n<p><strong>95%*<\/strong>\u00a0El producto elimina las impurezas sin da\u00f1ar el cuero cabelludo<\/p>\n<p><strong>86%*<\/strong>\u00a0El producto alivia instant\u00e1neamente el cuero cabelludo<\/p>\n<p><em>*Autoevaluaci\u00f3n en 22 voluntarios, aplicaci\u00f3n 3 veces por semana durante 2 semanas, % de satisfacci\u00f3n<\/em><\/p>\n<p><strong>-36%<\/strong>** de la caspa<\/p>\n<p><strong>-47%*<\/strong>* de sebo<\/p>\n<p><strong>-60%<\/strong>** de prurito<\/p>\n<p><em>**Comparaci\u00f3n cl\u00ednica en 22 voluntarios, aplicaci\u00f3n 3 veces por semana durante 2 semanas, % de variaci\u00f3n<\/em><\/p>\n<p><strong>FORTALEZAS<\/strong><\/p>\n<p>F\u00f3rmula compuesta por un 95% de ingredientes de origen natural y biodegradable<br \/>\nSin sulfatos, sin silicona, vegano<br \/>\nRecomendamos utilizar el champ\u00fa de tratamiento Clear durante un m\u00ednimo de 2 semanas para eliminar inmediatamente la caspa y, a continuaci\u00f3n, utilizar el champ\u00fa normalizador Clear durante 6 semanas para prevenir la reaparici\u00f3n de la caspa<br \/>\nPara una tolerancia \u00f3ptima y unos resultados duraderos, la gama de champ\u00fas Clear est\u00e1 formulada a base de una limpieza suave y sin sulfatos para respetar al m\u00e1ximo el equilibrio del cuero cabelludo.<\/p>\n","protected":false},"excerpt":{"rendered":"<p>Lazartigue Clear Paso 1 Shampoo 250ml Descripci\u00f3n Este champ\u00fa de tratamiento elimina inmediatamente la caspa y limpia el cuero cabelludo gracias a una combinaci\u00f3n de ingredientes eficaces. Compuesta por un 95% de ingredientes naturales, su f\u00f3rmula, cl\u00ednicamente probada, act\u00faa de [&hellip;]<\/p>\n","protected":false},"featured_media":47473,"comment_status":"open","ping_status":"closed","template":"","meta":[],"product_brand":[391],"product_cat":[174,112,209,196,486,590,68],"product_tag":[],"class_list":{"0":"post-47433","1":"product","2":"type-product","3":"status-publish","4":"has-post-thumbnail","6":"product_brand-lazartigue","7":"product_cat-anti-caspa","8":"product_cat-cabeza","9":"product_cat-cuidado-capilar","10":"product_cat-lazartigue","11":"product_cat-promociones-2026","12":"product_cat-semana-santa","13":"product_cat-shampoo","15":"first","16":"outofstock","17":"shipping-taxable","18":"purchasable","19":"product-type-simple"},"aioseo_notices":[],"_links":{"self":[{"href":"https:\/\/iselamendez.mx\/farmacia\/wp-json\/wp\/v2\/product\/47433","targetHints":{"allow":["GET"]}}],"collection":[{"href":"https:\/\/iselamendez.mx\/farmacia\/wp-json\/wp\/v2\/product"}],"about":[{"href":"https:\/\/iselamendez.mx\/farmacia\/wp-json\/wp\/v2\/types\/product"}],"replies":[{"embeddable":true,"href":"https:\/\/iselamendez.mx\/farmacia\/wp-json\/wp\/v2\/comments?post=47433"}],"wp:featuredmedia":[{"embeddable":true,"href":"https:\/\/iselamendez.mx\/farmacia\/wp-json\/wp\/v2\/media\/47473"}],"wp:attachment":[{"href":"https:\/\/iselamendez.mx\/farmacia\/wp-json\/wp\/v2\/media?parent=47433"}],"wp:term":[{"taxonomy":"product_brand","embeddable":true,"href":"https:\/\/iselamendez.mx\/farmacia\/wp-json\/wp\/v2\/product_brand?post=47433"},{"taxonomy":"product_cat","embeddable":true,"href":"https:\/\/iselamendez.mx\/farmacia\/wp-json\/wp\/v2\/product_cat?post=47433"},{"taxonomy":"product_tag","embeddable":true,"href":"https:\/\/iselamendez.mx\/farmacia\/wp-json\/wp\/v2\/product_tag?post=47433"}],"curies":[{"name":"wp","href":"https:\/\/api.w.org\/{rel}","templated":true}]}}