{"id":47855,"date":"2025-01-16T12:00:24","date_gmt":"2025-01-16T18:00:24","guid":{"rendered":"https:\/\/iselamendez.mx\/farmacia\/?post_type=product&#038;p=47855"},"modified":"2026-04-22T23:58:44","modified_gmt":"2026-04-23T05:58:44","slug":"ducray-kelual-ds-gel-limpiador-200ml","status":"publish","type":"product","link":"https:\/\/iselamendez.mx\/farmacia\/tienda\/funcion\/limpieza\/limpieza-y-mas\/ducray-kelual-ds-gel-limpiador-200ml\/","title":{"rendered":"Ducray Kelual DS Gel Limpiador 200ml"},"content":{"rendered":"<h1 class=\"p-info__title\">Ducray Kelual DS Gel Limpiador 200ml<\/h1>\n<h3 class=\"p-info__title\">Gel limpiador antiescamas<\/h3>\n<p class=\"p-info__ap\">Limpia &#8211; Purifica &#8211; Reduce las rojeces &#8211; Calma el picor * &#8211; Reduce el enrojecimiento &#8211; Elimina las escamas &#8211; Alivia el picor*<\/p>\n<p class=\"p-info__description\">El cuidado suave y regulador para el cuidado de la piel, desarrollado espec\u00edficamente para pieles irritadas con rojeces y escamas (peque\u00f1os parches de piel que se desprenden).<\/p>\n<div id=\"accordion\" class=\"myaccordion\">\n<div class=\"myaccordion__item\">\n<div id=\"headingOne\" class=\"myaccordion__header\">\n<div class=\"block-content\">\n<p>\u2022 La sinergia de activos patentada* CICLOPIROXOLAMINA y PIROCTONA OLAMINA ayuda a regular el exceso de Malassezia responsable de rojeces, descamaciones y sensaci\u00f3n de picor, as\u00ed como de manchas de pigmentaci\u00f3n como la pitiriasis versicolor<br \/>\n\u2022 El gel limpiador antiescamas KELUAL DS purifica, reduce la caspa y las rojeces y calma sensaci\u00f3n de picor.<br \/>\n\u2022 Este producto tambi\u00e9n es ideal para reducir el enrojecimiento, la descamaci\u00f3n, la sensaci\u00f3n de picor y las manchas de pigmentaci\u00f3n de la piel con tendencia a la pitiriasis versicolor<\/p>\n<\/div>\n<div class=\"block-content has-heading\">\n<div class=\"block-content-heading\">\n<h3 id=\"\" class=\"\">Ventaja<\/h3>\n<\/div>\n<p>Gracias a una exclusiva combinaci\u00f3n patentada de activos, el gel limpiador antiescamas KELUAL DS elimina eficazmente las escamas, las rojeces y los sensaci\u00f3n de picor.<\/p>\n<div class=\"block-content-heading\">\n<h3 id=\"\" class=\"\">Beneficios<\/h3>\n<\/div>\n<p>\u2022 REDUCE la descamaci\u00f3n y el enrojecimiento<br \/>\n\u2022 PURIFICA la piel<br \/>\n\u2022 ALIVIA la sensaci\u00f3n de picor desde la primera aplicaci\u00f3n para una piel m\u00e1s c\u00f3moda y menos irritada<\/p>\n<h6 id=\"target\" class=\"style-1\">Puede utilizarse paraAdolescentes &#8211; Adultos<\/h6>\n<h6 class=\"style-1\">Adecuado paraCuerpo &#8211; rostro<\/h6>\n<h6 class=\"style-1\">Tipo de pielPiel irritada<\/h6>\n<h6 class=\"style-1\">NecesidadesAntiirritaci\u00f3n &#8211; Anti rojez &#8211; Anti-escamas &#8211; Antiirritaciones &#8211; Anti-rascado<\/h6>\n<\/div>\n<\/div>\n<\/div>\n<\/div>\n","protected":false},"excerpt":{"rendered":"<p>Ducray Kelual DS Gel Limpiador 200ml Gel limpiador antiescamas Limpia &#8211; Purifica &#8211; Reduce las rojeces &#8211; Calma el picor * &#8211; Reduce el enrojecimiento &#8211; Elimina las escamas &#8211; Alivia el picor* El cuidado suave y regulador para el [&hellip;]<\/p>\n","protected":false},"featured_media":48066,"comment_status":"open","ping_status":"closed","template":"","meta":[],"product_brand":[413],"product_cat":[80,301,87,291,77,213,272,79],"product_tag":[],"class_list":{"0":"post-47855","1":"product","2":"type-product","3":"status-publish","4":"has-post-thumbnail","6":"product_brand-ducray","7":"product_cat-cuerpo","8":"product_cat-ducray","9":"product_cat-gel","10":"product_cat-limpieza-facial","11":"product_cat-limpieza-y-mas","12":"product_cat-piel-rojeces","13":"product_cat-piel-seca","14":"product_cat-rostro","16":"first","17":"instock","18":"shipping-taxable","19":"purchasable","20":"product-type-simple"},"aioseo_notices":[],"_links":{"self":[{"href":"https:\/\/iselamendez.mx\/farmacia\/wp-json\/wp\/v2\/product\/47855","targetHints":{"allow":["GET"]}}],"collection":[{"href":"https:\/\/iselamendez.mx\/farmacia\/wp-json\/wp\/v2\/product"}],"about":[{"href":"https:\/\/iselamendez.mx\/farmacia\/wp-json\/wp\/v2\/types\/product"}],"replies":[{"embeddable":true,"href":"https:\/\/iselamendez.mx\/farmacia\/wp-json\/wp\/v2\/comments?post=47855"}],"wp:featuredmedia":[{"embeddable":true,"href":"https:\/\/iselamendez.mx\/farmacia\/wp-json\/wp\/v2\/media\/48066"}],"wp:attachment":[{"href":"https:\/\/iselamendez.mx\/farmacia\/wp-json\/wp\/v2\/media?parent=47855"}],"wp:term":[{"taxonomy":"product_brand","embeddable":true,"href":"https:\/\/iselamendez.mx\/farmacia\/wp-json\/wp\/v2\/product_brand?post=47855"},{"taxonomy":"product_cat","embeddable":true,"href":"https:\/\/iselamendez.mx\/farmacia\/wp-json\/wp\/v2\/product_cat?post=47855"},{"taxonomy":"product_tag","embeddable":true,"href":"https:\/\/iselamendez.mx\/farmacia\/wp-json\/wp\/v2\/product_tag?post=47855"}],"curies":[{"name":"wp","href":"https:\/\/api.w.org\/{rel}","templated":true}]}}