{"id":47860,"date":"2025-01-16T12:10:14","date_gmt":"2025-01-16T18:10:14","guid":{"rendered":"https:\/\/iselamendez.mx\/farmacia\/?post_type=product&#038;p=47860"},"modified":"2026-04-15T10:42:19","modified_gmt":"2026-04-15T16:42:19","slug":"ducray-kelual-ds-crema-40ml","status":"publish","type":"product","link":"https:\/\/iselamendez.mx\/farmacia\/tienda\/funcion\/tratamiento\/hidratacion\/ducray-kelual-ds-crema-40ml\/","title":{"rendered":"Ducray Kelual DS Crema 40ml"},"content":{"rendered":"<h1 class=\"p-info__title\"><span class=\"p-info__gamme\">KELUAL DS\u00a0<\/span>Crema calmante<\/h1>\n<p class=\"p-info__ap\">Calma &#8211; Hidrata &#8211; Reduce el enrojecimiento &#8211; Elimina las escamas<\/p>\n<p class=\"p-info__description\">Gel-crema calmante desarrollado espec\u00edficamente para pieles irritadas, con rojeces y escamas (peque\u00f1as placas de piel que se desprenden).<\/p>\n<div id=\"accordion\" class=\"myaccordion\">\n<div class=\"myaccordion__item\">\n<div id=\"headingOne\" class=\"myaccordion__header\">\n<div class=\"myaccordion__btn d-flex align-items-center justify-content-between \">Una sola aplicaci\u00f3n al d\u00eda, sinergia de ingredientes activos patentada* CPO\/PO (*patente pendiente)<\/div>\n<\/div>\n<\/div>\n<div class=\"myaccordion__item\">\n<div id=\"headingTwo\" class=\"myaccordion__header\">\n<div class=\"myaccordion__btn d-flex align-items-center justify-content-between \">Probada bajo control dermatol\u00f3gico, textura ligera<\/div>\n<\/div>\n<div>\n<div class=\"block-content-heading\">\n<h3 id=\"\" class=\"\">Ventaja<\/h3>\n<\/div>\n<p>Con una asociaci\u00f3n exclusiva de activos patentada, la crema calmante KELUAL DS reduce eficazmente las escamas, el enrojecimiento y la comez\u00f3n con solo 1 aplicaci\u00f3n al d\u00eda.<\/p>\n<div class=\"block-content-heading\">\n<h3 id=\"\" class=\"\">Beneficios<\/h3>\n<\/div>\n<p>Una eficacia significativa en todos los s\u00edntomas a partir de los 7 d\u00edas, con 1 sola apliaci\u00f3n al d\u00eda *<br \/>\n-40% de descamaci\u00f3n desde la primera aplicaci\u00f3n<br \/>\n-Eficacia y prevenci\u00f3n de reca\u00eddas a las 6 SEMANAS<br \/>\nPiel aliviada 96,2%<br \/>\nPiel menos irritada 88,5%<br \/>\nPiel confortable 92,3%<br \/>\n*Estudio cl\u00ednico con 57 sujetos que presentan dermatitis seborreica leve a moderada en el rostro, adultos\/adolescentes. Puntuaci\u00f3n cl\u00ednica evaluada por el investigador para eritema y descamaci\u00f3n (escala de 0 a 4). Evaluaci\u00f3n por parte del sujeto para el picor. Disminuci\u00f3n significativa de todos los s\u00edntomas a partir de los 7 d\u00edas<\/p>\n<\/div>\n<\/div>\n<\/div>\n","protected":false},"excerpt":{"rendered":"<p>KELUAL DS\u00a0Crema calmante Calma &#8211; Hidrata &#8211; Reduce el enrojecimiento &#8211; Elimina las escamas Gel-crema calmante desarrollado espec\u00edficamente para pieles irritadas, con rojeces y escamas (peque\u00f1as placas de piel que se desprenden). Una sola aplicaci\u00f3n al d\u00eda, sinergia de ingredientes [&hellip;]<\/p>\n","protected":false},"featured_media":48050,"comment_status":"open","ping_status":"closed","template":"","meta":[],"product_brand":[413],"product_cat":[161,301,206,210,157,519,340,213,272,113,79,590],"product_tag":[],"class_list":{"0":"post-47860","1":"product","2":"type-product","3":"status-publish","4":"has-post-thumbnail","6":"product_brand-ducray","7":"product_cat-crema-facial-tipo-de-producto","8":"product_cat-ducray","9":"product_cat-gel-crema","10":"product_cat-hidratante","11":"product_cat-hidratacion","12":"product_cat-invierno","13":"product_cat-piel-alergica","14":"product_cat-piel-rojeces","15":"product_cat-piel-seca","16":"product_cat-piel-sensible","17":"product_cat-rostro","18":"product_cat-semana-santa","20":"first","21":"instock","22":"shipping-taxable","23":"purchasable","24":"product-type-simple"},"aioseo_notices":[],"_links":{"self":[{"href":"https:\/\/iselamendez.mx\/farmacia\/wp-json\/wp\/v2\/product\/47860","targetHints":{"allow":["GET"]}}],"collection":[{"href":"https:\/\/iselamendez.mx\/farmacia\/wp-json\/wp\/v2\/product"}],"about":[{"href":"https:\/\/iselamendez.mx\/farmacia\/wp-json\/wp\/v2\/types\/product"}],"replies":[{"embeddable":true,"href":"https:\/\/iselamendez.mx\/farmacia\/wp-json\/wp\/v2\/comments?post=47860"}],"wp:featuredmedia":[{"embeddable":true,"href":"https:\/\/iselamendez.mx\/farmacia\/wp-json\/wp\/v2\/media\/48050"}],"wp:attachment":[{"href":"https:\/\/iselamendez.mx\/farmacia\/wp-json\/wp\/v2\/media?parent=47860"}],"wp:term":[{"taxonomy":"product_brand","embeddable":true,"href":"https:\/\/iselamendez.mx\/farmacia\/wp-json\/wp\/v2\/product_brand?post=47860"},{"taxonomy":"product_cat","embeddable":true,"href":"https:\/\/iselamendez.mx\/farmacia\/wp-json\/wp\/v2\/product_cat?post=47860"},{"taxonomy":"product_tag","embeddable":true,"href":"https:\/\/iselamendez.mx\/farmacia\/wp-json\/wp\/v2\/product_tag?post=47860"}],"curies":[{"name":"wp","href":"https:\/\/api.w.org\/{rel}","templated":true}]}}