{"id":47867,"date":"2025-01-16T12:55:00","date_gmt":"2025-01-16T18:55:00","guid":{"rendered":"https:\/\/iselamendez.mx\/farmacia\/?post_type=product&#038;p=47867"},"modified":"2026-04-01T03:23:27","modified_gmt":"2026-04-01T09:23:27","slug":"is-clinical-eye-complex-15g","status":"publish","type":"product","link":"https:\/\/iselamendez.mx\/farmacia\/tienda\/funcion\/tratamiento\/ojeras\/is-clinical-eye-complex-15g\/","title":{"rendered":"iS Clinical Eye Complex 15g"},"content":{"rendered":"<h2><strong>iS Clinical Eye Complex 15g<\/strong><\/h2>\n<p>&nbsp;<\/p>\n<p>Una poderosa pero suave f\u00f3rmula bot\u00e1nica, EYE COMPLEX combina ingredientes exfoliantes suaves y abrillantadores de la piel para reducir r\u00e1pidamente la apariencia de la hinchaz\u00f3n debajo de los ojos, mientras que proporciona hidrataci\u00f3n y una potente protecci\u00f3n antioxidante.<\/p>\n<p>Los beneficios a largo plazo incluyen la reducci\u00f3n visible de las l\u00edneas finas y las arrugas, y el aclaramiento de las ojeras.<\/p>\n<p><strong>Ingredientes principales:\u00a0<\/strong>Vitamina C (ascorbato de tetrahexildecilo),<br \/>\nExtractos \u00e1cidos de frutas mixtas,\u00a0Jugo de hoja de aloe barbadensis<\/p>\n","protected":false},"excerpt":{"rendered":"<p>iS Clinical Eye Complex 15g &nbsp; Una poderosa pero suave f\u00f3rmula bot\u00e1nica, EYE COMPLEX combina ingredientes exfoliantes suaves y abrillantadores de la piel para reducir r\u00e1pidamente la apariencia de la hinchaz\u00f3n debajo de los ojos, mientras que proporciona hidrataci\u00f3n y [&hellip;]<\/p>\n","protected":false},"featured_media":48081,"comment_status":"open","ping_status":"closed","template":"","meta":[],"product_brand":[435],"product_cat":[203,73,162,159,210,519,138,590],"product_tag":[],"class_list":{"0":"post-47867","1":"product","2":"type-product","3":"status-publish","4":"has-post-thumbnail","6":"product_brand-is-clinical","7":"product_cat-antioxidante","8":"product_cat-contorno-de-ojos","9":"product_cat-crema-contorno-de-ojos-tipo-de-producto","10":"product_cat-ojeras","11":"product_cat-hidratante","12":"product_cat-invierno","13":"product_cat-is-clinical","14":"product_cat-semana-santa","16":"first","17":"instock","18":"shipping-taxable","19":"purchasable","20":"product-type-simple"},"aioseo_notices":[],"_links":{"self":[{"href":"https:\/\/iselamendez.mx\/farmacia\/wp-json\/wp\/v2\/product\/47867","targetHints":{"allow":["GET"]}}],"collection":[{"href":"https:\/\/iselamendez.mx\/farmacia\/wp-json\/wp\/v2\/product"}],"about":[{"href":"https:\/\/iselamendez.mx\/farmacia\/wp-json\/wp\/v2\/types\/product"}],"replies":[{"embeddable":true,"href":"https:\/\/iselamendez.mx\/farmacia\/wp-json\/wp\/v2\/comments?post=47867"}],"wp:featuredmedia":[{"embeddable":true,"href":"https:\/\/iselamendez.mx\/farmacia\/wp-json\/wp\/v2\/media\/48081"}],"wp:attachment":[{"href":"https:\/\/iselamendez.mx\/farmacia\/wp-json\/wp\/v2\/media?parent=47867"}],"wp:term":[{"taxonomy":"product_brand","embeddable":true,"href":"https:\/\/iselamendez.mx\/farmacia\/wp-json\/wp\/v2\/product_brand?post=47867"},{"taxonomy":"product_cat","embeddable":true,"href":"https:\/\/iselamendez.mx\/farmacia\/wp-json\/wp\/v2\/product_cat?post=47867"},{"taxonomy":"product_tag","embeddable":true,"href":"https:\/\/iselamendez.mx\/farmacia\/wp-json\/wp\/v2\/product_tag?post=47867"}],"curies":[{"name":"wp","href":"https:\/\/api.w.org\/{rel}","templated":true}]}}