{"id":47868,"date":"2025-01-16T12:58:37","date_gmt":"2025-01-16T18:58:37","guid":{"rendered":"https:\/\/iselamendez.mx\/farmacia\/?post_type=product&#038;p=47868"},"modified":"2026-04-21T23:05:57","modified_gmt":"2026-04-22T05:05:57","slug":"is-clinical-hydra-cool-serum-15ml","status":"publish","type":"product","link":"https:\/\/iselamendez.mx\/farmacia\/tienda\/funcion\/tratamiento\/anti-edad\/is-clinical-hydra-cool-serum-15ml\/","title":{"rendered":"iS Clinical Hydra-Cool Serum 15ml"},"content":{"rendered":"<h2><strong>iS Clinical Hydra-Cool Serum 15ml<\/strong><\/h2>\n<p>&nbsp;<\/p>\n<p>HYDRA-COOL SERUM est\u00e1 formulado para rejuvenecer, hidratar y aliviar visiblemente la piel. Este suero refrescante, poderoso y penetrante combina antioxidantes superiores con bot\u00e1nicos y bio-nutrientes esenciales.<\/p>\n<p>El HYDRA-COOL SERUM est\u00e1 dise\u00f1ado para todos los tipos de piel y para todas las edades, y es lo suficientemente suave incluso para la piel m\u00e1s sensible.<\/p>\n<p><strong>Ingredientes principales:\u00a0<\/strong>Vitamina B5, Extracto de Hongos, \u00c1cido Hialur\u00f3nico, Centella Asi\u00e1tica<\/p>\n","protected":false},"excerpt":{"rendered":"<p>iS Clinical Hydra-Cool Serum 15ml &nbsp; HYDRA-COOL SERUM est\u00e1 formulado para rejuvenecer, hidratar y aliviar visiblemente la piel. Este suero refrescante, poderoso y penetrante combina antioxidantes superiores con bot\u00e1nicos y bio-nutrientes esenciales. El HYDRA-COOL SERUM est\u00e1 dise\u00f1ado para todos los [&hellip;]<\/p>\n","protected":false},"featured_media":48076,"comment_status":"open","ping_status":"closed","template":"","meta":[],"product_brand":[435],"product_cat":[152,203,210,519,138,79,590,69],"product_tag":[],"class_list":{"0":"post-47868","1":"product","2":"type-product","3":"status-publish","4":"has-post-thumbnail","6":"product_brand-is-clinical","7":"product_cat-anti-edad","8":"product_cat-antioxidante","9":"product_cat-hidratante","10":"product_cat-invierno","11":"product_cat-is-clinical","12":"product_cat-rostro","13":"product_cat-semana-santa","14":"product_cat-suero","16":"first","17":"outofstock","18":"shipping-taxable","19":"purchasable","20":"product-type-simple"},"aioseo_notices":[],"_links":{"self":[{"href":"https:\/\/iselamendez.mx\/farmacia\/wp-json\/wp\/v2\/product\/47868","targetHints":{"allow":["GET"]}}],"collection":[{"href":"https:\/\/iselamendez.mx\/farmacia\/wp-json\/wp\/v2\/product"}],"about":[{"href":"https:\/\/iselamendez.mx\/farmacia\/wp-json\/wp\/v2\/types\/product"}],"replies":[{"embeddable":true,"href":"https:\/\/iselamendez.mx\/farmacia\/wp-json\/wp\/v2\/comments?post=47868"}],"wp:featuredmedia":[{"embeddable":true,"href":"https:\/\/iselamendez.mx\/farmacia\/wp-json\/wp\/v2\/media\/48076"}],"wp:attachment":[{"href":"https:\/\/iselamendez.mx\/farmacia\/wp-json\/wp\/v2\/media?parent=47868"}],"wp:term":[{"taxonomy":"product_brand","embeddable":true,"href":"https:\/\/iselamendez.mx\/farmacia\/wp-json\/wp\/v2\/product_brand?post=47868"},{"taxonomy":"product_cat","embeddable":true,"href":"https:\/\/iselamendez.mx\/farmacia\/wp-json\/wp\/v2\/product_cat?post=47868"},{"taxonomy":"product_tag","embeddable":true,"href":"https:\/\/iselamendez.mx\/farmacia\/wp-json\/wp\/v2\/product_tag?post=47868"}],"curies":[{"name":"wp","href":"https:\/\/api.w.org\/{rel}","templated":true}]}}