{"id":47869,"date":"2025-01-16T13:00:53","date_gmt":"2025-01-16T19:00:53","guid":{"rendered":"https:\/\/iselamendez.mx\/farmacia\/?post_type=product&#038;p=47869"},"modified":"2026-04-21T23:05:58","modified_gmt":"2026-04-22T05:05:58","slug":"is-clinical-poly-vitamin-serum-15ml","status":"publish","type":"product","link":"https:\/\/iselamendez.mx\/farmacia\/tienda\/funcion\/tratamiento\/anti-edad\/is-clinical-poly-vitamin-serum-15ml\/","title":{"rendered":"iS Clinical Poly-Vitamin Serum 15ml"},"content":{"rendered":"<h2><strong>iS Clinical Poly-Vitamin Serum 15ml<\/strong><\/h2>\n<p>&nbsp;<\/p>\n<p><span data-sheets-userformat=\"{&quot;2&quot;:12925,&quot;3&quot;:{&quot;1&quot;:0},&quot;5&quot;:{&quot;1&quot;:[{&quot;1&quot;:2,&quot;2&quot;:0,&quot;5&quot;:{&quot;1&quot;:2,&quot;2&quot;:0}},{&quot;1&quot;:0,&quot;2&quot;:0,&quot;3&quot;:3},{&quot;1&quot;:1,&quot;2&quot;:0,&quot;4&quot;:1}]},&quot;6&quot;:{&quot;1&quot;:[{&quot;1&quot;:2,&quot;2&quot;:0,&quot;5&quot;:{&quot;1&quot;:2,&quot;2&quot;:0}},{&quot;1&quot;:0,&quot;2&quot;:0,&quot;3&quot;:3},{&quot;1&quot;:1,&quot;2&quot;:0,&quot;4&quot;:1}]},&quot;7&quot;:{&quot;1&quot;:[{&quot;1&quot;:2,&quot;2&quot;:0,&quot;5&quot;:{&quot;1&quot;:2,&quot;2&quot;:0}},{&quot;1&quot;:0,&quot;2&quot;:0,&quot;3&quot;:3},{&quot;1&quot;:1,&quot;2&quot;:0,&quot;4&quot;:1}]},&quot;8&quot;:{&quot;1&quot;:[{&quot;1&quot;:2,&quot;2&quot;:0,&quot;5&quot;:{&quot;1&quot;:2,&quot;2&quot;:0}},{&quot;1&quot;:0,&quot;2&quot;:0,&quot;3&quot;:3},{&quot;1&quot;:1,&quot;2&quot;:0,&quot;4&quot;:1}]},&quot;9&quot;:0,&quot;12&quot;:0,&quot;15&quot;:&quot;Arial, sans-serif&quot;,&quot;16&quot;:6}\" data-sheets-value=\"{&quot;1&quot;:2,&quot;2&quot;:&quot;POLY-VITAMIN SERUMes una f\u00f3rmula intensiva y revitalizante para todo tipo de piel. Esta f\u00f3rmula asegura la entrega de una poderosa combinaci\u00f3n\\rde vitaminas esenciales, bionutrientes y antioxidantes que desaf\u00edan la edad. Esta combinaci\u00f3n hidrata profundamente, generando mejoras\\rsignificativas en la apariencia de la textura, el tono y la integridad general de la piel.&quot;}\">POLY-VITAMIN SERUMes una f\u00f3rmula intensiva y revitalizante para todo tipo de piel. Esta f\u00f3rmula asegura la entrega de una poderosa combinaci\u00f3n de vitaminas esenciales, bionutrientes y antioxidantes que desaf\u00edan la edad. Esta combinaci\u00f3n hidrata profundamente, generando mejoras significativas en la apariencia de la textura, el tono y la integridad general de la piel.<\/span><\/p>\n<p><strong>Ingredientes principales:\u00a0<\/strong>Vitaminas B3 y B5,\u00a0extracto de ca\u00f1a de az\u00facar , retinol (vitamina A) y \u00e1cido hialur\u00f3nico.<\/p>\n","protected":false},"excerpt":{"rendered":"<p>iS Clinical Poly-Vitamin Serum 15ml &nbsp; POLY-VITAMIN SERUMes una f\u00f3rmula intensiva y revitalizante para todo tipo de piel. Esta f\u00f3rmula asegura la entrega de una poderosa combinaci\u00f3n de vitaminas esenciales, bionutrientes y antioxidantes que desaf\u00edan la edad. Esta combinaci\u00f3n hidrata [&hellip;]<\/p>\n","protected":false},"featured_media":48070,"comment_status":"open","ping_status":"closed","template":"","meta":[],"product_brand":[435],"product_cat":[152,203,210,519,138,79,590,69],"product_tag":[],"class_list":{"0":"post-47869","1":"product","2":"type-product","3":"status-publish","4":"has-post-thumbnail","6":"product_brand-is-clinical","7":"product_cat-anti-edad","8":"product_cat-antioxidante","9":"product_cat-hidratante","10":"product_cat-invierno","11":"product_cat-is-clinical","12":"product_cat-rostro","13":"product_cat-semana-santa","14":"product_cat-suero","16":"first","17":"outofstock","18":"shipping-taxable","19":"purchasable","20":"product-type-simple"},"aioseo_notices":[],"_links":{"self":[{"href":"https:\/\/iselamendez.mx\/farmacia\/wp-json\/wp\/v2\/product\/47869","targetHints":{"allow":["GET"]}}],"collection":[{"href":"https:\/\/iselamendez.mx\/farmacia\/wp-json\/wp\/v2\/product"}],"about":[{"href":"https:\/\/iselamendez.mx\/farmacia\/wp-json\/wp\/v2\/types\/product"}],"replies":[{"embeddable":true,"href":"https:\/\/iselamendez.mx\/farmacia\/wp-json\/wp\/v2\/comments?post=47869"}],"wp:featuredmedia":[{"embeddable":true,"href":"https:\/\/iselamendez.mx\/farmacia\/wp-json\/wp\/v2\/media\/48070"}],"wp:attachment":[{"href":"https:\/\/iselamendez.mx\/farmacia\/wp-json\/wp\/v2\/media?parent=47869"}],"wp:term":[{"taxonomy":"product_brand","embeddable":true,"href":"https:\/\/iselamendez.mx\/farmacia\/wp-json\/wp\/v2\/product_brand?post=47869"},{"taxonomy":"product_cat","embeddable":true,"href":"https:\/\/iselamendez.mx\/farmacia\/wp-json\/wp\/v2\/product_cat?post=47869"},{"taxonomy":"product_tag","embeddable":true,"href":"https:\/\/iselamendez.mx\/farmacia\/wp-json\/wp\/v2\/product_tag?post=47869"}],"curies":[{"name":"wp","href":"https:\/\/api.w.org\/{rel}","templated":true}]}}