{"id":48018,"date":"2025-01-20T11:41:11","date_gmt":"2025-01-20T17:41:11","guid":{"rendered":"https:\/\/iselamendez.mx\/farmacia\/?post_type=product&#038;p=48018"},"modified":"2026-04-21T23:05:58","modified_gmt":"2026-04-22T05:05:58","slug":"is-clinical-youth-intensive-creme-50g","status":"publish","type":"product","link":"https:\/\/iselamendez.mx\/farmacia\/tienda\/funcion\/tratamiento\/anti-edad\/is-clinical-youth-intensive-creme-50g\/","title":{"rendered":"iS Clinical Youth Intensive Creme 50g"},"content":{"rendered":"<h2><strong>iS Clinical Youth Intensive Creme 50g<\/strong><\/h2>\n<p>&nbsp;<\/p>\n<p>YOUTH INTENSIVE CR\u00c8ME es una extraordinaria, rica y lujosa f\u00f3rmula anti-edad, que ayuda a reducir la aparici\u00f3n de l\u00edneas finas y arrugas, ya que proporciona una potente hidrataci\u00f3n. Esta crema transformadora combina cient\u00edficamente los m\u00e1s puros y efectivos humectantes, antioxidantes, \u00e1cidos superficiales y factor de crecimiento derivados de la bot\u00e1nica. Cl\u00ednicamente probada, YOUTH INTENSIVE CR\u00c8ME suaviza la piel, revelando una tez m\u00e1s firme y m\u00e1s radiante y joven.<\/p>\n<p><strong>Ingredientes principales:\u00a0<\/strong>Vitamina C (ascorbato de tetrahexildecilo), super\u00f3xido dismutasa (SOD), \u00e1cido hialur\u00f3nico, factor de crecimiento de trip\u00e9ptidos de cobre.<\/p>\n","protected":false},"excerpt":{"rendered":"<p>iS Clinical Youth Intensive Creme 50g &nbsp; YOUTH INTENSIVE CR\u00c8ME es una extraordinaria, rica y lujosa f\u00f3rmula anti-edad, que ayuda a reducir la aparici\u00f3n de l\u00edneas finas y arrugas, ya que proporciona una potente hidrataci\u00f3n. Esta crema transformadora combina cient\u00edficamente [&hellip;]<\/p>\n","protected":false},"featured_media":48249,"comment_status":"open","ping_status":"closed","template":"","meta":[],"product_brand":[435],"product_cat":[152,203,161,210,519,138,79,590],"product_tag":[],"class_list":{"0":"post-48018","1":"product","2":"type-product","3":"status-publish","4":"has-post-thumbnail","6":"product_brand-is-clinical","7":"product_cat-anti-edad","8":"product_cat-antioxidante","9":"product_cat-crema-facial-tipo-de-producto","10":"product_cat-hidratante","11":"product_cat-invierno","12":"product_cat-is-clinical","13":"product_cat-rostro","14":"product_cat-semana-santa","16":"first","17":"outofstock","18":"shipping-taxable","19":"purchasable","20":"product-type-simple"},"aioseo_notices":[],"_links":{"self":[{"href":"https:\/\/iselamendez.mx\/farmacia\/wp-json\/wp\/v2\/product\/48018","targetHints":{"allow":["GET"]}}],"collection":[{"href":"https:\/\/iselamendez.mx\/farmacia\/wp-json\/wp\/v2\/product"}],"about":[{"href":"https:\/\/iselamendez.mx\/farmacia\/wp-json\/wp\/v2\/types\/product"}],"replies":[{"embeddable":true,"href":"https:\/\/iselamendez.mx\/farmacia\/wp-json\/wp\/v2\/comments?post=48018"}],"wp:featuredmedia":[{"embeddable":true,"href":"https:\/\/iselamendez.mx\/farmacia\/wp-json\/wp\/v2\/media\/48249"}],"wp:attachment":[{"href":"https:\/\/iselamendez.mx\/farmacia\/wp-json\/wp\/v2\/media?parent=48018"}],"wp:term":[{"taxonomy":"product_brand","embeddable":true,"href":"https:\/\/iselamendez.mx\/farmacia\/wp-json\/wp\/v2\/product_brand?post=48018"},{"taxonomy":"product_cat","embeddable":true,"href":"https:\/\/iselamendez.mx\/farmacia\/wp-json\/wp\/v2\/product_cat?post=48018"},{"taxonomy":"product_tag","embeddable":true,"href":"https:\/\/iselamendez.mx\/farmacia\/wp-json\/wp\/v2\/product_tag?post=48018"}],"curies":[{"name":"wp","href":"https:\/\/api.w.org\/{rel}","templated":true}]}}