{"id":49172,"date":"2025-02-13T12:05:05","date_gmt":"2025-02-13T18:05:05","guid":{"rendered":"https:\/\/iselamendez.mx\/farmacia\/?post_type=product&#038;p=49172"},"modified":"2026-04-15T10:42:20","modified_gmt":"2026-04-15T16:42:20","slug":"sensilis-skin-rescue-barrier-crema-50ml","status":"publish","type":"product","link":"https:\/\/iselamendez.mx\/farmacia\/tienda\/funcion\/tratamiento\/hidratacion\/sensilis-skin-rescue-barrier-crema-50ml\/","title":{"rendered":"Sensilis Skin Rescue Barrier Crema 50ml"},"content":{"rendered":"<h2><strong>Sensilis Skin Rescue [Barrier] Crema 50ml<br \/>\n<\/strong><\/h2>\n<h4 class=\"order-1 px-2 text-xs font-medium md:px-0 md:text-sm md:leading-[21px]\"><strong>Crema de d\u00eda, Crema de noche<\/strong><\/h4>\n<p>La l\u00edinea SKIN RESCUE est\u00e1 formulada para restaurar la funci\u00f3n barrera de la piel sensible como primer gesto y para recuperar la piel incluso en procesos de retinizaci\u00f3n u otras situaciones que puedan precisar un efecto calmante inmediato.<\/p>\n<h4 class=\"order-1 px-2 text-xs font-medium md:px-0 md:text-sm md:leading-[21px]\"><strong><br \/>\n\u00bfPOR QU\u00c9 TE ENCANTAR\u00c1 SKIN RESCUE [BARRIER]? Por su efecto inmediato calmante, su acci\u00f3n reparadora e hidratante y por su textura y perfume ligero y fresco<br \/>\n<\/strong><\/h4>\n<div class=\"order-2 flex justify-between px-2 md:px-0\">Crema ligera que repara visible e intensamente la funci\u00f3n barrera de la piel. Altamente hidratante, calma y reduce las rojeces de la piel.<\/div>\n<div class=\"prose order-12 mb-4 mt-10 px-2 text-sm font-light text-black marker:text-black md:px-0\">Es ideal para personas que necesitan recuperarse despu\u00e9s de un procedimiento m\u00e9dico cosm\u00e9tico, retinizaci\u00f3n u otras situaciones que requieren restaurar la funci\u00f3n de barrera de la piel. Tambi\u00e9n es adecuado para pieles con rojeces o propensas a la ros\u00e1cea y\/o cuperosis.<\/div>\n<h4 class=\"font-light\"><strong>[Beneficios principales]<\/strong><\/h4>\n<div>\n<p>Restaura la funci\u00f3n barrera<\/p>\n<p>Hidrata<\/p>\n<p>Calma y reduce el enrojecimiento<\/p>\n<p>Acci\u00f3n antipoluci\u00f3n<\/p>\n<\/div>\n<h4><strong>\u00bfCOMO APLICAR <\/strong><strong>Sensilis Skin Rescue [Barrier]?<\/strong><\/h4>\n<p>Utilizar dia y noche<\/p>\n<p>Aplicar de medio rostro hasta el menton, de adentro hacia afuera con peque\u00f1os masajes.<\/p>\n<p>Ahora aplicar una peque\u00f1a cantidad sobre la frente y extenderlo de abajo hacia arriba<\/p>\n<p>Extender la crema por todo el cuello haciendo movimientos ascendentes<\/p>\n<p>&nbsp;<\/p>\n","protected":false},"excerpt":{"rendered":"<p>Sensilis Skin Rescue [Barrier] Crema 50ml Crema de d\u00eda, Crema de noche La l\u00edinea SKIN RESCUE est\u00e1 formulada para restaurar la funci\u00f3n barrera de la piel sensible como primer gesto y para recuperar la piel incluso en procesos de retinizaci\u00f3n [&hellip;]<\/p>\n","protected":false},"featured_media":49562,"comment_status":"open","ping_status":"closed","template":"","meta":[],"product_brand":[386],"product_cat":[161,210,157,519,213,113,486,79,590,305],"product_tag":[],"class_list":{"0":"post-49172","1":"product","2":"type-product","3":"status-publish","4":"has-post-thumbnail","6":"product_brand-sensilis","7":"product_cat-crema-facial-tipo-de-producto","8":"product_cat-hidratante","9":"product_cat-hidratacion","10":"product_cat-invierno","11":"product_cat-piel-rojeces","12":"product_cat-piel-sensible","13":"product_cat-promociones-2026","14":"product_cat-rostro","15":"product_cat-semana-santa","16":"product_cat-sensilis","18":"first","19":"instock","20":"shipping-taxable","21":"purchasable","22":"product-type-simple"},"aioseo_notices":[],"_links":{"self":[{"href":"https:\/\/iselamendez.mx\/farmacia\/wp-json\/wp\/v2\/product\/49172","targetHints":{"allow":["GET"]}}],"collection":[{"href":"https:\/\/iselamendez.mx\/farmacia\/wp-json\/wp\/v2\/product"}],"about":[{"href":"https:\/\/iselamendez.mx\/farmacia\/wp-json\/wp\/v2\/types\/product"}],"replies":[{"embeddable":true,"href":"https:\/\/iselamendez.mx\/farmacia\/wp-json\/wp\/v2\/comments?post=49172"}],"wp:featuredmedia":[{"embeddable":true,"href":"https:\/\/iselamendez.mx\/farmacia\/wp-json\/wp\/v2\/media\/49562"}],"wp:attachment":[{"href":"https:\/\/iselamendez.mx\/farmacia\/wp-json\/wp\/v2\/media?parent=49172"}],"wp:term":[{"taxonomy":"product_brand","embeddable":true,"href":"https:\/\/iselamendez.mx\/farmacia\/wp-json\/wp\/v2\/product_brand?post=49172"},{"taxonomy":"product_cat","embeddable":true,"href":"https:\/\/iselamendez.mx\/farmacia\/wp-json\/wp\/v2\/product_cat?post=49172"},{"taxonomy":"product_tag","embeddable":true,"href":"https:\/\/iselamendez.mx\/farmacia\/wp-json\/wp\/v2\/product_tag?post=49172"}],"curies":[{"name":"wp","href":"https:\/\/api.w.org\/{rel}","templated":true}]}}