{"id":49538,"date":"2025-02-19T11:58:33","date_gmt":"2025-02-19T17:58:33","guid":{"rendered":"https:\/\/iselamendez.mx\/farmacia\/?post_type=product&#038;p=49538"},"modified":"2026-04-21T23:05:58","modified_gmt":"2026-04-22T05:05:58","slug":"svr-ampoule-spf30-protect-30ml","status":"publish","type":"product","link":"https:\/\/iselamendez.mx\/farmacia\/tienda\/funcion\/tratamiento\/anti-edad\/svr-ampoule-spf30-protect-30ml\/","title":{"rendered":"SVR SPF30 Ampoule Protect 30ml"},"content":{"rendered":"<h3>SVR Ampoule SPF30 Protect 30ml<\/h3>\n<p>Es un serum concentrado desarrollado para proteger la piel de agresores medioambientales y los rayos UV al mismo tiempo que corrige los signos naturales de la piel y previene las arrugas prematuras causadas por el estr\u00e9s oxidativo. Su combinaci\u00f3n de activos antioxidantes proporcionan luminosidad y aten\u00faan manchas oscuras en el rostro.<\/p>\n<div class=\"mod-info-product__inner__description__buy show-tablet\">\n<div class=\"mod-info-product__inner__description__buy__info\">\n<h3>Para qu\u00e9 tipo de piel esta recomendada\u00a0<strong>Ampoule Protect SPF30 de SVR:<\/strong><\/h3>\n<ul>\n<li>Para\u00a0<strong>todo tipo de piel<\/strong>\u00a0como complemento a su rutina habitual.<\/li>\n<li>Indicado en\u00a0<strong>pieles maduras<\/strong>\u00a0para corregir los signos de la edad.<\/li>\n<li>Recomendado en\u00a0<strong>pieles apagadas\u00a0<\/strong>que necesiten aportar vitalidad al rostro.<\/li>\n<li>Ideal en\u00a0<strong>pieles urbanas<\/strong>\u00a0sometidas a la contaminaci\u00f3n y poluci\u00f3n diaria.<\/li>\n<\/ul>\n<h3>Que beneficios aporta\u00a0<strong>Ampoule Protect SPF30 de SVR:<\/strong><\/h3>\n<ul>\n<li>La\u00a0combinaci\u00f3n de activos\u00a0<strong>antiedad, antioxidantes y fotoprotectores\u00a0<\/strong>ofrecen\u00a0un completo tratamiento que protege y corrige signos de la edad.<\/li>\n<li>Su<strong>\u00a0concentrado antipolucci\u00f3n<\/strong>\u00a0protege la piel de la contaminaci\u00f3n y las\u00a0agresiones medioambientales diarias.<\/li>\n<li>Su combinaci\u00f3n de activos\u00a0antioxidantes ayuda a unificar el fondo de pigmentaci\u00f3n cut\u00e1neo al mismo tiempo que aporta<strong>\u00a0luminosidad\u00a0<\/strong>al rostro.<\/li>\n<li>Ayuda a\u00a0<strong>combatir el estr\u00e9s oxidativo<\/strong>\u00a0y por ende la aparici\u00f3n de arrugas prematuras y manchas oscuras en la piel.<\/li>\n<\/ul>\n<\/div>\n<\/div>\n","protected":false},"excerpt":{"rendered":"<p>SVR Ampoule SPF30 Protect 30ml Es un serum concentrado desarrollado para proteger la piel de agresores medioambientales y los rayos UV al mismo tiempo que corrige los signos naturales de la piel y previene las arrugas prematuras causadas por el [&hellip;]<\/p>\n","protected":false},"featured_media":49606,"comment_status":"open","ping_status":"closed","template":"","meta":[],"product_brand":[474],"product_cat":[152,203,519,486,83,79,590,69,32],"product_tag":[],"class_list":{"0":"post-49538","1":"product","2":"type-product","3":"status-publish","4":"has-post-thumbnail","6":"product_brand-svr","7":"product_cat-anti-edad","8":"product_cat-antioxidante","9":"product_cat-invierno","10":"product_cat-promociones-2026","11":"product_cat-protector-solar","12":"product_cat-rostro","13":"product_cat-semana-santa","14":"product_cat-suero","15":"product_cat-svr","17":"first","18":"instock","19":"shipping-taxable","20":"purchasable","21":"product-type-simple"},"aioseo_notices":[],"_links":{"self":[{"href":"https:\/\/iselamendez.mx\/farmacia\/wp-json\/wp\/v2\/product\/49538","targetHints":{"allow":["GET"]}}],"collection":[{"href":"https:\/\/iselamendez.mx\/farmacia\/wp-json\/wp\/v2\/product"}],"about":[{"href":"https:\/\/iselamendez.mx\/farmacia\/wp-json\/wp\/v2\/types\/product"}],"replies":[{"embeddable":true,"href":"https:\/\/iselamendez.mx\/farmacia\/wp-json\/wp\/v2\/comments?post=49538"}],"wp:featuredmedia":[{"embeddable":true,"href":"https:\/\/iselamendez.mx\/farmacia\/wp-json\/wp\/v2\/media\/49606"}],"wp:attachment":[{"href":"https:\/\/iselamendez.mx\/farmacia\/wp-json\/wp\/v2\/media?parent=49538"}],"wp:term":[{"taxonomy":"product_brand","embeddable":true,"href":"https:\/\/iselamendez.mx\/farmacia\/wp-json\/wp\/v2\/product_brand?post=49538"},{"taxonomy":"product_cat","embeddable":true,"href":"https:\/\/iselamendez.mx\/farmacia\/wp-json\/wp\/v2\/product_cat?post=49538"},{"taxonomy":"product_tag","embeddable":true,"href":"https:\/\/iselamendez.mx\/farmacia\/wp-json\/wp\/v2\/product_tag?post=49538"}],"curies":[{"name":"wp","href":"https:\/\/api.w.org\/{rel}","templated":true}]}}